



{"id":668,"date":"2019-04-02T22:20:13","date_gmt":"2019-04-02T20:20:13","guid":{"rendered":"https:\/\/www.masciarelli.it\/?page_id=668"},"modified":"2021-05-11T21:50:06","modified_gmt":"2021-05-11T19:50:06","slug":"gianni-masciarelli","status":"publish","type":"page","link":"http:\/\/www.masciarelli.it\/de\/vini\/gianni-masciarelli\/","title":{"rendered":"Gianni Masciarelli"},"content":{"rendered":"<div id=\"discover\"  data-midnight=\"dark\"  data-bg-mobile-hidden=\"\" class=\"wpb_row vc_row-fluid vc_row top-level full-width-section  vc_row-o-equal-height vc_row-flex  vc_row-o-content-bottom standard_section\"  style=\"padding-top: 0px; padding-bottom: 0px; \"><div class=\"row-bg-wrap\" data-bg-animation=\"none\"><div class=\"inner-wrap\"><div class=\"row-bg  using-bg-color\"  style=\"background-color: #ffffff; \"><\/div><\/div><div class=\"row-bg-overlay\" ><\/div><\/div><div class=\"col span_12 dark left\">\n\t<div  class=\"vc_col-sm-5 order-2 order-lg-1 wpb_column column_container vc_column_container col no-extra-padding\"  data-t-w-inherits=\"default\" data-border-radius=\"none\" data-shadow=\"none\" data-border-animation=\"\" data-border-animation-delay=\"\" data-border-width=\"none\" data-border-style=\"solid\" data-border-color=\"\" data-bg-cover=\"\" data-padding-pos=\"all\" data-has-bg-color=\"false\" data-bg-color=\"\" data-bg-opacity=\"1\" data-hover-bg=\"\" data-hover-bg-opacity=\"1\" data-animation=\"\" data-delay=\"0\"><div class=\"column-bg-overlay\"><\/div>\n\t\t<div class=\"vc_column-inner\">\n\t\t\t<div class=\"wpb_wrapper\">\n\t\t\t\t\n    \t<div id=\"fws_69f24819dcdec\" data-midnight=\"\" data-column-margin=\"default\" data-bg-mobile-hidden=\"\" class=\"wpb_row vc_row-fluid vc_row inner_row standard_section  vc_custom_1504128844236\"  style=\"padding-top: 0px; padding-bottom: 0px; \"><div class=\"row-bg-wrap\"> <div class=\"row-bg\"  style=\"\"><\/div> <\/div><div class=\"col span_12  left\">\n\t<div style=\"\" class=\"vc_col-sm-12 no-padding-lr wpb_column column_container vc_column_container col has-animation padding-10-percent\"  data-using-bg=\"true\" data-t-w-inherits=\"default\" data-shadow=\"none\" data-border-radius=\"none\" data-border-animation=\"\" data-border-animation-delay=\"\" data-border-width=\"none\" data-border-style=\"solid\" data-border-color=\"\" data-bg-cover=\"\" data-padding-pos=\"all\" data-has-bg-color=\"true\" data-bg-color=\"#ffffff\" data-bg-opacity=\"1\" data-hover-bg=\"\" data-hover-bg-opacity=\"1\" data-animation=\"fade-in-from-left\" data-delay=\"0\"><div class=\"column-bg-overlay\" style=\"opacity: 1; background-color: #ffffff;\"><\/div>\n\t\t<div class=\"vc_column-inner\">\n\t\t<div class=\"wpb_wrapper\">\n\t\t\t<h1 style=\"font-size: 40px;line-height: 40px;text-align: left\" class=\"vc_custom_heading\" >Gianni Masciarelli<\/h1>\n\t<div class=\"wpb_text_column wpb_content_element  vc_custom_1615203629483 text-justify\" >\n\t\t<div class=\"wpb_wrapper\">\n\t\t\t<p class=\"translation-block\">Von Marina Cvetic gef\u00f6rdert, entstand 2014 die Weinlinie Gianni Masciarelli als Widmung an ihren Lebens- und Berufsgef\u00e4hrten. Bestehend aus Montepulciano, Trebbiano und Cerasuolo d'Abruzzo DOC, wird die Reihe mit Qualit\u00e4tstrauben aus den Weinbergen von Loreto Aprutino (Pescara) hergestellt, ein besonders geeignetes Gebiet mit hervorragender Lage und erheblichen Temperaturunterschieden.<\/p>\n\n\t\t<\/div>\n\t<\/div>\n\n\t\t<\/div> \n\t<\/div>\n\t<\/div> \n<\/div><\/div>\n\t\t\t<\/div> \n\t\t<\/div>\n\t<\/div> \n\n\t<div  class=\"vc_col-sm-7 order-1 order-lg-2 wpb_column column_container vc_column_container col no-extra-padding\"  data-t-w-inherits=\"default\" data-border-radius=\"none\" data-shadow=\"none\" data-border-animation=\"\" data-border-animation-delay=\"\" data-border-width=\"none\" data-border-style=\"solid\" data-border-color=\"\" data-bg-cover=\"\" data-padding-pos=\"all\" data-has-bg-color=\"false\" data-bg-color=\"\" data-bg-opacity=\"1\" data-hover-bg=\"\" data-hover-bg-opacity=\"1\" data-animation=\"\" data-delay=\"0\"><div class=\"column-bg-overlay\"><\/div>\n\t\t<div class=\"vc_column-inner\">\n\t\t\t<div class=\"wpb_wrapper\">\n\t\t\t\t<div class=\"img-with-aniamtion-wrap right\" data-max-width=\"125%\" data-border-radius=\"none\"><div class=\"inner\"><img data-shadow=\"none\" data-shadow-direction=\"middle\" class=\"img-with-animation skip-lazy\" data-delay=\"0\" height=\"609\" width=\"1200\"  data-animation=\"fade-in-from-right\" src=\"https:\/\/www.masciarelli.it\/wp-content\/uploads\/2019\/04\/gianni-masciarelli-back.jpg\" srcset=\"https:\/\/www.masciarelli.it\/wp-content\/uploads\/2019\/04\/gianni-masciarelli-back.jpg 1200w, https:\/\/www.masciarelli.it\/wp-content\/uploads\/2019\/04\/gianni-masciarelli-back-300x152.jpg 300w, https:\/\/www.masciarelli.it\/wp-content\/uploads\/2019\/04\/gianni-masciarelli-back-768x390.jpg 768w, https:\/\/www.masciarelli.it\/wp-content\/uploads\/2019\/04\/gianni-masciarelli-back-1024x520.jpg 1024w\" sizes=\"100vw\" alt=\"\" \/><\/div><\/div>\n\t\t\t<\/div> \n\t\t<\/div>\n\t<\/div> \n<\/div><\/div>\n\t\t<div id=\"fws_69f24819dda81\"  data-midnight=\"dark\"  data-bg-mobile-hidden=\"\" class=\"wpb_row vc_row-fluid vc_row standard_section\"  style=\"padding-top: 0px; padding-bottom: 0px; \"><div class=\"row-bg-wrap\" data-bg-animation=\"none\"><div class=\"inner-wrap\"><div class=\"row-bg\"  style=\"\"><\/div><\/div><div class=\"row-bg-overlay\" ><\/div><\/div><div class=\"col span_12 dark left\">\n\t<div  class=\"vc_col-sm-12 wpb_column column_container vc_column_container col no-extra-padding\"  data-t-w-inherits=\"default\" data-border-radius=\"none\" data-shadow=\"none\" data-border-animation=\"\" data-border-animation-delay=\"\" data-border-width=\"none\" data-border-style=\"solid\" data-border-color=\"\" data-bg-cover=\"\" data-padding-pos=\"all\" data-has-bg-color=\"false\" data-bg-color=\"\" data-bg-opacity=\"1\" data-hover-bg=\"\" data-hover-bg-opacity=\"1\" data-animation=\"\" data-delay=\"0\"><div class=\"column-bg-overlay\"><\/div>\n\t\t<div class=\"vc_column-inner\">\n\t\t\t<div class=\"wpb_wrapper\">\n\t\t\t\t\t\n\t\n\n\n\t<div class=\"portfolio-wrap\">\n\t\t\t\n\t\t\t\n\t\t\t<span class=\"portfolio-loading  none\">   <\/span>\n\n\t\t\t\n\t\t\t\t\t\t\n\t\t\t<div class=\"row portfolio-items no-masonry\" data-rcp=\"false\" data-masonry-type=\"default\" data-ps=\"2\" data-starting-filter=\"\" data-gutter=\"1px\" data-categories-to-show=\"gianni-masciarelli\" data-bypass-cropping=\"\" data-lightbox-only=\"0\" data-col-num=\"cols-3\">\n\t\t\t\t\t\t\t\t\t\n\t\t\t\t\t\t\t\t\t\t\n\t\t\t\t\t<div class=\"col span_4  custom-project-item element gianni-masciarelli\"  data-project-cat=\"gianni-masciarelli \" data-default-color=\"true\" data-title-color=\"\" data-subtitle-color=\"\">\n\t\t\t\t\t\t\n\t\t\t\t\t\t<div class=\"inner-wrap animated\" data-animation=\"none\">\n\n\t\t\t\t\t\t\t\t\t\t\t\t\t\n\t\t\t\t\t\t\t<div class=\"work-item style-2\" data-custom-content=\"off\">\n\t\t\t\t\t\t\t\t\n\t\t\t\t\t\t\t\t<img class=\"custom-thumbnail skip-lazy\" src=\"https:\/\/www.masciarelli.it\/wp-content\/uploads\/2019\/04\/GM_Trebbiano.png\" alt=\"Trebbiano d\u2019Abruzzo DOC\" \/>\t\t\t\t\n\t\t\t\t\t\t\t\t<div class=\"work-info-bg\"><\/div>\n\t\t\t\t\t\t\t\t<div class=\"work-info\">\n\t\t\t\t\t\t\t\t\t\n\t\t\t\t\t\t\t\t\t\n\t\t\t\t\t\t\t\t\t\t\n\t\t\t\t\t\t\t\t\t\t\t\t\t\t\t\t\t\t\t\t\t\n\t\t\t\t\t\t\t\t\t\t\t<a href=\"http:\/\/www.masciarelli.it\/de\/i-vini\/gianni-masciarelli-trebbiano-dabruzzo-doc\/\"><\/a>\n\t\t\t\t\t\t\t\t\t\t\n\t\t\t\t\t\t\t\t\t\t\t\t\t\t\t\t\t\t\t\n\t\t\n\t\t\t\t\t\t\t\t\t<div class=\"vert-center\">\n\t\t\t\t\t\t\t\t\t\t\t\n\t\t\t\t\t\t\t\t\t\t\t<h3>Trebbiano d\u2019Abruzzo DOC<\/h3> \n\t\t\t\t\t\t\t\t\t\t\t<p>Trebbiano d\u2019Abruzzo DOC<\/p>\t\t\t\t\t\t\t\t\t<\/div><!--\/vert-center-->\n\t\t\t\t\t\t\t\t\t\n\t\t\t\t\t\t\t\t<\/div>\n\t\t\t\t\t\t\t<\/div><!--work-item-->\n\t\t\t\t\t\t\t\n\t\t\t\t\t\t\t\t\t\t\t\t\n\t\t\t\t\t\t\n\t\t\t\t\t<\/div><!--\/inner-wrap-->\n\t\t\t\t\t<\/div><!--\/col-->\n\t\t\t\t\t\n\t\t\t\t\t\t\t\t\t\n\t\t\t\t\t\t\t\t\t\t\n\t\t\t\t\t<div class=\"col span_4  custom-project-item element gianni-masciarelli\"  data-project-cat=\"gianni-masciarelli \" data-default-color=\"true\" data-title-color=\"\" data-subtitle-color=\"\">\n\t\t\t\t\t\t\n\t\t\t\t\t\t<div class=\"inner-wrap animated\" data-animation=\"none\">\n\n\t\t\t\t\t\t\t\t\t\t\t\t\t\n\t\t\t\t\t\t\t<div class=\"work-item style-2\" data-custom-content=\"off\">\n\t\t\t\t\t\t\t\t\n\t\t\t\t\t\t\t\t<img class=\"custom-thumbnail skip-lazy\" src=\"https:\/\/www.masciarelli.it\/wp-content\/uploads\/2019\/04\/GM_Montepulciano.png\" alt=\"Montepulciano d\u2019Abruzzo DOC\" \/>\t\t\t\t\n\t\t\t\t\t\t\t\t<div class=\"work-info-bg\"><\/div>\n\t\t\t\t\t\t\t\t<div class=\"work-info\">\n\t\t\t\t\t\t\t\t\t\n\t\t\t\t\t\t\t\t\t\n\t\t\t\t\t\t\t\t\t\t\n\t\t\t\t\t\t\t\t\t\t\t\t\t\t\t\t\t\t\t\t\t\n\t\t\t\t\t\t\t\t\t\t\t<a href=\"http:\/\/www.masciarelli.it\/de\/i-vini\/gianni-masciarelli-montepulciano-dabruzzo-doc\/\"><\/a>\n\t\t\t\t\t\t\t\t\t\t\n\t\t\t\t\t\t\t\t\t\t\t\t\t\t\t\t\t\t\t\n\t\t\n\t\t\t\t\t\t\t\t\t<div class=\"vert-center\">\n\t\t\t\t\t\t\t\t\t\t\t\n\t\t\t\t\t\t\t\t\t\t\t<h3>Montepulciano d\u2019Abruzzo DOC<\/h3> \n\t\t\t\t\t\t\t\t\t\t\t<p>Montepulciano d\u2019Abruzzo DOC<\/p>\t\t\t\t\t\t\t\t\t<\/div><!--\/vert-center-->\n\t\t\t\t\t\t\t\t\t\n\t\t\t\t\t\t\t\t<\/div>\n\t\t\t\t\t\t\t<\/div><!--work-item-->\n\t\t\t\t\t\t\t\n\t\t\t\t\t\t\t\t\t\t\t\t\n\t\t\t\t\t\t\n\t\t\t\t\t<\/div><!--\/inner-wrap-->\n\t\t\t\t\t<\/div><!--\/col-->\n\t\t\t\t\t\n\t\t\t\t\t\t\t\t\t\n\t\t\t\t\t\t\t\t\t\t\n\t\t\t\t\t<div class=\"col span_4  custom-project-item element gianni-masciarelli\"  data-project-cat=\"gianni-masciarelli \" data-default-color=\"true\" data-title-color=\"\" data-subtitle-color=\"\">\n\t\t\t\t\t\t\n\t\t\t\t\t\t<div class=\"inner-wrap animated\" data-animation=\"none\">\n\n\t\t\t\t\t\t\t\t\t\t\t\t\t\n\t\t\t\t\t\t\t<div class=\"work-item style-2\" data-custom-content=\"off\">\n\t\t\t\t\t\t\t\t\n\t\t\t\t\t\t\t\t<img class=\"custom-thumbnail skip-lazy\" src=\"https:\/\/www.masciarelli.it\/wp-content\/uploads\/2019\/04\/GM_Cerasuolo.png\" alt=\"Cerasuolo d\u2019Abruzzo DOC\" \/>\t\t\t\t\n\t\t\t\t\t\t\t\t<div class=\"work-info-bg\"><\/div>\n\t\t\t\t\t\t\t\t<div class=\"work-info\">\n\t\t\t\t\t\t\t\t\t\n\t\t\t\t\t\t\t\t\t\n\t\t\t\t\t\t\t\t\t\t\n\t\t\t\t\t\t\t\t\t\t\t\t\t\t\t\t\t\t\t\t\t\n\t\t\t\t\t\t\t\t\t\t\t<a href=\"http:\/\/www.masciarelli.it\/de\/i-vini\/gianni-masciarelli-cerasuolo-dabruzzo-doc\/\"><\/a>\n\t\t\t\t\t\t\t\t\t\t\n\t\t\t\t\t\t\t\t\t\t\t\t\t\t\t\t\t\t\t\n\t\t\n\t\t\t\t\t\t\t\t\t<div class=\"vert-center\">\n\t\t\t\t\t\t\t\t\t\t\t\n\t\t\t\t\t\t\t\t\t\t\t<h3>Cerasuolo d\u2019Abruzzo DOC<\/h3> \n\t\t\t\t\t\t\t\t\t\t\t<p>Montepulciano d'Abruzzo DOC Riserva<\/p>\t\t\t\t\t\t\t\t\t<\/div><!--\/vert-center-->\n\t\t\t\t\t\t\t\t\t\n\t\t\t\t\t\t\t\t<\/div>\n\t\t\t\t\t\t\t<\/div><!--work-item-->\n\t\t\t\t\t\t\t\n\t\t\t\t\t\t\t\t\t\t\t\t\n\t\t\t\t\t\t\n\t\t\t\t\t<\/div><!--\/inner-wrap-->\n\t\t\t\t\t<\/div><!--\/col-->\n\t\t\t\t\t\n\t\t\t\t\n\t\t\t<\/div><!--\/portfolio-->\n\t   <\/div><!--\/portfolio wrap-->\n\t\t\n\t\t\n\t\t\t<\/div> \n\t\t<\/div>\n\t<\/div> \n<\/div><\/div>","protected":false},"excerpt":{"rendered":"ontepul","protected":false},"author":2,"featured_media":1425,"parent":25,"menu_order":2,"comment_status":"closed","ping_status":"closed","template":"","meta":[],"acf":[],"yoast_head":"<!-- This site is optimized with the Yoast SEO plugin v18.4.1 - https:\/\/yoast.com\/wordpress\/plugins\/seo\/ -->\n<title>Gianni Masciarelli - Masciarelli Tenute Agricole<\/title>\n<meta name=\"description\" content=\"La linea Gianni Masciarelli con vini briosi e fruttati pensati per la ristorazione, che esprimono al meglio l&#039;anima abruzzese.\" \/>\n<meta name=\"robots\" content=\"index, follow, max-snippet:-1, max-image-preview:large, max-video-preview:-1\" \/>\n<link rel=\"canonical\" href=\"https:\/\/www.masciarelli.it\/de\/vini\/gianni-masciarelli\/\" \/>\n<meta property=\"og:locale\" content=\"de_DE\" \/>\n<meta property=\"og:type\" content=\"article\" \/>\n<meta property=\"og:title\" content=\"Gianni Masciarelli - Masciarelli Tenute Agricole\" \/>\n<meta property=\"og:description\" content=\"La linea Gianni Masciarelli con vini briosi e fruttati pensati per la ristorazione, che esprimono al meglio l&#039;anima abruzzese.\" \/>\n<meta property=\"og:url\" content=\"https:\/\/www.masciarelli.it\/de\/vini\/gianni-masciarelli\/\" \/>\n<meta property=\"og:site_name\" content=\"Masciarelli Tenute Agricole\" \/>\n<meta property=\"article:publisher\" content=\"https:\/\/www.facebook.com\/MasciarelliTenuteAgricole\/\" \/>\n<meta property=\"article:modified_time\" content=\"2021-05-11T19:50:06+00:00\" \/>\n<meta property=\"og:image\" content=\"https:\/\/www.masciarelli.it\/wp-content\/uploads\/2019\/04\/gianni-masciarelli-back.jpg\" \/>\n\t<meta property=\"og:image:width\" content=\"1200\" \/>\n\t<meta property=\"og:image:height\" content=\"609\" \/>\n\t<meta property=\"og:image:type\" content=\"image\/jpeg\" \/>\n<meta name=\"twitter:card\" content=\"summary_large_image\" \/>\n<meta name=\"twitter:title\" content=\"Gianni Masciarelli - Masciarelli Tenute Agricole\" \/>\n<meta name=\"twitter:description\" content=\"La linea Gianni Masciarelli con vini briosi e fruttati pensati per la ristorazione, che esprimono al meglio l&#039;anima abruzzese.\" \/>\n<meta name=\"twitter:image\" content=\"https:\/\/www.masciarelli.it\/wp-content\/uploads\/2019\/04\/gianni-masciarelli-back.jpg\" \/>\n<meta name=\"twitter:site\" content=\"@masciarellivini\" \/>\n<meta name=\"twitter:label1\" content=\"Gesch\u00e4tzte Lesezeit\" \/>\n\t<meta name=\"twitter:data1\" content=\"1\u00a0Minute\" \/>\n<script type=\"application\/ld+json\" class=\"yoast-schema-graph\">{\"@context\":\"https:\/\/schema.org\",\"@graph\":[{\"@type\":\"WebSite\",\"@id\":\"http:\/\/www.masciarelli.it\/ru\/#website\",\"url\":\"http:\/\/www.masciarelli.it\/ru\/\",\"name\":\"Masciarelli Tenute Agricole\",\"description\":\"Il profumo della mia terra, il sapore del mio vino\",\"potentialAction\":[{\"@type\":\"SearchAction\",\"target\":{\"@type\":\"EntryPoint\",\"urlTemplate\":\"http:\/\/www.masciarelli.it\/ru\/?s={search_term_string}\"},\"query-input\":\"required name=search_term_string\"}],\"inLanguage\":\"de\"},{\"@type\":\"ImageObject\",\"@id\":\"https:\/\/www.masciarelli.it\/vini\/gianni-masciarelli\/#primaryimage\",\"inLanguage\":\"de\",\"url\":\"https:\/\/www.masciarelli.it\/wp-content\/uploads\/2019\/04\/gianni-masciarelli-back.jpg\",\"contentUrl\":\"https:\/\/www.masciarelli.it\/wp-content\/uploads\/2019\/04\/gianni-masciarelli-back.jpg\",\"width\":1200,\"height\":609},{\"@type\":\"WebPage\",\"@id\":\"https:\/\/www.masciarelli.it\/vini\/gianni-masciarelli\/#webpage\",\"url\":\"https:\/\/www.masciarelli.it\/vini\/gianni-masciarelli\/\",\"name\":\"Gianni Masciarelli - Masciarelli Tenute Agricole\",\"isPartOf\":{\"@id\":\"http:\/\/www.masciarelli.it\/ru\/#website\"},\"primaryImageOfPage\":{\"@id\":\"https:\/\/www.masciarelli.it\/vini\/gianni-masciarelli\/#primaryimage\"},\"datePublished\":\"2019-04-02T20:20:13+00:00\",\"dateModified\":\"2021-05-11T19:50:06+00:00\",\"description\":\"La linea Gianni Masciarelli con vini briosi e fruttati pensati per la ristorazione, che esprimono al meglio l'anima abruzzese.\",\"breadcrumb\":{\"@id\":\"https:\/\/www.masciarelli.it\/vini\/gianni-masciarelli\/#breadcrumb\"},\"inLanguage\":\"de\",\"potentialAction\":[{\"@type\":\"ReadAction\",\"target\":[\"https:\/\/www.masciarelli.it\/vini\/gianni-masciarelli\/\"]}]},{\"@type\":\"BreadcrumbList\",\"@id\":\"https:\/\/www.masciarelli.it\/vini\/gianni-masciarelli\/#breadcrumb\",\"itemListElement\":[{\"@type\":\"ListItem\",\"position\":1,\"name\":\"Home\",\"item\":\"https:\/\/www.masciarelli.it\/\"},{\"@type\":\"ListItem\",\"position\":2,\"name\":\"I VINI\",\"item\":\"https:\/\/www.masciarelli.it\/vini\/\"},{\"@type\":\"ListItem\",\"position\":3,\"name\":\"Gianni Masciarelli\"}]}]}<\/script>\n<!-- \/ Yoast SEO plugin. -->","yoast_head_json":{"title":"Gianni Masciarelli - Masciarelli Tenute Agricole","description":"La linea Gianni Masciarelli con vini briosi e fruttati pensati per la ristorazione, che esprimono al meglio l'anima abruzzese.","robots":{"index":"index","follow":"follow","max-snippet":"max-snippet:-1","max-image-preview":"max-image-preview:large","max-video-preview":"max-video-preview:-1"},"canonical":"https:\/\/www.masciarelli.it\/de\/vini\/gianni-masciarelli\/","og_locale":"de_DE","og_type":"article","og_title":"Gianni Masciarelli - Masciarelli Tenute Agricole","og_description":"La linea Gianni Masciarelli con vini briosi e fruttati pensati per la ristorazione, che esprimono al meglio l'anima abruzzese.","og_url":"https:\/\/www.masciarelli.it\/de\/vini\/gianni-masciarelli\/","og_site_name":"Masciarelli Tenute Agricole","article_publisher":"https:\/\/www.facebook.com\/MasciarelliTenuteAgricole\/","article_modified_time":"2021-05-11T19:50:06+00:00","og_image":[{"width":1200,"height":609,"url":"https:\/\/www.masciarelli.it\/wp-content\/uploads\/2019\/04\/gianni-masciarelli-back.jpg","type":"image\/jpeg"}],"twitter_card":"summary_large_image","twitter_title":"Gianni Masciarelli - Masciarelli Tenute Agricole","twitter_description":"La linea Gianni Masciarelli con vini briosi e fruttati pensati per la ristorazione, che esprimono al meglio l'anima abruzzese.","twitter_image":"https:\/\/www.masciarelli.it\/wp-content\/uploads\/2019\/04\/gianni-masciarelli-back.jpg","twitter_site":"@masciarellivini","twitter_misc":{"Gesch\u00e4tzte Lesezeit":"1\u00a0Minute"},"schema":{"@context":"https:\/\/schema.org","@graph":[{"@type":"WebSite","@id":"http:\/\/www.masciarelli.it\/ru\/#website","url":"http:\/\/www.masciarelli.it\/ru\/","name":"Masciarelli Tenute Agricole","description":"Il profumo della mia terra, il sapore del mio vino","potentialAction":[{"@type":"SearchAction","target":{"@type":"EntryPoint","urlTemplate":"http:\/\/www.masciarelli.it\/ru\/?s={search_term_string}"},"query-input":"required name=search_term_string"}],"inLanguage":"de"},{"@type":"ImageObject","@id":"https:\/\/www.masciarelli.it\/vini\/gianni-masciarelli\/#primaryimage","inLanguage":"de","url":"https:\/\/www.masciarelli.it\/wp-content\/uploads\/2019\/04\/gianni-masciarelli-back.jpg","contentUrl":"https:\/\/www.masciarelli.it\/wp-content\/uploads\/2019\/04\/gianni-masciarelli-back.jpg","width":1200,"height":609},{"@type":"WebPage","@id":"https:\/\/www.masciarelli.it\/vini\/gianni-masciarelli\/#webpage","url":"https:\/\/www.masciarelli.it\/vini\/gianni-masciarelli\/","name":"Gianni Masciarelli - Masciarelli Tenute Agricole","isPartOf":{"@id":"http:\/\/www.masciarelli.it\/ru\/#website"},"primaryImageOfPage":{"@id":"https:\/\/www.masciarelli.it\/vini\/gianni-masciarelli\/#primaryimage"},"datePublished":"2019-04-02T20:20:13+00:00","dateModified":"2021-05-11T19:50:06+00:00","description":"La linea Gianni Masciarelli con vini briosi e fruttati pensati per la ristorazione, che esprimono al meglio l'anima abruzzese.","breadcrumb":{"@id":"https:\/\/www.masciarelli.it\/vini\/gianni-masciarelli\/#breadcrumb"},"inLanguage":"de","potentialAction":[{"@type":"ReadAction","target":["https:\/\/www.masciarelli.it\/vini\/gianni-masciarelli\/"]}]},{"@type":"BreadcrumbList","@id":"https:\/\/www.masciarelli.it\/vini\/gianni-masciarelli\/#breadcrumb","itemListElement":[{"@type":"ListItem","position":1,"name":"Home","item":"https:\/\/www.masciarelli.it\/"},{"@type":"ListItem","position":2,"name":"I VINI","item":"https:\/\/www.masciarelli.it\/vini\/"},{"@type":"ListItem","position":3,"name":"Gianni Masciarelli"}]}]}},"_links":{"self":[{"href":"http:\/\/www.masciarelli.it\/de\/wp-json\/wp\/v2\/pages\/668"}],"collection":[{"href":"http:\/\/www.masciarelli.it\/de\/wp-json\/wp\/v2\/pages"}],"about":[{"href":"http:\/\/www.masciarelli.it\/de\/wp-json\/wp\/v2\/types\/page"}],"author":[{"embeddable":true,"href":"http:\/\/www.masciarelli.it\/de\/wp-json\/wp\/v2\/users\/2"}],"replies":[{"embeddable":true,"href":"http:\/\/www.masciarelli.it\/de\/wp-json\/wp\/v2\/comments?post=668"}],"version-history":[{"count":0,"href":"http:\/\/www.masciarelli.it\/de\/wp-json\/wp\/v2\/pages\/668\/revisions"}],"up":[{"embeddable":true,"href":"http:\/\/www.masciarelli.it\/de\/wp-json\/wp\/v2\/pages\/25"}],"wp:featuredmedia":[{"embeddable":true,"href":"http:\/\/www.masciarelli.it\/de\/wp-json\/wp\/v2\/media\/1425"}],"wp:attachment":[{"href":"http:\/\/www.masciarelli.it\/de\/wp-json\/wp\/v2\/media?parent=668"}],"curies":[{"name":"wp","href":"https:\/\/api.w.org\/{rel}","templated":true}]}}