



{"id":1470,"date":"2019-04-07T00:53:20","date_gmt":"2019-04-06T22:53:20","guid":{"rendered":"https:\/\/www.masciarelli.it\/?page_id=1470"},"modified":"2021-05-11T21:46:00","modified_gmt":"2021-05-11T19:46:00","slug":"disclaimer","status":"publish","type":"page","link":"http:\/\/www.masciarelli.it\/fr\/disclaimer\/","title":{"rendered":"CLAUSE DE NON RESPONSABILIT\u00c9"},"content":{"rendered":"<div id=\"fws_69f2423a512b3\"  data-midnight=\"dark\"  data-bg-mobile-hidden=\"\" class=\"wpb_row vc_row-fluid vc_row top-level standard_section  text-justify\"  style=\"padding-top: 0px; padding-bottom: 0px; \"><div class=\"row-bg-wrap\" data-bg-animation=\"none\"><div class=\"inner-wrap\"><div class=\"row-bg\"  style=\"\"><\/div><\/div><div class=\"row-bg-overlay\" ><\/div><\/div><div class=\"col span_12 dark left\">\n\t<div  class=\"vc_col-sm-12 wpb_column column_container vc_column_container col no-extra-padding\"  data-t-w-inherits=\"default\" data-border-radius=\"none\" data-shadow=\"none\" data-border-animation=\"\" data-border-animation-delay=\"\" data-border-width=\"none\" data-border-style=\"solid\" data-border-color=\"\" data-bg-cover=\"\" data-padding-pos=\"all\" data-has-bg-color=\"false\" data-bg-color=\"\" data-bg-opacity=\"1\" data-hover-bg=\"\" data-hover-bg-opacity=\"1\" data-animation=\"\" data-delay=\"0\"><div class=\"column-bg-overlay\"><\/div>\n\t\t<div class=\"vc_column-inner\">\n\t\t\t<div class=\"wpb_wrapper\">\n\t\t\t\t<h1 style=\"font-size: 40px;line-height: 40px;text-align: left\" class=\"vc_custom_heading\" >CLAUSE DE NON RESPONSABILIT\u00c9<\/h1><div class=\"divider-wrap\" data-alignment=\"default\"><div style=\"height: 30px;\" class=\"divider\"><\/div><\/div>\n\t<div class=\"wpb_text_column wpb_content_element\" >\n\t\t<div class=\"wpb_wrapper\">\n\t\t\t<div>Cher utilisateur,<\/div>\n<div>Masciarelli Tenute Agricole Srl (ci-apr\u00e8s la \u00ab\u00a0Soci\u00e9t\u00e9\u00a0\u00bb) vous informe que\u00a0:<\/div>\n<div><\/div>\n<div>L'acc\u00e8s, la consultation et l'utilisation des pages du site Web www.masciarelli.it (le \u00ab\u00a0Site\u00a0\u00bb) constituent l'acceptation par l'utilisateur (ci-apr\u00e8s l\u2019\u00ab\u00a0Utilisateur\u00a0\u00bb), des conditions g\u00e9n\u00e9rales de la pr\u00e9sente Clause de non-responsabilit\u00e9, qui peut \u00eatre modifi\u00e9e par la Soci\u00e9t\u00e9 \u00e0 tout moment et sans pr\u00e9avis, \u00e0 sa discr\u00e9tion, sous r\u00e9serve des signes requis par la loi.<\/div>\n<div><\/div>\n<div>Tous les contenus de ce Site - y compris les donn\u00e9es, les actualit\u00e9s, les informations, les images, les graphiques, les designs, les marques et les noms de domaine - sont la propri\u00e9t\u00e9 de la Soci\u00e9t\u00e9, sauf indication contraire, et sont prot\u00e9g\u00e9s par la l\u00e9gislation en vigueur sur le droit d'auteur ainsi que dans le domaine de la propri\u00e9t\u00e9 industrielle. Aucune licence ou droit d'utilisation, sous r\u00e9serve de la possibilit\u00e9 de faire une copie pour un usage personnel uniquement, n\u2019est reconnue \u00e0 l\u2019utilisateur. Il n'est donc pas autoris\u00e9 \u00e0 enregistrer le contenu du Site en tout ou en partie sur tout type de m\u00e9dia. Il est \u00e9galement interdit de les copier, de les diffuser ou de les utiliser \u00e0 des fins commerciales sans l'autorisation \u00e9crite pr\u00e9alable de la Soci\u00e9t\u00e9. Pour toute demande, rendez-vous \u00e0 la rubrique \u00ab\u00a0Contacts\u00a0\u00bb.<\/div>\n<div><\/div>\n<div>Les informations contenues dans ce Site sont communiqu\u00e9es par Masciarelli Tenute Agricole Srl, sauf indication contraire. La Soci\u00e9t\u00e9 a le droit de modifier, \u00e0 tout moment, sans pr\u00e9avis et \u00e0 sa discr\u00e9tion, le contenu et l'utilisation fonctionnelle et op\u00e9rationnelle du Site.<\/div>\n<div><\/div>\n<div>La Soci\u00e9t\u00e9 d\u00e9cline toute responsabilit\u00e9 en cas d'erreurs, d'inexactitudes, d'omissions ou de lacunes dans le contenu publi\u00e9. Les m\u00eames consid\u00e9rations s'appliquent \u00e9galement aux contenus produits par des tiers et h\u00e9berg\u00e9s sur le Site.<\/div>\n<div><\/div>\n<div>La Soci\u00e9t\u00e9 n'est en aucun cas responsable du contenu des sites Web autres que www.masciarelli.it par lesquels l'Utilisateur a acc\u00e9d\u00e9 au Site. De m\u00eame, Masciarelli Tenute Agricole Srl n'est pas responsable du contenu des sites Web accessibles \u00e0 partir du Site lui-m\u00eame, ni des pertes ou dommages subis, pour quelque raison que ce soit, par les Utilisateurs provenant des sites Web li\u00e9s au Site.<\/div>\n<div><\/div>\n<div>La Soci\u00e9t\u00e9 est responsable de l'impossibilit\u00e9 d'utiliser le Site, du retard dans la mise \u00e0 jour des informations pertinentes, ou des dommages r\u00e9sultant de toute interruption, retard ou dysfonctionnement du Site d\u00fb \u00e0 des pannes de courant, de service t\u00e9l\u00e9phonique, \u00e0 un mauvais fonctionnement d'Internet ou \u00e0 toute autre cause non d\u00e9pendante de la Soci\u00e9t\u00e9.<\/div>\n<div><\/div>\n<div>Ce site n'est pas un journal, car il est mis \u00e0 jour sans aucune p\u00e9riodicit\u00e9 et n'est enregistr\u00e9 dans aucun tribunal. Il ne peut donc pas \u00eatre consid\u00e9r\u00e9 comme un produit \u00e9ditorial en vertu de la loi n\u00b062 du 7\/03\/2001.<\/div>\n<div><\/div>\n<div>Les informations relatives \u00e0 l'Utilisateur et leur origine sont enregistr\u00e9es et trait\u00e9es selon les crit\u00e8res d\u00e9finis par la loi sur la confidentialit\u00e9 (Politique de confidentialit\u00e9).<\/div>\n<div><\/div>\n<div>Pour toute autre information ou explication compl\u00e9mentaire, veuillez contacter Masciarelli Tenute Agricole Srl, via les coordonn\u00e9es figurant dans la rubrique \u00ab\u00a0Contacts\u00a0\u00bb.<\/div>\n\n\t\t<\/div>\n\t<\/div>\n\n\t\t\t<\/div> \n\t\t<\/div>\n\t<\/div> \n<\/div><\/div>","protected":false},"excerpt":{"rendered":"Disclaimer Gentile Utente, la Masciarelli Tenute Agricole Srl (di seguito \u201cAzienda\u201d) La informa che: Accesso, Consultazione e Utilizzo delle pagine del Sito web masciarelli.circlestudio.it (di seguito \u201cSito\u201d) comportano l\u2019accettazione, da...","protected":false},"author":2,"featured_media":0,"parent":0,"menu_order":0,"comment_status":"closed","ping_status":"closed","template":"","meta":[],"acf":[],"yoast_head":"<!-- This site is optimized with the Yoast SEO plugin v18.4.1 - https:\/\/yoast.com\/wordpress\/plugins\/seo\/ -->\n<title>Disclaimer - Masciarelli Tenute Agricole<\/title>\n<meta name=\"robots\" content=\"index, follow, max-snippet:-1, max-image-preview:large, max-video-preview:-1\" \/>\n<link rel=\"canonical\" href=\"https:\/\/www.masciarelli.it\/fr\/disclaimer\/\" \/>\n<meta property=\"og:locale\" content=\"fr_FR\" \/>\n<meta property=\"og:type\" content=\"article\" \/>\n<meta property=\"og:title\" content=\"Disclaimer - Masciarelli Tenute Agricole\" \/>\n<meta property=\"og:url\" content=\"https:\/\/www.masciarelli.it\/fr\/disclaimer\/\" \/>\n<meta property=\"og:site_name\" content=\"Masciarelli Tenute Agricole\" \/>\n<meta property=\"article:publisher\" content=\"https:\/\/www.facebook.com\/MasciarelliTenuteAgricole\/\" \/>\n<meta property=\"article:modified_time\" content=\"2021-05-11T19:46:00+00:00\" \/>\n<meta property=\"og:image\" content=\"https:\/\/www.masciarelli.it\/wp-content\/uploads\/2019\/03\/masciarelli-logo-home@2x.png\" \/>\n\t<meta property=\"og:image:width\" content=\"426\" \/>\n\t<meta property=\"og:image:height\" content=\"329\" \/>\n\t<meta property=\"og:image:type\" content=\"image\/png\" \/>\n<meta name=\"twitter:card\" content=\"summary_large_image\" \/>\n<meta name=\"twitter:site\" content=\"@masciarellivini\" \/>\n<meta name=\"twitter:label1\" content=\"Dur\u00e9e de lecture estim\u00e9e\" \/>\n\t<meta name=\"twitter:data1\" content=\"3 minutes\" \/>\n<script type=\"application\/ld+json\" class=\"yoast-schema-graph\">{\"@context\":\"https:\/\/schema.org\",\"@graph\":[{\"@type\":\"WebSite\",\"@id\":\"http:\/\/www.masciarelli.it\/ru\/#website\",\"url\":\"http:\/\/www.masciarelli.it\/ru\/\",\"name\":\"Masciarelli Tenute Agricole\",\"description\":\"Il profumo della mia terra, il sapore del mio vino\",\"potentialAction\":[{\"@type\":\"SearchAction\",\"target\":{\"@type\":\"EntryPoint\",\"urlTemplate\":\"http:\/\/www.masciarelli.it\/ru\/?s={search_term_string}\"},\"query-input\":\"required name=search_term_string\"}],\"inLanguage\":\"fr-FR\"},{\"@type\":\"WebPage\",\"@id\":\"https:\/\/www.masciarelli.it\/disclaimer\/#webpage\",\"url\":\"https:\/\/www.masciarelli.it\/disclaimer\/\",\"name\":\"Disclaimer - Masciarelli Tenute Agricole\",\"isPartOf\":{\"@id\":\"http:\/\/www.masciarelli.it\/ru\/#website\"},\"datePublished\":\"2019-04-06T22:53:20+00:00\",\"dateModified\":\"2021-05-11T19:46:00+00:00\",\"breadcrumb\":{\"@id\":\"https:\/\/www.masciarelli.it\/disclaimer\/#breadcrumb\"},\"inLanguage\":\"fr-FR\",\"potentialAction\":[{\"@type\":\"ReadAction\",\"target\":[\"https:\/\/www.masciarelli.it\/disclaimer\/\"]}]},{\"@type\":\"BreadcrumbList\",\"@id\":\"https:\/\/www.masciarelli.it\/disclaimer\/#breadcrumb\",\"itemListElement\":[{\"@type\":\"ListItem\",\"position\":1,\"name\":\"Home\",\"item\":\"https:\/\/www.masciarelli.it\/\"},{\"@type\":\"ListItem\",\"position\":2,\"name\":\"Disclaimer\"}]}]}<\/script>\n<!-- \/ Yoast SEO plugin. -->","yoast_head_json":{"title":"Disclaimer - Masciarelli Tenute Agricole","robots":{"index":"index","follow":"follow","max-snippet":"max-snippet:-1","max-image-preview":"max-image-preview:large","max-video-preview":"max-video-preview:-1"},"canonical":"https:\/\/www.masciarelli.it\/fr\/disclaimer\/","og_locale":"fr_FR","og_type":"article","og_title":"Disclaimer - Masciarelli Tenute Agricole","og_url":"https:\/\/www.masciarelli.it\/fr\/disclaimer\/","og_site_name":"Masciarelli Tenute Agricole","article_publisher":"https:\/\/www.facebook.com\/MasciarelliTenuteAgricole\/","article_modified_time":"2021-05-11T19:46:00+00:00","og_image":[{"width":426,"height":329,"url":"https:\/\/www.masciarelli.it\/wp-content\/uploads\/2019\/03\/masciarelli-logo-home@2x.png","type":"image\/png"}],"twitter_card":"summary_large_image","twitter_site":"@masciarellivini","twitter_misc":{"Dur\u00e9e de lecture estim\u00e9e":"3 minutes"},"schema":{"@context":"https:\/\/schema.org","@graph":[{"@type":"WebSite","@id":"http:\/\/www.masciarelli.it\/ru\/#website","url":"http:\/\/www.masciarelli.it\/ru\/","name":"Masciarelli Tenute Agricole","description":"Il profumo della mia terra, il sapore del mio vino","potentialAction":[{"@type":"SearchAction","target":{"@type":"EntryPoint","urlTemplate":"http:\/\/www.masciarelli.it\/ru\/?s={search_term_string}"},"query-input":"required name=search_term_string"}],"inLanguage":"fr-FR"},{"@type":"WebPage","@id":"https:\/\/www.masciarelli.it\/disclaimer\/#webpage","url":"https:\/\/www.masciarelli.it\/disclaimer\/","name":"Disclaimer - Masciarelli Tenute Agricole","isPartOf":{"@id":"http:\/\/www.masciarelli.it\/ru\/#website"},"datePublished":"2019-04-06T22:53:20+00:00","dateModified":"2021-05-11T19:46:00+00:00","breadcrumb":{"@id":"https:\/\/www.masciarelli.it\/disclaimer\/#breadcrumb"},"inLanguage":"fr-FR","potentialAction":[{"@type":"ReadAction","target":["https:\/\/www.masciarelli.it\/disclaimer\/"]}]},{"@type":"BreadcrumbList","@id":"https:\/\/www.masciarelli.it\/disclaimer\/#breadcrumb","itemListElement":[{"@type":"ListItem","position":1,"name":"Home","item":"https:\/\/www.masciarelli.it\/"},{"@type":"ListItem","position":2,"name":"Disclaimer"}]}]}},"_links":{"self":[{"href":"http:\/\/www.masciarelli.it\/fr\/wp-json\/wp\/v2\/pages\/1470"}],"collection":[{"href":"http:\/\/www.masciarelli.it\/fr\/wp-json\/wp\/v2\/pages"}],"about":[{"href":"http:\/\/www.masciarelli.it\/fr\/wp-json\/wp\/v2\/types\/page"}],"author":[{"embeddable":true,"href":"http:\/\/www.masciarelli.it\/fr\/wp-json\/wp\/v2\/users\/2"}],"replies":[{"embeddable":true,"href":"http:\/\/www.masciarelli.it\/fr\/wp-json\/wp\/v2\/comments?post=1470"}],"version-history":[{"count":0,"href":"http:\/\/www.masciarelli.it\/fr\/wp-json\/wp\/v2\/pages\/1470\/revisions"}],"wp:attachment":[{"href":"http:\/\/www.masciarelli.it\/fr\/wp-json\/wp\/v2\/media?parent=1470"}],"curies":[{"name":"wp","href":"https:\/\/api.w.org\/{rel}","templated":true}]}}