



{"id":1478,"date":"2019-04-07T06:20:45","date_gmt":"2019-04-07T04:20:45","guid":{"rendered":"https:\/\/www.masciarelli.it\/?page_id=1478"},"modified":"2022-07-13T15:59:04","modified_gmt":"2022-07-13T13:59:04","slug":"sostenibilita-ambientale","status":"publish","type":"page","link":"https:\/\/www.masciarelli.it\/da\/sostenibilita-ambientale\/","title":{"rendered":"Sostenibilit\u00e0 ambientale"},"content":{"rendered":"<div id=\"fws_69f076428772f\"  data-midnight=\"dark\"  data-bg-mobile-hidden=\"\" class=\"wpb_row vc_row-fluid vc_row top-level standard_section\"  style=\"padding-top: 0px; padding-bottom: 0px; \"><div class=\"row-bg-wrap\" data-bg-animation=\"none\"><div class=\"inner-wrap\"><div class=\"row-bg  using-bg-color\"  style=\"background-color: #ffffff; \"><\/div><\/div><div class=\"row-bg-overlay\" ><\/div><\/div><div class=\"col span_12 dark left\">\n\t<div  class=\"vc_col-sm-12 wpb_column column_container vc_column_container col no-extra-padding\"  data-t-w-inherits=\"default\" data-border-radius=\"none\" data-shadow=\"none\" data-border-animation=\"\" data-border-animation-delay=\"\" data-border-width=\"none\" data-border-style=\"solid\" data-border-color=\"\" data-bg-cover=\"\" data-padding-pos=\"all\" data-has-bg-color=\"false\" data-bg-color=\"\" data-bg-opacity=\"1\" data-hover-bg=\"\" data-hover-bg-opacity=\"1\" data-animation=\"\" data-delay=\"0\"><div class=\"column-bg-overlay\"><\/div>\n\t\t<div class=\"vc_column-inner\">\n\t\t\t<div class=\"wpb_wrapper\">\n\t\t\t\t\n    \t<div id=\"fws_69f0764287bfd\" data-midnight=\"\" data-column-margin=\"none\" data-bg-mobile-hidden=\"\" class=\"wpb_row vc_row-fluid vc_row inner_row  vc_row-o-content-bottom standard_section  vc_custom_1555517450995  foto-header-right-split-row\"  style=\"padding-top: 0px; padding-bottom: 0px; \"><div class=\"row-bg-wrap\"> <div class=\"row-bg\"  style=\"\"><\/div> <\/div><div class=\"col span_12  left\">\n\t<div style=\"\" class=\"vc_col-sm-5 vc_col-md-5 vc_col-xs-12 azienda-left-text-block order-2 order-lg-1 no-padding-lr wpb_column column_container vc_column_container col has-animation padding-5-percent\"  data-using-bg=\"true\" data-t-w-inherits=\"default\" data-shadow=\"none\" data-border-radius=\"none\" data-border-animation=\"\" data-border-animation-delay=\"\" data-border-width=\"none\" data-border-style=\"solid\" data-border-color=\"\" data-bg-cover=\"\" data-padding-pos=\"left-right\" data-has-bg-color=\"true\" data-bg-color=\"#ffffff\" data-bg-opacity=\"1\" data-hover-bg=\"\" data-hover-bg-opacity=\"1\" data-animation=\"fade-in-from-left\" data-delay=\"0\"><div class=\"column-bg-overlay\" style=\"opacity: 1; background-color: #ffffff;\"><\/div>\n\t\t<div class=\"vc_column-inner\">\n\t\t<div class=\"wpb_wrapper\">\n\t\t\t<h2 style=\"text-align: left\" class=\"vc_custom_heading vc_custom_1554610789130 translation-block\" >Dybt engagement i milj\u00f8m\u00e6ssig b\u00e6redygtighed<\/h2>\n\t<div class=\"wpb_text_column wpb_content_element  vc_custom_1554611050873 text-justify\" >\n\t\t<div class=\"wpb_wrapper\">\n\t\t\t<p class=\"translation-block\">Masciarelli Tenute Agricoles aktiviteter er ul\u00f8seligt forbundet med jorden i forening med \u00e5rstidernes vekslen og naturens skr\u00f8belige balance. Derfor er beskyttelse af det unikke \u00f8kosystem, som vinresortet indg\u00e5r i, af stor betydning for os, da det beriger og giver v\u00e6rdi til produkterne. Masciarelli har p\u00e5 ansvarlig vis besluttet at spille en aktiv rolle i konstant at forbedre virksomhedens milj\u00f8m\u00e6ssige engagement for egen, samfundet omkring og kunders skyld. Det sker gennem initiativer, der har til form\u00e5l at reducere milj\u00f8belastningen blandt andet ved at optimere vand, str\u00f8m og termisk energiforbrug og h\u00e5ndtere de forskellige typer affald milj\u00f8venligt.<\/p>\n\n\t\t<\/div>\n\t<\/div>\n\n\t\t<\/div> \n\t<\/div>\n\t<\/div> \n\n\t<div  class=\"vc_col-sm-7 vc_col-md-7 vc_col-xs-12 zeta order-1 order-lg-2 wpb_column column_container vc_column_container col no-extra-padding\"   data-t-w-inherits=\"default\" data-shadow=\"none\" data-border-radius=\"none\" data-border-animation=\"\" data-border-animation-delay=\"\" data-border-width=\"none\" data-border-style=\"solid\" data-border-color=\"\" data-bg-cover=\"\" data-padding-pos=\"all\" data-has-bg-color=\"false\" data-bg-color=\"\" data-bg-opacity=\"1\" data-hover-bg=\"\" data-hover-bg-opacity=\"1\" data-animation=\"\" data-delay=\"0\"><div class=\"column-bg-overlay\"><\/div>\n\t\t<div class=\"vc_column-inner\">\n\t\t<div class=\"wpb_wrapper\">\n\t\t\t<div style=\"text-align: center\" class=\"vc_custom_heading title-page\" >B\u00e6redygtighed<\/div><div class=\"img-with-aniamtion-wrap right\" data-max-width=\"125%\" data-border-radius=\"none\"><div class=\"inner\"><img data-shadow=\"none\" data-shadow-direction=\"middle\" class=\"img-with-animation skip-lazy foto-header-right-split-title-page\" data-delay=\"0\" height=\"571\" width=\"948\"  data-animation=\"fade-in\" src=\"https:\/\/www.masciarelli.it\/wp-content\/uploads\/2019\/03\/san-martino.jpg\" srcset=\"https:\/\/www.masciarelli.it\/wp-content\/uploads\/2019\/03\/san-martino.jpg 948w, https:\/\/www.masciarelli.it\/wp-content\/uploads\/2019\/03\/san-martino-300x181.jpg 300w, https:\/\/www.masciarelli.it\/wp-content\/uploads\/2019\/03\/san-martino-768x463.jpg 768w\" sizes=\"100vw\" alt=\"Filari di San Martino\" \/><\/div><\/div>\n\t\t<\/div> \n\t<\/div>\n\t<\/div> \n<\/div><\/div>\n\t\t\t<\/div> \n\t\t<\/div>\n\t<\/div> \n<\/div><\/div>\n\t\t<div id=\"fws_69f07642889b8\"  data-midnight=\"dark\"  data-bg-mobile-hidden=\"\" class=\"wpb_row vc_row-fluid vc_row  vc_row-o-equal-height vc_row-flex  vc_row-o-content-bottom standard_section\"  style=\"padding-top: 0px; padding-bottom: 0px; \"><div class=\"row-bg-wrap\" data-bg-animation=\"none\"><div class=\"inner-wrap\"><div class=\"row-bg  using-bg-color\"  style=\"background-color: #ffffff; \"><\/div><\/div><div class=\"row-bg-overlay\" ><\/div><\/div><div class=\"col span_12 dark left\">\n\t<div  class=\"vc_col-sm-12 wpb_column column_container vc_column_container col centered-text no-extra-padding\"  data-t-w-inherits=\"default\" data-border-radius=\"none\" data-shadow=\"none\" data-border-animation=\"\" data-border-animation-delay=\"\" data-border-width=\"none\" data-border-style=\"solid\" data-border-color=\"\" data-bg-cover=\"\" data-padding-pos=\"all\" data-has-bg-color=\"false\" data-bg-color=\"\" data-bg-opacity=\"1\" data-hover-bg=\"\" data-hover-bg-opacity=\"1\" data-animation=\"\" data-delay=\"0\"><div class=\"column-bg-overlay\"><\/div>\n\t\t<div class=\"vc_column-inner\">\n\t\t\t<div class=\"wpb_wrapper\">\n\t\t\t\t\n    \t<div id=\"fws_69f0764288b09\" data-midnight=\"\" data-column-margin=\"none\" data-bg-mobile-hidden=\"\" class=\"wpb_row vc_row-fluid vc_row inner_row  vc_row-o-content-bottom standard_section\"  style=\"padding-top: 0px; padding-bottom: 0px; \"><div class=\"row-bg-wrap\"> <div class=\"row-bg\"  style=\"\"><\/div> <\/div><div class=\"col span_12  left\">\n\t<div style=\"\" class=\"vc_col-sm-5 vc_col-md-5 vc_col-xs-12 azienda-left-text-block no-padding-lr wpb_column column_container vc_column_container col has-animation padding-5-percent\"  data-using-bg=\"true\" data-t-w-inherits=\"default\" data-shadow=\"none\" data-border-radius=\"none\" data-border-animation=\"\" data-border-animation-delay=\"\" data-border-width=\"none\" data-border-style=\"solid\" data-border-color=\"\" data-bg-cover=\"\" data-padding-pos=\"left-right\" data-has-bg-color=\"true\" data-bg-color=\"#ffffff\" data-bg-opacity=\"1\" data-hover-bg=\"\" data-hover-bg-opacity=\"1\" data-animation=\"fade-in-from-left\" data-delay=\"0\"><div class=\"column-bg-overlay\" style=\"opacity: 1; background-color: #ffffff;\"><\/div>\n\t\t<div class=\"vc_column-inner\">\n\t\t<div class=\"wpb_wrapper\">\n\t\t\t\n\t<div class=\"wpb_text_column wpb_content_element  vc_custom_1657720742259 text-justify\" >\n\t\t<div class=\"wpb_wrapper\">\n\t\t\t<p class=\"translation-block\">Ud over at v\u00e6re udstyret med sit eget milj\u00f8h\u00e5ndterings- og beskyttelsessystem der er certificeret i henhold til <a href=\"\/wp-content\/uploads\/2019\/10\/MASCIARELLI-TENUTE-AGRICOLE-S.R.L.-14001-ITA.pdf\" target=\"_self\" rel=\"noopener noreferrer\"><strong>ISO 14001:2015<\/strong><\/a>, har Masciarelli ogs\u00e5 opn\u00e5et EMAS-certificeringen (Eco-Management and Audit Scheme). Det er et EU-skabt v\u00e6rkt\u00f8j, som virksomheder frivilligt kan g\u00f8re brug af. Organisationerne kan s\u00e5ledes vurdere og forbedre deres milj\u00f8pr\u00e6stationer og samtidig stille oplysninger til r\u00e5dighed for offentligheden om deres milj\u00f8forvaltning og sikre st\u00f8rst mulig transparens over for forbrugerne.\nMasciarelli var det 9. italienske vinselskab, der blev medlem af EMAS.<\/p>\n<p class=\"translation-block\">Download venligst vores milj\u00f8erkl\u00e6ring og <a href=\"https:\/\/www.masciarelli.it\/_certificazioni\/dichiarazione-ambientale.pdf\" target=\"_self\" rel=\"noopener noreferrer\"><strong>EMAS-certificering<\/strong><\/a> for mere viden om Masciarellis daglige <a href=\"https:\/\/www.masciarelli.it\/_certificazioni\/certificato-EMAS.pdf\" target=\"_self\" rel=\"noopener noreferrer\"><strong>procedurer<\/strong> <\/a>.<\/p>\n\n\t\t<\/div>\n\t<\/div>\n\n\t\t<\/div> \n\t<\/div>\n\t<\/div> \n\n\t<div  class=\"vc_col-sm-7 vc_col-md-7 vc_col-xs-12 wpb_column column_container vc_column_container col no-extra-padding\"   data-t-w-inherits=\"default\" data-shadow=\"none\" data-border-radius=\"none\" data-border-animation=\"\" data-border-animation-delay=\"\" data-border-width=\"none\" data-border-style=\"solid\" data-border-color=\"\" data-bg-cover=\"\" data-padding-pos=\"all\" data-has-bg-color=\"false\" data-bg-color=\"\" data-bg-opacity=\"1\" data-hover-bg=\"\" data-hover-bg-opacity=\"1\" data-animation=\"\" data-delay=\"0\"><div class=\"column-bg-overlay\"><\/div>\n\t\t<div class=\"vc_column-inner\">\n\t\t<div class=\"wpb_wrapper\">\n\t\t\t<div class=\"img-with-aniamtion-wrap right\" data-max-width=\"100%\" data-border-radius=\"none\"><div class=\"inner\"><img data-shadow=\"none\" data-shadow-direction=\"middle\" class=\"img-with-animation skip-lazy\" data-delay=\"0\" height=\"795\" width=\"1255\"  data-animation=\"fade-in\" src=\"https:\/\/www.masciarelli.it\/wp-content\/uploads\/2019\/04\/sostenibilita-ambientale.jpg\" srcset=\"https:\/\/www.masciarelli.it\/wp-content\/uploads\/2019\/04\/sostenibilita-ambientale.jpg 1255w, https:\/\/www.masciarelli.it\/wp-content\/uploads\/2019\/04\/sostenibilita-ambientale-300x190.jpg 300w, https:\/\/www.masciarelli.it\/wp-content\/uploads\/2019\/04\/sostenibilita-ambientale-768x487.jpg 768w, https:\/\/www.masciarelli.it\/wp-content\/uploads\/2019\/04\/sostenibilita-ambientale-1024x649.jpg 1024w\" sizes=\"100vw\" alt=\"Impegno concreto per la sostenibilit\u00e0 ambientale dell'azienda Masciarelli Tenute Agricole\" \/><\/div><\/div>\n\t\t<\/div> \n\t<\/div>\n\t<\/div> \n<\/div><\/div>\n\t\t\t<\/div> \n\t\t<\/div>\n\t<\/div> \n<\/div><\/div>","protected":false},"excerpt":{"rendered":"Impegno concreto per la sostenibilit\u00e0 ambientale Le attivit\u00e0 di Masciarelli Tenute Agricole sono indissolubilmente legate alla terra, dipendendo dai ritmi scanditi dall\u2019alternarsi delle stagioni e dai delicati equilibri della natura....","protected":false},"author":1,"featured_media":0,"parent":0,"menu_order":0,"comment_status":"closed","ping_status":"closed","template":"","meta":[],"acf":[],"yoast_head":"<!-- This site is optimized with the Yoast SEO plugin v18.4.1 - https:\/\/yoast.com\/wordpress\/plugins\/seo\/ -->\n<title>Sostenibilit\u00e0 ambientale - Masciarelli Tenute Agricole<\/title>\n<meta name=\"robots\" content=\"index, follow, max-snippet:-1, max-image-preview:large, max-video-preview:-1\" \/>\n<link rel=\"canonical\" href=\"https:\/\/www.masciarelli.it\/da\/sostenibilita-ambientale\/\" \/>\n<meta property=\"og:locale\" content=\"da_DK\" \/>\n<meta property=\"og:type\" content=\"article\" \/>\n<meta property=\"og:title\" content=\"Sostenibilit\u00e0 ambientale - Masciarelli Tenute Agricole\" \/>\n<meta property=\"og:url\" content=\"https:\/\/www.masciarelli.it\/da\/sostenibilita-ambientale\/\" \/>\n<meta property=\"og:site_name\" content=\"Masciarelli Tenute Agricole\" \/>\n<meta property=\"article:publisher\" content=\"https:\/\/www.facebook.com\/MasciarelliTenuteAgricole\/\" \/>\n<meta property=\"article:modified_time\" content=\"2022-07-13T13:59:04+00:00\" \/>\n<meta property=\"og:image\" content=\"https:\/\/www.masciarelli.it\/wp-content\/uploads\/2019\/03\/masciarelli-logo-home@2x.png\" \/>\n\t<meta property=\"og:image:width\" content=\"426\" \/>\n\t<meta property=\"og:image:height\" content=\"329\" \/>\n\t<meta property=\"og:image:type\" content=\"image\/png\" \/>\n<meta name=\"twitter:card\" content=\"summary_large_image\" \/>\n<meta name=\"twitter:site\" content=\"@masciarellivini\" \/>\n<meta name=\"twitter:label1\" content=\"Estimeret l\u00e6setid\" \/>\n\t<meta name=\"twitter:data1\" content=\"2 minutter\" \/>\n<script type=\"application\/ld+json\" class=\"yoast-schema-graph\">{\"@context\":\"https:\/\/schema.org\",\"@graph\":[{\"@type\":\"WebSite\",\"@id\":\"http:\/\/www.masciarelli.it\/ru\/#website\",\"url\":\"http:\/\/www.masciarelli.it\/ru\/\",\"name\":\"Masciarelli Tenute Agricole\",\"description\":\"Il profumo della mia terra, il sapore del mio vino\",\"potentialAction\":[{\"@type\":\"SearchAction\",\"target\":{\"@type\":\"EntryPoint\",\"urlTemplate\":\"http:\/\/www.masciarelli.it\/ru\/?s={search_term_string}\"},\"query-input\":\"required name=search_term_string\"}],\"inLanguage\":\"da-DK\"},{\"@type\":\"WebPage\",\"@id\":\"https:\/\/www.masciarelli.it\/sostenibilita-ambientale\/#webpage\",\"url\":\"https:\/\/www.masciarelli.it\/sostenibilita-ambientale\/\",\"name\":\"Sostenibilit\u00e0 ambientale - Masciarelli Tenute Agricole\",\"isPartOf\":{\"@id\":\"http:\/\/www.masciarelli.it\/ru\/#website\"},\"datePublished\":\"2019-04-07T04:20:45+00:00\",\"dateModified\":\"2022-07-13T13:59:04+00:00\",\"breadcrumb\":{\"@id\":\"https:\/\/www.masciarelli.it\/sostenibilita-ambientale\/#breadcrumb\"},\"inLanguage\":\"da-DK\",\"potentialAction\":[{\"@type\":\"ReadAction\",\"target\":[\"https:\/\/www.masciarelli.it\/sostenibilita-ambientale\/\"]}]},{\"@type\":\"BreadcrumbList\",\"@id\":\"https:\/\/www.masciarelli.it\/sostenibilita-ambientale\/#breadcrumb\",\"itemListElement\":[{\"@type\":\"ListItem\",\"position\":1,\"name\":\"Home\",\"item\":\"https:\/\/www.masciarelli.it\/\"},{\"@type\":\"ListItem\",\"position\":2,\"name\":\"Sostenibilit\u00e0 ambientale\"}]}]}<\/script>\n<!-- \/ Yoast SEO plugin. -->","yoast_head_json":{"title":"Sostenibilit\u00e0 ambientale - Masciarelli Tenute Agricole","robots":{"index":"index","follow":"follow","max-snippet":"max-snippet:-1","max-image-preview":"max-image-preview:large","max-video-preview":"max-video-preview:-1"},"canonical":"https:\/\/www.masciarelli.it\/da\/sostenibilita-ambientale\/","og_locale":"da_DK","og_type":"article","og_title":"Sostenibilit\u00e0 ambientale - Masciarelli Tenute Agricole","og_url":"https:\/\/www.masciarelli.it\/da\/sostenibilita-ambientale\/","og_site_name":"Masciarelli Tenute Agricole","article_publisher":"https:\/\/www.facebook.com\/MasciarelliTenuteAgricole\/","article_modified_time":"2022-07-13T13:59:04+00:00","og_image":[{"width":426,"height":329,"url":"https:\/\/www.masciarelli.it\/wp-content\/uploads\/2019\/03\/masciarelli-logo-home@2x.png","type":"image\/png"}],"twitter_card":"summary_large_image","twitter_site":"@masciarellivini","twitter_misc":{"Estimeret l\u00e6setid":"2 minutter"},"schema":{"@context":"https:\/\/schema.org","@graph":[{"@type":"WebSite","@id":"http:\/\/www.masciarelli.it\/ru\/#website","url":"http:\/\/www.masciarelli.it\/ru\/","name":"Masciarelli Tenute Agricole","description":"Il profumo della mia terra, il sapore del mio vino","potentialAction":[{"@type":"SearchAction","target":{"@type":"EntryPoint","urlTemplate":"http:\/\/www.masciarelli.it\/ru\/?s={search_term_string}"},"query-input":"required name=search_term_string"}],"inLanguage":"da-DK"},{"@type":"WebPage","@id":"https:\/\/www.masciarelli.it\/sostenibilita-ambientale\/#webpage","url":"https:\/\/www.masciarelli.it\/sostenibilita-ambientale\/","name":"Sostenibilit\u00e0 ambientale - Masciarelli Tenute Agricole","isPartOf":{"@id":"http:\/\/www.masciarelli.it\/ru\/#website"},"datePublished":"2019-04-07T04:20:45+00:00","dateModified":"2022-07-13T13:59:04+00:00","breadcrumb":{"@id":"https:\/\/www.masciarelli.it\/sostenibilita-ambientale\/#breadcrumb"},"inLanguage":"da-DK","potentialAction":[{"@type":"ReadAction","target":["https:\/\/www.masciarelli.it\/sostenibilita-ambientale\/"]}]},{"@type":"BreadcrumbList","@id":"https:\/\/www.masciarelli.it\/sostenibilita-ambientale\/#breadcrumb","itemListElement":[{"@type":"ListItem","position":1,"name":"Home","item":"https:\/\/www.masciarelli.it\/"},{"@type":"ListItem","position":2,"name":"Sostenibilit\u00e0 ambientale"}]}]}},"_links":{"self":[{"href":"https:\/\/www.masciarelli.it\/da\/wp-json\/wp\/v2\/pages\/1478"}],"collection":[{"href":"https:\/\/www.masciarelli.it\/da\/wp-json\/wp\/v2\/pages"}],"about":[{"href":"https:\/\/www.masciarelli.it\/da\/wp-json\/wp\/v2\/types\/page"}],"author":[{"embeddable":true,"href":"https:\/\/www.masciarelli.it\/da\/wp-json\/wp\/v2\/users\/1"}],"replies":[{"embeddable":true,"href":"https:\/\/www.masciarelli.it\/da\/wp-json\/wp\/v2\/comments?post=1478"}],"version-history":[{"count":2,"href":"https:\/\/www.masciarelli.it\/da\/wp-json\/wp\/v2\/pages\/1478\/revisions"}],"predecessor-version":[{"id":2581,"href":"https:\/\/www.masciarelli.it\/da\/wp-json\/wp\/v2\/pages\/1478\/revisions\/2581"}],"wp:attachment":[{"href":"https:\/\/www.masciarelli.it\/da\/wp-json\/wp\/v2\/media?parent=1478"}],"curies":[{"name":"wp","href":"https:\/\/api.w.org\/{rel}","templated":true}]}}