



{"id":1470,"date":"2019-04-07T00:53:20","date_gmt":"2019-04-06T22:53:20","guid":{"rendered":"https:\/\/www.masciarelli.it\/?page_id=1470"},"modified":"2021-05-11T21:46:00","modified_gmt":"2021-05-11T19:46:00","slug":"disclaimer","status":"publish","type":"page","link":"https:\/\/www.masciarelli.it\/de\/disclaimer\/","title":{"rendered":"Disclaimer"},"content":{"rendered":"<div id=\"fws_69d6774defd4f\"  data-midnight=\"dark\"  data-bg-mobile-hidden=\"\" class=\"wpb_row vc_row-fluid vc_row top-level standard_section  text-justify\"  style=\"padding-top: 0px; padding-bottom: 0px; \"><div class=\"row-bg-wrap\" data-bg-animation=\"none\"><div class=\"inner-wrap\"><div class=\"row-bg\"  style=\"\"><\/div><\/div><div class=\"row-bg-overlay\" ><\/div><\/div><div class=\"col span_12 dark left\">\n\t<div  class=\"vc_col-sm-12 wpb_column column_container vc_column_container col no-extra-padding\"  data-t-w-inherits=\"default\" data-border-radius=\"none\" data-shadow=\"none\" data-border-animation=\"\" data-border-animation-delay=\"\" data-border-width=\"none\" data-border-style=\"solid\" data-border-color=\"\" data-bg-cover=\"\" data-padding-pos=\"all\" data-has-bg-color=\"false\" data-bg-color=\"\" data-bg-opacity=\"1\" data-hover-bg=\"\" data-hover-bg-opacity=\"1\" data-animation=\"\" data-delay=\"0\"><div class=\"column-bg-overlay\"><\/div>\n\t\t<div class=\"vc_column-inner\">\n\t\t\t<div class=\"wpb_wrapper\">\n\t\t\t\t<h1 style=\"font-size: 40px;line-height: 40px;text-align: left\" class=\"vc_custom_heading\" >Disclaimer<\/h1><div class=\"divider-wrap\" data-alignment=\"default\"><div style=\"height: 30px;\" class=\"divider\"><\/div><\/div>\n\t<div class=\"wpb_text_column wpb_content_element\" >\n\t\t<div class=\"wpb_wrapper\">\n\t\t\t<div>Gentile Utente,<\/div>\n<div>la Masciarelli Tenute Agricole Srl (di seguito \u201cAzienda\u201d) La informa che:<\/div>\n<div><\/div>\n<div>Accesso, Consultazione e Utilizzo delle pagine del Sito web masciarelli.circlestudio.it (di seguito \u201cSito\u201d) comportano l\u2019accettazione, da parte dell\u2019Utente (di seguito Utente), dei termini e delle condizioni del presente Disclaimer, che potranno essere modificate dall\u2019Azienda, in qualsiasi momento e senza preavviso, secondo la propria insindacabile discrezionalit\u00e0, salve le indicazioni inderogabili di legge.<\/div>\n<div><\/div>\n<div>Tutti i contenuti del presente Sito \u2013 comprensivi di dati, notizie, informazioni, immagini, grafici, disegni, marchi e nomi a dominio \u2013 sono di propriet\u00e0 dell\u2019Azienda, se non diversamente indicato, e sono protetti dalla vigente normativa sul diritto d\u2019autore nonch\u00e9 da quella in materia di propriet\u00e0 industriale. Non si riconosce all\u2019Utente, salva la possibilit\u00e0 di farne copia per uso esclusivamente personale, alcuna licenza n\u00e9 diritto d\u2019uso e pertanto non \u00e8 consentito registrare i contenuti del Sito\u2013 in tutto o in parte \u2013 su alcun tipo di supporto. \u00c8 altres\u00ec vietato riprodurli, copiarli, pubblicarli e utilizzarli a scopo commerciale senza preventiva autorizzazione scritta da parte dell\u2019Azienda. Per eventuali richieste consultare la sezione \u201cContatti\u201d.<\/div>\n<div><\/div>\n<div>Le informazioni contenute nel Sito sono state realizzate dalla Masciarelli Tenute Agricole Srl, se non diversamente indicato. L\u2019Azienda ha la facolt\u00e0 di modificare, in qualsiasi momento, senza alcun preavviso e a propria discrezione, i contenuti e le modalit\u00e0 funzionali ed operative del Sito.<\/div>\n<div><\/div>\n<div>L\u2019Azienda declina ogni e qualsiasi responsabilit\u00e0 per eventuali errori, inesattezze, mancanze o omissioni rinvenibili nei contenuti pubblicati. Le medesime considerazioni valgono anche per i contenuti prodotti da soggetti terzi e accolti nel Sito.<\/div>\n<div><\/div>\n<div>L\u2019Azienda non \u00e8 in alcun modo responsabile del contenuto di siti web diversi da masciarelli.circlestudio.it tramite i quali l\u2019Utente abbia raggiunto il Sito. Parimenti la Masciarelli Tenute Agricole Srl non \u00e8 responsabile dei contenuti dei siti web accessibili dal Sito medesimo, n\u00e9 per eventuali perdite o danni subiti dall\u2019Utente per qualsiasi ragione in conseguenza dell\u2019accesso da parte del medesimo a siti web cui il Sito sia collegato.<\/div>\n<div><\/div>\n<div>L\u2019Azienda non \u00e8 inoltre responsabile della mancata fruizione del Sito, del ritardo nell\u2019aggiornamento delle relative informazioni, n\u00e9 per i danni derivanti da eventuali interruzioni, sospensioni, ritardi o anomalie nel collegamento al Sito dipendenti dalla fornitura di energia elettrica o dal servizio telefonico o da cattivo funzionamento della rete Internet oppure da ogni altra causa non dipendente dall\u2019Azienda<\/div>\n<div><\/div>\n<div>Questo Sito non rappresenta una testata giornalistica in quanto viene aggiornato senza alcuna periodicit\u00e0 e non \u00e8 registrato presso alcun Tribunale. Non pu\u00f2 pertanto considerarsi un prodotto editoriale ai sensi della legge n. 62 del 7.03.2001.<\/div>\n<div><\/div>\n<div>Le informazioni relative all\u2019Utente ed alla sua provenienza vengono registrate e trattate secondo i criteri definiti dalla legge sulla privacy (Privacy Policy).<\/div>\n<div><\/div>\n<div>Per qualunque informazione o chiarimento l\u2019Utente pu\u00f2 contattare la Masciarelli Tenute Agricole Srl tramite i recapiti indicati nella sezione \u201cContatti\u201d.<\/div>\n\n\t\t<\/div>\n\t<\/div>\n\n\t\t\t<\/div> \n\t\t<\/div>\n\t<\/div> \n<\/div><\/div>","protected":false},"excerpt":{"rendered":"Disclaimer Gentile Utente, la Masciarelli Tenute Agricole Srl (di seguito \u201cAzienda\u201d) La informa che: Accesso, Consultazione e Utilizzo delle pagine del Sito web masciarelli.circlestudio.it (di seguito \u201cSito\u201d) comportano l\u2019accettazione, da...","protected":false},"author":2,"featured_media":0,"parent":0,"menu_order":0,"comment_status":"closed","ping_status":"closed","template":"","meta":[],"acf":[],"yoast_head":"<!-- This site is optimized with the Yoast SEO plugin v18.4.1 - https:\/\/yoast.com\/wordpress\/plugins\/seo\/ -->\n<title>Disclaimer - Masciarelli Tenute Agricole<\/title>\n<meta name=\"robots\" content=\"index, follow, max-snippet:-1, max-image-preview:large, max-video-preview:-1\" \/>\n<link rel=\"canonical\" href=\"https:\/\/www.masciarelli.it\/de\/disclaimer\/\" \/>\n<meta property=\"og:locale\" content=\"de_DE\" \/>\n<meta property=\"og:type\" content=\"article\" \/>\n<meta property=\"og:title\" content=\"Disclaimer - Masciarelli Tenute Agricole\" \/>\n<meta property=\"og:url\" content=\"https:\/\/www.masciarelli.it\/de\/disclaimer\/\" \/>\n<meta property=\"og:site_name\" content=\"Masciarelli Tenute Agricole\" \/>\n<meta property=\"article:publisher\" content=\"https:\/\/www.facebook.com\/MasciarelliTenuteAgricole\/\" \/>\n<meta property=\"article:modified_time\" content=\"2021-05-11T19:46:00+00:00\" \/>\n<meta property=\"og:image\" content=\"https:\/\/www.masciarelli.it\/wp-content\/uploads\/2019\/03\/masciarelli-logo-home@2x.png\" \/>\n\t<meta property=\"og:image:width\" content=\"426\" \/>\n\t<meta property=\"og:image:height\" content=\"329\" \/>\n\t<meta property=\"og:image:type\" content=\"image\/png\" \/>\n<meta name=\"twitter:card\" content=\"summary_large_image\" \/>\n<meta name=\"twitter:site\" content=\"@masciarellivini\" \/>\n<meta name=\"twitter:label1\" content=\"Gesch\u00e4tzte Lesezeit\" \/>\n\t<meta name=\"twitter:data1\" content=\"3\u00a0Minuten\" \/>\n<script type=\"application\/ld+json\" class=\"yoast-schema-graph\">{\"@context\":\"https:\/\/schema.org\",\"@graph\":[{\"@type\":\"WebSite\",\"@id\":\"http:\/\/www.masciarelli.it\/ru\/#website\",\"url\":\"http:\/\/www.masciarelli.it\/ru\/\",\"name\":\"Masciarelli Tenute Agricole\",\"description\":\"Il profumo della mia terra, il sapore del mio vino\",\"potentialAction\":[{\"@type\":\"SearchAction\",\"target\":{\"@type\":\"EntryPoint\",\"urlTemplate\":\"http:\/\/www.masciarelli.it\/ru\/?s={search_term_string}\"},\"query-input\":\"required name=search_term_string\"}],\"inLanguage\":\"de\"},{\"@type\":\"WebPage\",\"@id\":\"https:\/\/www.masciarelli.it\/disclaimer\/#webpage\",\"url\":\"https:\/\/www.masciarelli.it\/disclaimer\/\",\"name\":\"Disclaimer - Masciarelli Tenute Agricole\",\"isPartOf\":{\"@id\":\"http:\/\/www.masciarelli.it\/ru\/#website\"},\"datePublished\":\"2019-04-06T22:53:20+00:00\",\"dateModified\":\"2021-05-11T19:46:00+00:00\",\"breadcrumb\":{\"@id\":\"https:\/\/www.masciarelli.it\/disclaimer\/#breadcrumb\"},\"inLanguage\":\"de\",\"potentialAction\":[{\"@type\":\"ReadAction\",\"target\":[\"https:\/\/www.masciarelli.it\/disclaimer\/\"]}]},{\"@type\":\"BreadcrumbList\",\"@id\":\"https:\/\/www.masciarelli.it\/disclaimer\/#breadcrumb\",\"itemListElement\":[{\"@type\":\"ListItem\",\"position\":1,\"name\":\"Home\",\"item\":\"https:\/\/www.masciarelli.it\/\"},{\"@type\":\"ListItem\",\"position\":2,\"name\":\"Disclaimer\"}]}]}<\/script>\n<!-- \/ Yoast SEO plugin. -->","yoast_head_json":{"title":"Disclaimer - Masciarelli Tenute Agricole","robots":{"index":"index","follow":"follow","max-snippet":"max-snippet:-1","max-image-preview":"max-image-preview:large","max-video-preview":"max-video-preview:-1"},"canonical":"https:\/\/www.masciarelli.it\/de\/disclaimer\/","og_locale":"de_DE","og_type":"article","og_title":"Disclaimer - Masciarelli Tenute Agricole","og_url":"https:\/\/www.masciarelli.it\/de\/disclaimer\/","og_site_name":"Masciarelli Tenute Agricole","article_publisher":"https:\/\/www.facebook.com\/MasciarelliTenuteAgricole\/","article_modified_time":"2021-05-11T19:46:00+00:00","og_image":[{"width":426,"height":329,"url":"https:\/\/www.masciarelli.it\/wp-content\/uploads\/2019\/03\/masciarelli-logo-home@2x.png","type":"image\/png"}],"twitter_card":"summary_large_image","twitter_site":"@masciarellivini","twitter_misc":{"Gesch\u00e4tzte Lesezeit":"3\u00a0Minuten"},"schema":{"@context":"https:\/\/schema.org","@graph":[{"@type":"WebSite","@id":"http:\/\/www.masciarelli.it\/ru\/#website","url":"http:\/\/www.masciarelli.it\/ru\/","name":"Masciarelli Tenute Agricole","description":"Il profumo della mia terra, il sapore del mio vino","potentialAction":[{"@type":"SearchAction","target":{"@type":"EntryPoint","urlTemplate":"http:\/\/www.masciarelli.it\/ru\/?s={search_term_string}"},"query-input":"required name=search_term_string"}],"inLanguage":"de"},{"@type":"WebPage","@id":"https:\/\/www.masciarelli.it\/disclaimer\/#webpage","url":"https:\/\/www.masciarelli.it\/disclaimer\/","name":"Disclaimer - Masciarelli Tenute Agricole","isPartOf":{"@id":"http:\/\/www.masciarelli.it\/ru\/#website"},"datePublished":"2019-04-06T22:53:20+00:00","dateModified":"2021-05-11T19:46:00+00:00","breadcrumb":{"@id":"https:\/\/www.masciarelli.it\/disclaimer\/#breadcrumb"},"inLanguage":"de","potentialAction":[{"@type":"ReadAction","target":["https:\/\/www.masciarelli.it\/disclaimer\/"]}]},{"@type":"BreadcrumbList","@id":"https:\/\/www.masciarelli.it\/disclaimer\/#breadcrumb","itemListElement":[{"@type":"ListItem","position":1,"name":"Home","item":"https:\/\/www.masciarelli.it\/"},{"@type":"ListItem","position":2,"name":"Disclaimer"}]}]}},"_links":{"self":[{"href":"https:\/\/www.masciarelli.it\/de\/wp-json\/wp\/v2\/pages\/1470"}],"collection":[{"href":"https:\/\/www.masciarelli.it\/de\/wp-json\/wp\/v2\/pages"}],"about":[{"href":"https:\/\/www.masciarelli.it\/de\/wp-json\/wp\/v2\/types\/page"}],"author":[{"embeddable":true,"href":"https:\/\/www.masciarelli.it\/de\/wp-json\/wp\/v2\/users\/2"}],"replies":[{"embeddable":true,"href":"https:\/\/www.masciarelli.it\/de\/wp-json\/wp\/v2\/comments?post=1470"}],"version-history":[{"count":0,"href":"https:\/\/www.masciarelli.it\/de\/wp-json\/wp\/v2\/pages\/1470\/revisions"}],"wp:attachment":[{"href":"https:\/\/www.masciarelli.it\/de\/wp-json\/wp\/v2\/media?parent=1470"}],"curies":[{"name":"wp","href":"https:\/\/api.w.org\/{rel}","templated":true}]}}