



{"id":588,"date":"2019-04-02T11:28:06","date_gmt":"2019-04-02T09:28:06","guid":{"rendered":"https:\/\/www.masciarelli.it\/?page_id=588"},"modified":"2021-05-11T21:49:47","modified_gmt":"2021-05-11T19:49:47","slug":"linea-classica","status":"publish","type":"page","link":"https:\/\/www.masciarelli.it\/de\/vini\/linea-classica\/","title":{"rendered":"Linea Classica"},"content":{"rendered":"<div id=\"fws_69d6f0a7d0f43\"  data-midnight=\"dark\"  data-bg-mobile-hidden=\"\" class=\"wpb_row vc_row-fluid vc_row top-level full-width-section  vc_row-o-equal-height vc_row-flex  vc_row-o-content-bottom standard_section\"  style=\"padding-top: 0px; padding-bottom: 0px; \"><div class=\"row-bg-wrap\" data-bg-animation=\"none\"><div class=\"inner-wrap\"><div class=\"row-bg  using-bg-color\"  style=\"background-color: #ffffff; \"><\/div><\/div><div class=\"row-bg-overlay\" ><\/div><\/div><div class=\"col span_12 dark left\">\n\t<div  class=\"vc_col-sm-5 order-2 order-lg-1 wpb_column column_container vc_column_container col no-extra-padding\"  data-t-w-inherits=\"default\" data-border-radius=\"none\" data-shadow=\"none\" data-border-animation=\"\" data-border-animation-delay=\"\" data-border-width=\"none\" data-border-style=\"solid\" data-border-color=\"\" data-bg-cover=\"\" data-padding-pos=\"all\" data-has-bg-color=\"false\" data-bg-color=\"\" data-bg-opacity=\"1\" data-hover-bg=\"\" data-hover-bg-opacity=\"1\" data-animation=\"\" data-delay=\"0\"><div class=\"column-bg-overlay\"><\/div>\n\t\t<div class=\"vc_column-inner\">\n\t\t\t<div class=\"wpb_wrapper\">\n\t\t\t\t\n    \t<div id=\"fws_69d6f0a7d1312\" data-midnight=\"\" data-column-margin=\"default\" data-bg-mobile-hidden=\"\" class=\"wpb_row vc_row-fluid vc_row inner_row standard_section  vc_custom_1504128844236\"  style=\"padding-top: 0px; padding-bottom: 0px; \"><div class=\"row-bg-wrap\"> <div class=\"row-bg\"  style=\"\"><\/div> <\/div><div class=\"col span_12  left\">\n\t<div style=\"\" class=\"vc_col-sm-12 no-padding-lr wpb_column column_container vc_column_container col has-animation padding-10-percent\"  data-using-bg=\"true\" data-t-w-inherits=\"default\" data-shadow=\"none\" data-border-radius=\"none\" data-border-animation=\"\" data-border-animation-delay=\"\" data-border-width=\"none\" data-border-style=\"solid\" data-border-color=\"\" data-bg-cover=\"\" data-padding-pos=\"all\" data-has-bg-color=\"true\" data-bg-color=\"#ffffff\" data-bg-opacity=\"1\" data-hover-bg=\"\" data-hover-bg-opacity=\"1\" data-animation=\"fade-in-from-left\" data-delay=\"0\"><div class=\"column-bg-overlay\" style=\"opacity: 1; background-color: #ffffff;\"><\/div>\n\t\t<div class=\"vc_column-inner\">\n\t\t<div class=\"wpb_wrapper\">\n\t\t\t<h1 style=\"font-size: 40px;line-height: 40px;text-align: left\" class=\"vc_custom_heading\" >Linea Classica<\/h1>\n\t<div class=\"wpb_text_column wpb_content_element  vc_custom_1615211507471 text-justify\" >\n\t\t<div class=\"wpb_wrapper\">\n\t\t\t<p class=\"translation-block\">Die erste Weinserie, die Gianni Masciarelli in den 80er Jahren kreierte, ist heute die best\u00e4ndigste und meistverkaufte Produktion des Weinguts und ein sicherer Bezugspunkt f\u00fcr Masciarellis Weinliebhaber. Getreu der Philosophie von Gianni, dass \u201eein gro\u00dfes Weingut an seinem t\u00e4glichen Wein zu erkennen ist\u201d, spiegelt das Sortiment den unverf\u00e4lschten Geschmack der abruzzesischen Tradition und die Qualit\u00e4ten der autochthonen Reben wider. Um allen Kunden ein gesundes, sicheres und ausgezeichnetes Produkt zu garantieren, hat Masciarelli \u00fcber 60 Weinbergsparzellen in der gesamten Region erworben, um die Ernte vor den Launen des Wetters zu sch\u00fctzen und immer qualitativ hochwertige Trauben zu garantieren. Der Schraubverschluss erm\u00f6glicht ein einfaches \u00d6ffnen und bewahrt den aromatischen Duft wie bei der Abf\u00fcllung.<\/p>\n\n\t\t<\/div>\n\t<\/div>\n\n\t\t<\/div> \n\t<\/div>\n\t<\/div> \n<\/div><\/div>\n\t\t\t<\/div> \n\t\t<\/div>\n\t<\/div> \n\n\t<div  class=\"vc_col-sm-7 order-1 order-lg-2 wpb_column column_container vc_column_container col no-extra-padding\"  data-t-w-inherits=\"default\" data-border-radius=\"none\" data-shadow=\"none\" data-border-animation=\"\" data-border-animation-delay=\"\" data-border-width=\"none\" data-border-style=\"solid\" data-border-color=\"\" data-bg-cover=\"\" data-padding-pos=\"all\" data-has-bg-color=\"false\" data-bg-color=\"\" data-bg-opacity=\"1\" data-hover-bg=\"\" data-hover-bg-opacity=\"1\" data-animation=\"\" data-delay=\"0\"><div class=\"column-bg-overlay\"><\/div>\n\t\t<div class=\"vc_column-inner\">\n\t\t\t<div class=\"wpb_wrapper\">\n\t\t\t\t<div class=\"img-with-aniamtion-wrap right\" data-max-width=\"125%\" data-border-radius=\"none\"><div class=\"inner\"><img data-shadow=\"none\" data-shadow-direction=\"middle\" class=\"img-with-animation skip-lazy\" data-delay=\"0\" height=\"600\" width=\"1200\"  data-animation=\"fade-in-from-right\" src=\"https:\/\/www.masciarelli.it\/wp-content\/uploads\/2019\/03\/LINEA-CLASSICA-COLONNELLA.jpg\" srcset=\"https:\/\/www.masciarelli.it\/wp-content\/uploads\/2019\/03\/LINEA-CLASSICA-COLONNELLA.jpg 1200w, https:\/\/www.masciarelli.it\/wp-content\/uploads\/2019\/03\/LINEA-CLASSICA-COLONNELLA-300x150.jpg 300w, https:\/\/www.masciarelli.it\/wp-content\/uploads\/2019\/03\/LINEA-CLASSICA-COLONNELLA-768x384.jpg 768w, https:\/\/www.masciarelli.it\/wp-content\/uploads\/2019\/03\/LINEA-CLASSICA-COLONNELLA-1024x512.jpg 1024w, https:\/\/www.masciarelli.it\/wp-content\/uploads\/2019\/03\/LINEA-CLASSICA-COLONNELLA-1000x500.jpg 1000w, https:\/\/www.masciarelli.it\/wp-content\/uploads\/2019\/03\/LINEA-CLASSICA-COLONNELLA-670x335.jpg 670w\" sizes=\"100vw\" alt=\"Linea Classica - Tenuta Colonnella\" \/><\/div><\/div>\n\t\t\t<\/div> \n\t\t<\/div>\n\t<\/div> \n<\/div><\/div>\n\t\t<div id=\"fws_69d6f0a7d1d92\"  data-midnight=\"dark\"  data-bg-mobile-hidden=\"\" class=\"wpb_row vc_row-fluid vc_row standard_section\"  style=\"padding-top: 0px; padding-bottom: 0px; \"><div class=\"row-bg-wrap\" data-bg-animation=\"none\"><div class=\"inner-wrap\"><div class=\"row-bg\"  style=\"\"><\/div><\/div><div class=\"row-bg-overlay\" ><\/div><\/div><div class=\"col span_12 dark left\">\n\t<div  class=\"vc_col-sm-12 wpb_column column_container vc_column_container col no-extra-padding\"  data-t-w-inherits=\"default\" data-border-radius=\"none\" data-shadow=\"none\" data-border-animation=\"\" data-border-animation-delay=\"\" data-border-width=\"none\" data-border-style=\"solid\" data-border-color=\"\" data-bg-cover=\"\" data-padding-pos=\"all\" data-has-bg-color=\"false\" data-bg-color=\"\" data-bg-opacity=\"1\" data-hover-bg=\"\" data-hover-bg-opacity=\"1\" data-animation=\"\" data-delay=\"0\"><div class=\"column-bg-overlay\"><\/div>\n\t\t<div class=\"vc_column-inner\">\n\t\t\t<div class=\"wpb_wrapper\">\n\t\t\t\t\t\n\t\n\n\n\t<div class=\"portfolio-wrap\">\n\t\t\t\n\t\t\t\n\t\t\t<span class=\"portfolio-loading  none\">   <\/span>\n\n\t\t\t\n\t\t\t\t\t\t\n\t\t\t<div class=\"row portfolio-items no-masonry\" data-rcp=\"false\" data-masonry-type=\"default\" data-ps=\"2\" data-starting-filter=\"\" data-gutter=\"1px\" data-categories-to-show=\"linea-classica\" data-bypass-cropping=\"\" data-lightbox-only=\"0\" data-col-num=\"cols-3\">\n\t\t\t\t\t\t\t\t\t\n\t\t\t\t\t\t\t\t\t\t\n\t\t\t\t\t<div class=\"col span_4  custom-project-item element linea-classica\"  data-project-cat=\"linea-classica \" data-default-color=\"true\" data-title-color=\"\" data-subtitle-color=\"\">\n\t\t\t\t\t\t\n\t\t\t\t\t\t<div class=\"inner-wrap animated\" data-animation=\"none\">\n\n\t\t\t\t\t\t\t\t\t\t\t\t\t\n\t\t\t\t\t\t\t<div class=\"work-item style-2\" data-custom-content=\"off\">\n\t\t\t\t\t\t\t\t\n\t\t\t\t\t\t\t\t<img class=\"custom-thumbnail skip-lazy\" src=\"https:\/\/www.masciarelli.it\/wp-content\/uploads\/2019\/04\/Treb-stelvin_final.png\" alt=\"Trebbiano d&#8217;Abruzzo DOC\" \/>\t\t\t\t\n\t\t\t\t\t\t\t\t<div class=\"work-info-bg\"><\/div>\n\t\t\t\t\t\t\t\t<div class=\"work-info\">\n\t\t\t\t\t\t\t\t\t\n\t\t\t\t\t\t\t\t\t\n\t\t\t\t\t\t\t\t\t\t\n\t\t\t\t\t\t\t\t\t\t\t\t\t\t\t\t\t\t\t\t\t\n\t\t\t\t\t\t\t\t\t\t\t<a href=\"https:\/\/www.masciarelli.it\/de\/i-vini\/trebbiano-dabruzzo-doc-linea-classica\/\"><\/a>\n\t\t\t\t\t\t\t\t\t\t\n\t\t\t\t\t\t\t\t\t\t\t\t\t\t\t\t\t\t\t\n\t\t\n\t\t\t\t\t\t\t\t\t<div class=\"vert-center\">\n\t\t\t\t\t\t\t\t\t\t\t\n\t\t\t\t\t\t\t\t\t\t\t<h3>Trebbiano d&#8217;Abruzzo DOC<\/h3> \n\t\t\t\t\t\t\t\t\t\t\t<p>TREBBIANO D'ABRUZZO DOC<\/p>\t\t\t\t\t\t\t\t\t<\/div><!--\/vert-center-->\n\t\t\t\t\t\t\t\t\t\n\t\t\t\t\t\t\t\t<\/div>\n\t\t\t\t\t\t\t<\/div><!--work-item-->\n\t\t\t\t\t\t\t\n\t\t\t\t\t\t\t\t\t\t\t\t\n\t\t\t\t\t\t\n\t\t\t\t\t<\/div><!--\/inner-wrap-->\n\t\t\t\t\t<\/div><!--\/col-->\n\t\t\t\t\t\n\t\t\t\t\t\t\t\t\t\n\t\t\t\t\t\t\t\t\t\t\n\t\t\t\t\t<div class=\"col span_4  custom-project-item element linea-classica\"  data-project-cat=\"linea-classica \" data-default-color=\"true\" data-title-color=\"\" data-subtitle-color=\"\">\n\t\t\t\t\t\t\n\t\t\t\t\t\t<div class=\"inner-wrap animated\" data-animation=\"none\">\n\n\t\t\t\t\t\t\t\t\t\t\t\t\t\n\t\t\t\t\t\t\t<div class=\"work-item style-2\" data-custom-content=\"off\">\n\t\t\t\t\t\t\t\t\n\t\t\t\t\t\t\t\t<img class=\"custom-thumbnail skip-lazy\" src=\"https:\/\/www.masciarelli.it\/wp-content\/uploads\/2019\/04\/Masciarelli_Montepulciano_tappo_stelvin.png\" alt=\"Montepulciano d&#8217;Abruzzo DOC\" \/>\t\t\t\t\n\t\t\t\t\t\t\t\t<div class=\"work-info-bg\"><\/div>\n\t\t\t\t\t\t\t\t<div class=\"work-info\">\n\t\t\t\t\t\t\t\t\t\n\t\t\t\t\t\t\t\t\t\n\t\t\t\t\t\t\t\t\t\t\n\t\t\t\t\t\t\t\t\t\t\t\t\t\t\t\t\t\t\t\t\t\n\t\t\t\t\t\t\t\t\t\t\t<a href=\"https:\/\/www.masciarelli.it\/de\/i-vini\/montepulciano-dabruzzo-linea-classica\/\"><\/a>\n\t\t\t\t\t\t\t\t\t\t\n\t\t\t\t\t\t\t\t\t\t\t\t\t\t\t\t\t\t\t\n\t\t\n\t\t\t\t\t\t\t\t\t<div class=\"vert-center\">\n\t\t\t\t\t\t\t\t\t\t\t\n\t\t\t\t\t\t\t\t\t\t\t<h3>Montepulciano d&#8217;Abruzzo DOC<\/h3> \n\t\t\t\t\t\t\t\t\t\t\t<p>MONTEPULCIANO D'ABRUZZO<\/p>\t\t\t\t\t\t\t\t\t<\/div><!--\/vert-center-->\n\t\t\t\t\t\t\t\t\t\n\t\t\t\t\t\t\t\t<\/div>\n\t\t\t\t\t\t\t<\/div><!--work-item-->\n\t\t\t\t\t\t\t\n\t\t\t\t\t\t\t\t\t\t\t\t\n\t\t\t\t\t\t\n\t\t\t\t\t<\/div><!--\/inner-wrap-->\n\t\t\t\t\t<\/div><!--\/col-->\n\t\t\t\t\t\n\t\t\t\t\t\t\t\t\t\n\t\t\t\t\t\t\t\t\t\t\n\t\t\t\t\t<div class=\"col span_4  custom-project-item element linea-classica\"  data-project-cat=\"linea-classica \" data-default-color=\"true\" data-title-color=\"\" data-subtitle-color=\"\">\n\t\t\t\t\t\t\n\t\t\t\t\t\t<div class=\"inner-wrap animated\" data-animation=\"none\">\n\n\t\t\t\t\t\t\t\t\t\t\t\t\t\n\t\t\t\t\t\t\t<div class=\"work-item style-2\" data-custom-content=\"off\">\n\t\t\t\t\t\t\t\t\n\t\t\t\t\t\t\t\t<img class=\"custom-thumbnail skip-lazy\" src=\"https:\/\/www.masciarelli.it\/wp-content\/uploads\/2019\/04\/rosato-2015-stelvin-piu\u0300-chiara-3.png\" alt=\"Rosato IGT Colline Teatine\" \/>\t\t\t\t\n\t\t\t\t\t\t\t\t<div class=\"work-info-bg\"><\/div>\n\t\t\t\t\t\t\t\t<div class=\"work-info\">\n\t\t\t\t\t\t\t\t\t\n\t\t\t\t\t\t\t\t\t\n\t\t\t\t\t\t\t\t\t\t\n\t\t\t\t\t\t\t\t\t\t\t\t\t\t\t\t\t\t\t\t\t\n\t\t\t\t\t\t\t\t\t\t\t<a href=\"https:\/\/www.masciarelli.it\/de\/i-vini\/rosato-igt-colline-teatine-linea-classica\/\"><\/a>\n\t\t\t\t\t\t\t\t\t\t\n\t\t\t\t\t\t\t\t\t\t\t\t\t\t\t\t\t\t\t\n\t\t\n\t\t\t\t\t\t\t\t\t<div class=\"vert-center\">\n\t\t\t\t\t\t\t\t\t\t\t\n\t\t\t\t\t\t\t\t\t\t\t<h3>Rosato IGT Colline Teatine<\/h3> \n\t\t\t\t\t\t\t\t\t\t\t<p>ROSATO IGT COLLINE TEATINE<\/p>\t\t\t\t\t\t\t\t\t<\/div><!--\/vert-center-->\n\t\t\t\t\t\t\t\t\t\n\t\t\t\t\t\t\t\t<\/div>\n\t\t\t\t\t\t\t<\/div><!--work-item-->\n\t\t\t\t\t\t\t\n\t\t\t\t\t\t\t\t\t\t\t\t\n\t\t\t\t\t\t\n\t\t\t\t\t<\/div><!--\/inner-wrap-->\n\t\t\t\t\t<\/div><!--\/col-->\n\t\t\t\t\t\n\t\t\t\t\n\t\t\t<\/div><!--\/portfolio-->\n\t   <\/div><!--\/portfolio wrap-->\n\t\t\n\t\t\n\t\t\t<\/div> \n\t\t<\/div>\n\t<\/div> \n<\/div><\/div>","protected":false},"excerpt":{"rendered":"","protected":false},"author":2,"featured_media":1746,"parent":25,"menu_order":0,"comment_status":"closed","ping_status":"closed","template":"","meta":[],"acf":[],"yoast_head":"<!-- This site is optimized with the Yoast SEO plugin v18.4.1 - https:\/\/yoast.com\/wordpress\/plugins\/seo\/ -->\n<title>Linea Classica - Masciarelli Tenute Agricole<\/title>\n<meta name=\"description\" content=\"Linea Classica la prima linea creata da Gianni Masciarelli negli anni \u201980 ed \u00e8 punto di riferimento per gli amanti dei vini Masciarelli.\" \/>\n<meta name=\"robots\" content=\"index, follow, max-snippet:-1, max-image-preview:large, max-video-preview:-1\" \/>\n<link rel=\"canonical\" href=\"https:\/\/www.masciarelli.it\/de\/vini\/linea-classica\/\" \/>\n<meta property=\"og:locale\" content=\"de_DE\" \/>\n<meta property=\"og:type\" content=\"article\" \/>\n<meta property=\"og:title\" content=\"Linea Classica - Masciarelli Tenute Agricole\" \/>\n<meta property=\"og:description\" content=\"Linea Classica la prima linea creata da Gianni Masciarelli negli anni \u201980 ed \u00e8 punto di riferimento per gli amanti dei vini Masciarelli.\" \/>\n<meta property=\"og:url\" content=\"https:\/\/www.masciarelli.it\/de\/vini\/linea-classica\/\" \/>\n<meta property=\"og:site_name\" content=\"Masciarelli Tenute Agricole\" \/>\n<meta property=\"article:publisher\" content=\"https:\/\/www.facebook.com\/MasciarelliTenuteAgricole\/\" \/>\n<meta property=\"article:modified_time\" content=\"2021-05-11T19:49:47+00:00\" \/>\n<meta property=\"og:image\" content=\"https:\/\/www.masciarelli.it\/wp-content\/uploads\/2019\/03\/LINEA-CLASSICA-COLONNELLA.jpg\" \/>\n\t<meta property=\"og:image:width\" content=\"1200\" \/>\n\t<meta property=\"og:image:height\" content=\"600\" \/>\n\t<meta property=\"og:image:type\" content=\"image\/jpeg\" \/>\n<meta name=\"twitter:card\" content=\"summary_large_image\" \/>\n<meta name=\"twitter:title\" content=\"Linea Classica - Masciarelli Tenute Agricole\" \/>\n<meta name=\"twitter:description\" content=\"Linea Classica la prima linea creata da Gianni Masciarelli negli anni \u201980 ed \u00e8 punto di riferimento per gli amanti dei vini Masciarelli.\" \/>\n<meta name=\"twitter:image\" content=\"https:\/\/www.masciarelli.it\/wp-content\/uploads\/2019\/03\/LINEA-CLASSICA-COLONNELLA.jpg\" \/>\n<meta name=\"twitter:site\" content=\"@masciarellivini\" \/>\n<meta name=\"twitter:label1\" content=\"Gesch\u00e4tzte Lesezeit\" \/>\n\t<meta name=\"twitter:data1\" content=\"1\u00a0Minute\" \/>\n<script type=\"application\/ld+json\" class=\"yoast-schema-graph\">{\"@context\":\"https:\/\/schema.org\",\"@graph\":[{\"@type\":\"WebSite\",\"@id\":\"http:\/\/www.masciarelli.it\/ru\/#website\",\"url\":\"http:\/\/www.masciarelli.it\/ru\/\",\"name\":\"Masciarelli Tenute Agricole\",\"description\":\"Il profumo della mia terra, il sapore del mio vino\",\"potentialAction\":[{\"@type\":\"SearchAction\",\"target\":{\"@type\":\"EntryPoint\",\"urlTemplate\":\"http:\/\/www.masciarelli.it\/ru\/?s={search_term_string}\"},\"query-input\":\"required name=search_term_string\"}],\"inLanguage\":\"de\"},{\"@type\":\"ImageObject\",\"@id\":\"https:\/\/www.masciarelli.it\/vini\/linea-classica\/#primaryimage\",\"inLanguage\":\"de\",\"url\":\"https:\/\/www.masciarelli.it\/wp-content\/uploads\/2019\/03\/LINEA-CLASSICA-COLONNELLA.jpg\",\"contentUrl\":\"https:\/\/www.masciarelli.it\/wp-content\/uploads\/2019\/03\/LINEA-CLASSICA-COLONNELLA.jpg\",\"width\":1200,\"height\":600,\"caption\":\"Linea Classica - Tenuta Colonnella\"},{\"@type\":\"WebPage\",\"@id\":\"https:\/\/www.masciarelli.it\/vini\/linea-classica\/#webpage\",\"url\":\"https:\/\/www.masciarelli.it\/vini\/linea-classica\/\",\"name\":\"Linea Classica - Masciarelli Tenute Agricole\",\"isPartOf\":{\"@id\":\"http:\/\/www.masciarelli.it\/ru\/#website\"},\"primaryImageOfPage\":{\"@id\":\"https:\/\/www.masciarelli.it\/vini\/linea-classica\/#primaryimage\"},\"datePublished\":\"2019-04-02T09:28:06+00:00\",\"dateModified\":\"2021-05-11T19:49:47+00:00\",\"description\":\"Linea Classica la prima linea creata da Gianni Masciarelli negli anni \u201980 ed \u00e8 punto di riferimento per gli amanti dei vini Masciarelli.\",\"breadcrumb\":{\"@id\":\"https:\/\/www.masciarelli.it\/vini\/linea-classica\/#breadcrumb\"},\"inLanguage\":\"de\",\"potentialAction\":[{\"@type\":\"ReadAction\",\"target\":[\"https:\/\/www.masciarelli.it\/vini\/linea-classica\/\"]}]},{\"@type\":\"BreadcrumbList\",\"@id\":\"https:\/\/www.masciarelli.it\/vini\/linea-classica\/#breadcrumb\",\"itemListElement\":[{\"@type\":\"ListItem\",\"position\":1,\"name\":\"Home\",\"item\":\"https:\/\/www.masciarelli.it\/\"},{\"@type\":\"ListItem\",\"position\":2,\"name\":\"I VINI\",\"item\":\"https:\/\/www.masciarelli.it\/vini\/\"},{\"@type\":\"ListItem\",\"position\":3,\"name\":\"Linea Classica\"}]}]}<\/script>\n<!-- \/ Yoast SEO plugin. -->","yoast_head_json":{"title":"Linea Classica - Masciarelli Tenute Agricole","description":"Linea Classica la prima linea creata da Gianni Masciarelli negli anni \u201980 ed \u00e8 punto di riferimento per gli amanti dei vini Masciarelli.","robots":{"index":"index","follow":"follow","max-snippet":"max-snippet:-1","max-image-preview":"max-image-preview:large","max-video-preview":"max-video-preview:-1"},"canonical":"https:\/\/www.masciarelli.it\/de\/vini\/linea-classica\/","og_locale":"de_DE","og_type":"article","og_title":"Linea Classica - Masciarelli Tenute Agricole","og_description":"Linea Classica la prima linea creata da Gianni Masciarelli negli anni \u201980 ed \u00e8 punto di riferimento per gli amanti dei vini Masciarelli.","og_url":"https:\/\/www.masciarelli.it\/de\/vini\/linea-classica\/","og_site_name":"Masciarelli Tenute Agricole","article_publisher":"https:\/\/www.facebook.com\/MasciarelliTenuteAgricole\/","article_modified_time":"2021-05-11T19:49:47+00:00","og_image":[{"width":1200,"height":600,"url":"https:\/\/www.masciarelli.it\/wp-content\/uploads\/2019\/03\/LINEA-CLASSICA-COLONNELLA.jpg","type":"image\/jpeg"}],"twitter_card":"summary_large_image","twitter_title":"Linea Classica - Masciarelli Tenute Agricole","twitter_description":"Linea Classica la prima linea creata da Gianni Masciarelli negli anni \u201980 ed \u00e8 punto di riferimento per gli amanti dei vini Masciarelli.","twitter_image":"https:\/\/www.masciarelli.it\/wp-content\/uploads\/2019\/03\/LINEA-CLASSICA-COLONNELLA.jpg","twitter_site":"@masciarellivini","twitter_misc":{"Gesch\u00e4tzte Lesezeit":"1\u00a0Minute"},"schema":{"@context":"https:\/\/schema.org","@graph":[{"@type":"WebSite","@id":"http:\/\/www.masciarelli.it\/ru\/#website","url":"http:\/\/www.masciarelli.it\/ru\/","name":"Masciarelli Tenute Agricole","description":"Il profumo della mia terra, il sapore del mio vino","potentialAction":[{"@type":"SearchAction","target":{"@type":"EntryPoint","urlTemplate":"http:\/\/www.masciarelli.it\/ru\/?s={search_term_string}"},"query-input":"required name=search_term_string"}],"inLanguage":"de"},{"@type":"ImageObject","@id":"https:\/\/www.masciarelli.it\/vini\/linea-classica\/#primaryimage","inLanguage":"de","url":"https:\/\/www.masciarelli.it\/wp-content\/uploads\/2019\/03\/LINEA-CLASSICA-COLONNELLA.jpg","contentUrl":"https:\/\/www.masciarelli.it\/wp-content\/uploads\/2019\/03\/LINEA-CLASSICA-COLONNELLA.jpg","width":1200,"height":600,"caption":"Linea Classica - Tenuta Colonnella"},{"@type":"WebPage","@id":"https:\/\/www.masciarelli.it\/vini\/linea-classica\/#webpage","url":"https:\/\/www.masciarelli.it\/vini\/linea-classica\/","name":"Linea Classica - Masciarelli Tenute Agricole","isPartOf":{"@id":"http:\/\/www.masciarelli.it\/ru\/#website"},"primaryImageOfPage":{"@id":"https:\/\/www.masciarelli.it\/vini\/linea-classica\/#primaryimage"},"datePublished":"2019-04-02T09:28:06+00:00","dateModified":"2021-05-11T19:49:47+00:00","description":"Linea Classica la prima linea creata da Gianni Masciarelli negli anni \u201980 ed \u00e8 punto di riferimento per gli amanti dei vini Masciarelli.","breadcrumb":{"@id":"https:\/\/www.masciarelli.it\/vini\/linea-classica\/#breadcrumb"},"inLanguage":"de","potentialAction":[{"@type":"ReadAction","target":["https:\/\/www.masciarelli.it\/vini\/linea-classica\/"]}]},{"@type":"BreadcrumbList","@id":"https:\/\/www.masciarelli.it\/vini\/linea-classica\/#breadcrumb","itemListElement":[{"@type":"ListItem","position":1,"name":"Home","item":"https:\/\/www.masciarelli.it\/"},{"@type":"ListItem","position":2,"name":"I VINI","item":"https:\/\/www.masciarelli.it\/vini\/"},{"@type":"ListItem","position":3,"name":"Linea Classica"}]}]}},"_links":{"self":[{"href":"https:\/\/www.masciarelli.it\/de\/wp-json\/wp\/v2\/pages\/588"}],"collection":[{"href":"https:\/\/www.masciarelli.it\/de\/wp-json\/wp\/v2\/pages"}],"about":[{"href":"https:\/\/www.masciarelli.it\/de\/wp-json\/wp\/v2\/types\/page"}],"author":[{"embeddable":true,"href":"https:\/\/www.masciarelli.it\/de\/wp-json\/wp\/v2\/users\/2"}],"replies":[{"embeddable":true,"href":"https:\/\/www.masciarelli.it\/de\/wp-json\/wp\/v2\/comments?post=588"}],"version-history":[{"count":0,"href":"https:\/\/www.masciarelli.it\/de\/wp-json\/wp\/v2\/pages\/588\/revisions"}],"up":[{"embeddable":true,"href":"https:\/\/www.masciarelli.it\/de\/wp-json\/wp\/v2\/pages\/25"}],"wp:featuredmedia":[{"embeddable":true,"href":"https:\/\/www.masciarelli.it\/de\/wp-json\/wp\/v2\/media\/1746"}],"wp:attachment":[{"href":"https:\/\/www.masciarelli.it\/de\/wp-json\/wp\/v2\/media?parent=588"}],"curies":[{"name":"wp","href":"https:\/\/api.w.org\/{rel}","templated":true}]}}