



{"id":838,"date":"2019-04-03T10:13:32","date_gmt":"2019-04-03T08:13:32","guid":{"rendered":"https:\/\/www.masciarelli.it\/?page_id=838"},"modified":"2022-04-11T10:28:04","modified_gmt":"2022-04-11T08:28:04","slug":"giannis-selection","status":"publish","type":"page","link":"https:\/\/www.masciarelli.it\/de\/giannis-selection\/","title":{"rendered":"Gianni&#8217;s Selection"},"content":{"rendered":"<div id=\"fws_69e48a4df0e08\"  data-midnight=\"dark\"  data-bg-mobile-hidden=\"\" class=\"wpb_row vc_row-fluid vc_row top-level  vc_row-o-equal-height vc_row-flex  vc_row-o-content-bottom standard_section\"  style=\"padding-top: 0px; padding-bottom: 0px; \"><div class=\"row-bg-wrap\" data-bg-animation=\"none\"><div class=\"inner-wrap\"><div class=\"row-bg  using-bg-color\"  style=\"background-color: #ffffff; \"><\/div><\/div><div class=\"row-bg-overlay\" ><\/div><\/div><div class=\"col span_12 dark left\">\n\t<div  class=\"vc_col-sm-12 wpb_column column_container vc_column_container col no-extra-padding\"  data-t-w-inherits=\"default\" data-border-radius=\"none\" data-shadow=\"none\" data-border-animation=\"\" data-border-animation-delay=\"\" data-border-width=\"none\" data-border-style=\"solid\" data-border-color=\"\" data-bg-cover=\"\" data-padding-pos=\"all\" data-has-bg-color=\"false\" data-bg-color=\"\" data-bg-opacity=\"1\" data-hover-bg=\"\" data-hover-bg-opacity=\"1\" data-animation=\"\" data-delay=\"0\"><div class=\"column-bg-overlay\"><\/div>\n\t\t<div class=\"vc_column-inner\">\n\t\t\t<div class=\"wpb_wrapper\">\n\t\t\t\t\n    \t<div id=\"fws_69e48a4df11c3\" data-midnight=\"\" data-column-margin=\"none\" data-bg-mobile-hidden=\"\" class=\"wpb_row vc_row-fluid vc_row inner_row  vc_row-o-equal-height vc_row-flex  vc_row-o-content-top standard_section\"  style=\"padding-top: 0px; padding-bottom: 0px; \"><div class=\"row-bg-wrap\"> <div class=\"row-bg\"  style=\"\"><\/div> <\/div><div class=\"col span_12  left\">\n\t<div  class=\"vc_col-sm-3 vc_col-md-3 vc_hidden-sm vc_col-xs-12 vc_hidden-xs wpb_column column_container vc_column_container col centered-text padding-5-percent\"   data-t-w-inherits=\"default\" data-shadow=\"none\" data-border-radius=\"none\" data-border-animation=\"\" data-border-animation-delay=\"\" data-border-width=\"none\" data-border-style=\"solid\" data-border-color=\"\" data-bg-cover=\"\" data-padding-pos=\"top-bottom\" data-has-bg-color=\"false\" data-bg-color=\"\" data-bg-opacity=\"1\" data-hover-bg=\"\" data-hover-bg-opacity=\"1\" data-animation=\"\" data-delay=\"0\"><div class=\"column-bg-overlay\"><\/div>\n\t\t<div class=\"vc_column-inner\">\n\t\t<div class=\"wpb_wrapper\">\n\t\t\t\n\t\t<\/div> \n\t<\/div>\n\t<\/div> \n\n\t<div style=\"\" class=\"vc_col-sm-9 vc_col-md-9 vc_col-xs-12 prodotti-central-col wpb_column column_container vc_column_container col no-extra-padding\"  data-using-bg=\"true\" data-t-w-inherits=\"default\" data-shadow=\"none\" data-border-radius=\"none\" data-border-animation=\"\" data-border-animation-delay=\"\" data-border-width=\"none\" data-border-style=\"solid\" data-border-color=\"\" data-bg-cover=\"\" data-padding-pos=\"all\" data-has-bg-color=\"true\" data-bg-color=\"#bfc3ba\" data-bg-opacity=\"1\" data-hover-bg=\"\" data-hover-bg-opacity=\"1\" data-animation=\"\" data-delay=\"0\"><div class=\"column-bg-overlay\" style=\"opacity: 1; background-color: #bfc3ba;\"><\/div>\n\t\t<div class=\"vc_column-inner\">\n\t\t<div class=\"wpb_wrapper\">\n\t\t\t<div class=\"img-with-aniamtion-wrap right\" data-max-width=\"100%\" data-border-radius=\"none\"><div class=\"inner\"><img data-shadow=\"none\" data-shadow-direction=\"middle\" class=\"img-with-animation skip-lazy\" data-delay=\"0\" height=\"721\" width=\"1098\"  data-animation=\"fade-in\" src=\"https:\/\/www.masciarelli.it\/wp-content\/uploads\/2019\/04\/gianni-selection-map.png\" srcset=\"https:\/\/www.masciarelli.it\/wp-content\/uploads\/2019\/04\/gianni-selection-map.png 1098w, https:\/\/www.masciarelli.it\/wp-content\/uploads\/2019\/04\/gianni-selection-map-300x197.png 300w, https:\/\/www.masciarelli.it\/wp-content\/uploads\/2019\/04\/gianni-selection-map-768x504.png 768w, https:\/\/www.masciarelli.it\/wp-content\/uploads\/2019\/04\/gianni-selection-map-1024x672.png 1024w\" sizes=\"100vw\" alt=\"Gianni's Selection LA DISTRIBUZIONE COME VESSILLO D'EUROPA\" \/><\/div><\/div>\n\t\t<\/div> \n\t<\/div>\n\t<\/div> \n<\/div><\/div>\n    \t<div id=\"selection-text-lista-paesi\" data-midnight=\"\" data-column-margin=\"none\" data-bg-mobile-hidden=\"\" class=\"wpb_row vc_row-fluid vc_row inner_row  vc_row-o-equal-height vc_row-flex  vc_row-o-content-bottom standard_section  vc_custom_1554281550358\"  style=\"padding-top: 0px; padding-bottom: 0px; \"><div class=\"row-bg-wrap\"> <div class=\"row-bg\"  style=\"\"><\/div> <\/div><div class=\"col span_12  left\">\n\t<div style=\"\" class=\"vc_col-sm-5 vc_col-md-5 vc_col-xs-12 no-padding-lr wpb_column column_container vc_column_container col has-animation padding-5-percent\"  data-using-bg=\"true\" data-t-w-inherits=\"default\" data-shadow=\"none\" data-border-radius=\"none\" data-border-animation=\"\" data-border-animation-delay=\"\" data-border-width=\"none\" data-border-style=\"solid\" data-border-color=\"\" data-bg-cover=\"\" data-padding-pos=\"all\" data-has-bg-color=\"true\" data-bg-color=\"#ffffff\" data-bg-opacity=\"1\" data-hover-bg=\"\" data-hover-bg-opacity=\"1\" data-animation=\"fade-in-from-left\" data-delay=\"0\"><div class=\"column-bg-overlay\" style=\"opacity: 1; background-color: #ffffff;\"><\/div>\n\t\t<div class=\"vc_column-inner\">\n\t\t<div class=\"wpb_wrapper\">\n\t\t\t<h1 style=\"font-size: 40px;line-height: 50px;text-align: left\" class=\"vc_custom_heading translation-block\" >Kostbare Geschichten von Weinen und Territorien<\/h1>\n\t<div class=\"wpb_text_column wpb_content_element  vc_custom_1554279605763 text-justify\" >\n\t\t<div class=\"wpb_wrapper\">\n\t\t\t<p>Die Gianni's Selection ist aus einer au\u00dfergew\u00f6hnlichen Idee von Gianni Masciarelli und seinem kontinuierlichen Streben nach Exzellenz auch \u00fcber die Landesgrenzen hinaus entstanden. Indem sie seine Vision interpretiert, bereichert Marina Cvetic weiterhin das Sortiment, um den Masciarelli-Partnern ein immer kompletteres Angebot zu bieten, das zu jedem geselligen Anlass passt.<\/p>\n\n\t\t<\/div>\n\t<\/div>\n\n\t\t<\/div> \n\t<\/div>\n\t<\/div> \n\n\t<div  class=\"vc_col-sm-7 vc_col-md-7 vc_col-xs-12 wpb_column column_container vc_column_container col no-extra-padding\"   data-t-w-inherits=\"default\" data-shadow=\"none\" data-border-radius=\"none\" data-border-animation=\"\" data-border-animation-delay=\"\" data-border-width=\"none\" data-border-style=\"solid\" data-border-color=\"\" data-bg-cover=\"\" data-padding-pos=\"all\" data-has-bg-color=\"false\" data-bg-color=\"\" data-bg-opacity=\"1\" data-hover-bg=\"\" data-hover-bg-opacity=\"1\" data-animation=\"\" data-delay=\"0\"><div class=\"column-bg-overlay\"><\/div>\n\t\t<div class=\"vc_column-inner\">\n\t\t<div class=\"wpb_wrapper\">\n\t\t\t<div class=\"nectar-fancy-ul\" data-list-icon=\"none\" data-animation=\"false\" data-animation-delay=\"0\" data-color=\"accent-color\" data-alignment=\"left\"> \n<ul class=\"selection-lista-paesi\">\n<li><a href=\"\/de\/giannis-selection\/italia\/\"><span class=\"number\">01<\/span><span class=\"linea\">Italien<\/span><\/a><\/li>\n<li><a href=\"\/de\/giannis-selection\/francia\/\"><span class=\"number\">02<\/span><span class=\"linea\">Frankreich<\/span><\/a><\/li>\n<li><a href=\"\/de\/giannis-selection\/portogallo\/\"><span class=\"number\">03<\/span><span class=\"linea\">Portugal<\/span><\/a><\/li>\n<li><a href=\"\/de\/giannis-selection\/ungheria\/\"><span class=\"number\">04<\/span><span class=\"linea\">Ungarn<\/span><\/a><\/li>\n<li><a href=\"\/de\/giannis-selection\/germania\/\"><span class=\"number\">05<\/span><span class=\"linea\">Deutschland<\/span><\/a><\/li>\n<li><a href=\"\/de\/giannis-selection\/grecia\/\"><span class=\"number\">06<\/span><span class=\"linea\">Grecia<\/span><\/a><\/li>\n<\/ul>\n <\/div>\n\t\t<\/div> \n\t<\/div>\n\t<\/div> \n<\/div><\/div>\n\t\t\t<\/div> \n\t\t<\/div>\n\t<\/div> \n<\/div><\/div>\n\t\t<div id=\"fws_69e48a4df1eb1\"  data-midnight=\"dark\"  data-bg-mobile-hidden=\"\" class=\"wpb_row vc_row-fluid vc_row standard_section  d-none d-lg-block\"  style=\"padding-top: 0px; padding-bottom: 0px; \"><div class=\"row-bg-wrap\" data-bg-animation=\"none\"><div class=\"inner-wrap\"><div class=\"row-bg\"  style=\"\"><\/div><\/div><div class=\"row-bg-overlay\" ><\/div><\/div><div class=\"col span_12 dark left\">\n\t<div  class=\"vc_col-sm-12 wpb_column column_container vc_column_container col no-extra-padding\"  data-t-w-inherits=\"default\" data-border-radius=\"none\" data-shadow=\"none\" data-border-animation=\"\" data-border-animation-delay=\"\" data-border-width=\"none\" data-border-style=\"solid\" data-border-color=\"\" data-bg-cover=\"\" data-padding-pos=\"all\" data-has-bg-color=\"false\" data-bg-color=\"\" data-bg-opacity=\"1\" data-hover-bg=\"\" data-hover-bg-opacity=\"1\" data-animation=\"\" data-delay=\"0\"><div class=\"column-bg-overlay\"><\/div>\n\t\t<div class=\"vc_column-inner\">\n\t\t\t<div class=\"wpb_wrapper\">\n\t\t\t\t<div class=\"divider-wrap\" data-alignment=\"default\"><div style=\"height: 50px;\" class=\"divider\"><\/div><\/div>\n\t\t\t<\/div> \n\t\t<\/div>\n\t<\/div> \n<\/div><\/div>\n\t\t<div id=\"fws_69e48a4df2074\"  data-midnight=\"dark\"  data-bg-mobile-hidden=\"\" class=\"wpb_row vc_row-fluid vc_row standard_section\"  style=\"padding-top: 0px; padding-bottom: 0px; \"><div class=\"row-bg-wrap\" data-bg-animation=\"none\"><div class=\"inner-wrap\"><div class=\"row-bg\"  style=\"\"><\/div><\/div><div class=\"row-bg-overlay\" ><\/div><\/div><div class=\"col span_12 dark left\">\n\t<div  class=\"vc_col-sm-12 wpb_column column_container vc_column_container col no-extra-padding\"  data-t-w-inherits=\"default\" data-border-radius=\"none\" data-shadow=\"none\" data-border-animation=\"\" data-border-animation-delay=\"\" data-border-width=\"none\" data-border-style=\"solid\" data-border-color=\"\" data-bg-cover=\"\" data-padding-pos=\"all\" data-has-bg-color=\"false\" data-bg-color=\"\" data-bg-opacity=\"1\" data-hover-bg=\"\" data-hover-bg-opacity=\"1\" data-animation=\"\" data-delay=\"0\"><div class=\"column-bg-overlay\"><\/div>\n\t\t<div class=\"vc_column-inner\">\n\t\t\t<div class=\"wpb_wrapper\">\n\t\t\t\t\n    \t<div id=\"fws_69e48a4df21b1\" data-midnight=\"\" data-column-margin=\"none\" data-bg-mobile-hidden=\"\" class=\"wpb_row vc_row-fluid vc_row inner_row  vc_row-o-equal-height vc_row-flex standard_section\"  style=\"padding-top: 0px; padding-bottom: 0px; \"><div class=\"row-bg-wrap\"> <div class=\"row-bg\"  style=\"\"><\/div> <\/div><div class=\"col span_12  left\">\n\t<div style=\"\" class=\"vc_col-sm-5 vc_col-md-5 vc_col-xs-12 bg-fondatore-selection wpb_column column_container vc_column_container col padding-3-percent\"  data-using-bg=\"true\" data-t-w-inherits=\"default\" data-shadow=\"none\" data-border-radius=\"none\" data-border-animation=\"\" data-border-animation-delay=\"\" data-border-width=\"none\" data-border-style=\"solid\" data-border-color=\"\" data-bg-cover=\"true\" data-padding-pos=\"all\" data-has-bg-color=\"false\" data-bg-color=\"\" data-bg-opacity=\"1\" data-hover-bg=\"\" data-hover-bg-opacity=\"1\" data-animation=\"\" data-delay=\"0\"><div class=\"column-image-bg-wrap\" data-bg-animation=\"none\"><div class=\"inner-wrap\"><div class=\"column-image-bg\" style=\" background-image: url('https:\/\/www.masciarelli.it\/wp-content\/uploads\/2019\/04\/gianni-masciarelli.jpg'); \"><\/div><\/div><\/div><div class=\"column-bg-overlay\"><\/div>\n\t\t<div class=\"vc_column-inner\">\n\t\t<div class=\"wpb_wrapper\">\n\t\t\t\n\t\t<\/div> \n\t<\/div>\n\t<\/div> \n\n\t<div style=\"\" class=\"vc_col-sm-7 vc_col-md-7 vc_col-xs-12 wpb_column column_container vc_column_container col padding-5-percent\"  data-using-bg=\"true\" data-t-w-inherits=\"default\" data-shadow=\"none\" data-border-radius=\"none\" data-border-animation=\"\" data-border-animation-delay=\"\" data-border-width=\"none\" data-border-style=\"solid\" data-border-color=\"\" data-bg-cover=\"\" data-padding-pos=\"all\" data-has-bg-color=\"true\" data-bg-color=\"#2e282a\" data-bg-opacity=\"1\" data-hover-bg=\"\" data-hover-bg-opacity=\"1\" data-animation=\"\" data-delay=\"0\"><div class=\"column-bg-overlay\" style=\"opacity: 1; background-color: #2e282a;\"><\/div>\n\t\t<div class=\"vc_column-inner\">\n\t\t<div class=\"wpb_wrapper\">\n\t\t\t<h1 style=\"font-size: 40px;color: #c76e46;line-height: 50px;text-align: center\" class=\"vc_custom_heading\" >Der Gr\u00fcnder<\/h1><p style=\"font-size: 16px;color: #ffffff;line-height: 35px;text-align: center;font-family:Playfair Display;font-weight:400;font-style:italic\" class=\"vc_custom_heading px-0 px-lg-5 vc_custom_1555592212693\" >\u201eIch denke, dass sich jeder schon mindestens einmal gefragt hat: Warum mache ich das? Die Antwort liegt im Schicksal der Familie, in der Liebe zu unserem Land und in der Befriedigung, die wir aus unserer Arbeit ziehen.\u201c<\/p><div class=\"img-with-aniamtion-wrap center\" data-max-width=\"100%\" data-border-radius=\"none\"><div class=\"inner\"><img data-shadow=\"none\" data-shadow-direction=\"middle\" class=\"img-with-animation skip-lazy\" data-delay=\"0\" height=\"71\" width=\"304\" style=\"margin-top: 2%; margin-bottom: 2%; \" data-animation=\"fade-in\" src=\"https:\/\/www.masciarelli.it\/wp-content\/uploads\/2019\/03\/sign-masciarelli.png\" srcset=\"https:\/\/www.masciarelli.it\/wp-content\/uploads\/2019\/03\/sign-masciarelli.png 304w, https:\/\/www.masciarelli.it\/wp-content\/uploads\/2019\/03\/sign-masciarelli-300x70.png 300w\" sizes=\"100vw\" alt=\"Firma Gianni Masciarelli\" \/><\/div><\/div><div class=\"text-center\"><a id=\"\" href=\"\/de\/la-famiglia\/\" target=\"_self\" class=\"light-brown\"><div class=\"plus-more\"><i class=\"fa fa-plus\"><\/i><div class=\"plus-more-content\">LERNEN SIE DIE FAMILIE MASCIARELLI KENNEN<\/div><div class=\"plus-more-line light-brown\"><\/div><\/div><\/a><\/div>\n\t\t<\/div> \n\t<\/div>\n\t<\/div> \n<\/div><\/div>\n\t\t\t<\/div> \n\t\t<\/div>\n\t<\/div> \n<\/div><\/div>","protected":false},"excerpt":{"rendered":"La Distribuzione come vessillo d\u2019Europa Da un\u2019idea straordinaria di Gianni Masciarelli e dalla sua continua ricerca dell\u2019eccellenza anche al di fuori dei con\ufb01ni nazionali, nasce la Gianni\u2019s Selection. Interpretandone la...","protected":false},"author":2,"featured_media":0,"parent":0,"menu_order":0,"comment_status":"closed","ping_status":"closed","template":"","meta":[],"acf":[],"yoast_head":"<!-- This site is optimized with the Yoast SEO plugin v18.4.1 - https:\/\/yoast.com\/wordpress\/plugins\/seo\/ -->\n<title>Gianni&#039;s Selection - Masciarelli Tenute Agricole<\/title>\n<meta name=\"robots\" content=\"index, follow, max-snippet:-1, max-image-preview:large, max-video-preview:-1\" \/>\n<link rel=\"canonical\" href=\"https:\/\/www.masciarelli.it\/de\/giannis-selection\/\" \/>\n<meta property=\"og:locale\" content=\"de_DE\" \/>\n<meta property=\"og:type\" content=\"article\" \/>\n<meta property=\"og:title\" content=\"Gianni&#039;s Selection - Masciarelli Tenute Agricole\" \/>\n<meta property=\"og:url\" content=\"https:\/\/www.masciarelli.it\/de\/giannis-selection\/\" \/>\n<meta property=\"og:site_name\" content=\"Masciarelli Tenute Agricole\" \/>\n<meta property=\"article:publisher\" content=\"https:\/\/www.facebook.com\/MasciarelliTenuteAgricole\/\" \/>\n<meta property=\"article:modified_time\" content=\"2022-04-11T08:28:04+00:00\" \/>\n<meta property=\"og:image\" content=\"https:\/\/www.masciarelli.it\/wp-content\/uploads\/2019\/03\/masciarelli-logo-home@2x.png\" \/>\n\t<meta property=\"og:image:width\" content=\"426\" \/>\n\t<meta property=\"og:image:height\" content=\"329\" \/>\n\t<meta property=\"og:image:type\" content=\"image\/png\" \/>\n<meta name=\"twitter:card\" content=\"summary_large_image\" \/>\n<meta name=\"twitter:site\" content=\"@masciarellivini\" \/>\n<meta name=\"twitter:label1\" content=\"Gesch\u00e4tzte Lesezeit\" \/>\n\t<meta name=\"twitter:data1\" content=\"2\u00a0Minuten\" \/>\n<script type=\"application\/ld+json\" class=\"yoast-schema-graph\">{\"@context\":\"https:\/\/schema.org\",\"@graph\":[{\"@type\":\"WebSite\",\"@id\":\"http:\/\/www.masciarelli.it\/ru\/#website\",\"url\":\"http:\/\/www.masciarelli.it\/ru\/\",\"name\":\"Masciarelli Tenute Agricole\",\"description\":\"Il profumo della mia terra, il sapore del mio vino\",\"potentialAction\":[{\"@type\":\"SearchAction\",\"target\":{\"@type\":\"EntryPoint\",\"urlTemplate\":\"http:\/\/www.masciarelli.it\/ru\/?s={search_term_string}\"},\"query-input\":\"required name=search_term_string\"}],\"inLanguage\":\"de\"},{\"@type\":\"WebPage\",\"@id\":\"https:\/\/www.masciarelli.it\/giannis-selection\/#webpage\",\"url\":\"https:\/\/www.masciarelli.it\/giannis-selection\/\",\"name\":\"Gianni's Selection - Masciarelli Tenute Agricole\",\"isPartOf\":{\"@id\":\"http:\/\/www.masciarelli.it\/ru\/#website\"},\"datePublished\":\"2019-04-03T08:13:32+00:00\",\"dateModified\":\"2022-04-11T08:28:04+00:00\",\"breadcrumb\":{\"@id\":\"https:\/\/www.masciarelli.it\/giannis-selection\/#breadcrumb\"},\"inLanguage\":\"de\",\"potentialAction\":[{\"@type\":\"ReadAction\",\"target\":[\"https:\/\/www.masciarelli.it\/giannis-selection\/\"]}]},{\"@type\":\"BreadcrumbList\",\"@id\":\"https:\/\/www.masciarelli.it\/giannis-selection\/#breadcrumb\",\"itemListElement\":[{\"@type\":\"ListItem\",\"position\":1,\"name\":\"Home\",\"item\":\"https:\/\/www.masciarelli.it\/\"},{\"@type\":\"ListItem\",\"position\":2,\"name\":\"Gianni&#8217;s Selection\"}]}]}<\/script>\n<!-- \/ Yoast SEO plugin. -->","yoast_head_json":{"title":"Gianni's Selection - Masciarelli Tenute Agricole","robots":{"index":"index","follow":"follow","max-snippet":"max-snippet:-1","max-image-preview":"max-image-preview:large","max-video-preview":"max-video-preview:-1"},"canonical":"https:\/\/www.masciarelli.it\/de\/giannis-selection\/","og_locale":"de_DE","og_type":"article","og_title":"Gianni's Selection - Masciarelli Tenute Agricole","og_url":"https:\/\/www.masciarelli.it\/de\/giannis-selection\/","og_site_name":"Masciarelli Tenute Agricole","article_publisher":"https:\/\/www.facebook.com\/MasciarelliTenuteAgricole\/","article_modified_time":"2022-04-11T08:28:04+00:00","og_image":[{"width":426,"height":329,"url":"https:\/\/www.masciarelli.it\/wp-content\/uploads\/2019\/03\/masciarelli-logo-home@2x.png","type":"image\/png"}],"twitter_card":"summary_large_image","twitter_site":"@masciarellivini","twitter_misc":{"Gesch\u00e4tzte Lesezeit":"2\u00a0Minuten"},"schema":{"@context":"https:\/\/schema.org","@graph":[{"@type":"WebSite","@id":"http:\/\/www.masciarelli.it\/ru\/#website","url":"http:\/\/www.masciarelli.it\/ru\/","name":"Masciarelli Tenute Agricole","description":"Il profumo della mia terra, il sapore del mio vino","potentialAction":[{"@type":"SearchAction","target":{"@type":"EntryPoint","urlTemplate":"http:\/\/www.masciarelli.it\/ru\/?s={search_term_string}"},"query-input":"required name=search_term_string"}],"inLanguage":"de"},{"@type":"WebPage","@id":"https:\/\/www.masciarelli.it\/giannis-selection\/#webpage","url":"https:\/\/www.masciarelli.it\/giannis-selection\/","name":"Gianni's Selection - Masciarelli Tenute Agricole","isPartOf":{"@id":"http:\/\/www.masciarelli.it\/ru\/#website"},"datePublished":"2019-04-03T08:13:32+00:00","dateModified":"2022-04-11T08:28:04+00:00","breadcrumb":{"@id":"https:\/\/www.masciarelli.it\/giannis-selection\/#breadcrumb"},"inLanguage":"de","potentialAction":[{"@type":"ReadAction","target":["https:\/\/www.masciarelli.it\/giannis-selection\/"]}]},{"@type":"BreadcrumbList","@id":"https:\/\/www.masciarelli.it\/giannis-selection\/#breadcrumb","itemListElement":[{"@type":"ListItem","position":1,"name":"Home","item":"https:\/\/www.masciarelli.it\/"},{"@type":"ListItem","position":2,"name":"Gianni&#8217;s Selection"}]}]}},"_links":{"self":[{"href":"https:\/\/www.masciarelli.it\/de\/wp-json\/wp\/v2\/pages\/838"}],"collection":[{"href":"https:\/\/www.masciarelli.it\/de\/wp-json\/wp\/v2\/pages"}],"about":[{"href":"https:\/\/www.masciarelli.it\/de\/wp-json\/wp\/v2\/types\/page"}],"author":[{"embeddable":true,"href":"https:\/\/www.masciarelli.it\/de\/wp-json\/wp\/v2\/users\/2"}],"replies":[{"embeddable":true,"href":"https:\/\/www.masciarelli.it\/de\/wp-json\/wp\/v2\/comments?post=838"}],"version-history":[{"count":2,"href":"https:\/\/www.masciarelli.it\/de\/wp-json\/wp\/v2\/pages\/838\/revisions"}],"predecessor-version":[{"id":2561,"href":"https:\/\/www.masciarelli.it\/de\/wp-json\/wp\/v2\/pages\/838\/revisions\/2561"}],"wp:attachment":[{"href":"https:\/\/www.masciarelli.it\/de\/wp-json\/wp\/v2\/media?parent=838"}],"curies":[{"name":"wp","href":"https:\/\/api.w.org\/{rel}","templated":true}]}}