



{"id":2092,"date":"2019-05-24T09:23:07","date_gmt":"2019-05-24T07:23:07","guid":{"rendered":"https:\/\/www.masciarelli.it\/?page_id=2092"},"modified":"2021-06-19T15:37:12","modified_gmt":"2021-06-19T13:37:12","slug":"cookie-policy","status":"publish","type":"page","link":"https:\/\/www.masciarelli.it\/en\/cookie-policy\/","title":{"rendered":"Cookie Policy"},"content":{"rendered":"<div id=\"fws_69de20a1750d3\"  data-midnight=\"dark\"  data-bg-mobile-hidden=\"\" class=\"wpb_row vc_row-fluid vc_row top-level standard_section\"  style=\"padding-top: 0px; padding-bottom: 0px; \"><div class=\"row-bg-wrap\" data-bg-animation=\"none\"><div class=\"inner-wrap\"><div class=\"row-bg\"  style=\"\"><\/div><\/div><div class=\"row-bg-overlay\" ><\/div><\/div><div class=\"col span_12 dark left\">\n\t<div  class=\"vc_col-sm-2 wpb_column column_container vc_column_container col no-extra-padding\"  data-t-w-inherits=\"default\" data-border-radius=\"none\" data-shadow=\"none\" data-border-animation=\"\" data-border-animation-delay=\"\" data-border-width=\"none\" data-border-style=\"solid\" data-border-color=\"\" data-bg-cover=\"\" data-padding-pos=\"all\" data-has-bg-color=\"false\" data-bg-color=\"\" data-bg-opacity=\"1\" data-hover-bg=\"\" data-hover-bg-opacity=\"1\" data-animation=\"\" data-delay=\"0\"><div class=\"column-bg-overlay\"><\/div>\n\t\t<div class=\"vc_column-inner\">\n\t\t\t<div class=\"wpb_wrapper\">\n\t\t\t\t\n\t\t\t<\/div> \n\t\t<\/div>\n\t<\/div> \n\n\t<div  class=\"vc_col-sm-8 wpb_column column_container vc_column_container col no-extra-padding\"  data-t-w-inherits=\"default\" data-border-radius=\"none\" data-shadow=\"none\" data-border-animation=\"\" data-border-animation-delay=\"\" data-border-width=\"none\" data-border-style=\"solid\" data-border-color=\"\" data-bg-cover=\"\" data-padding-pos=\"all\" data-has-bg-color=\"false\" data-bg-color=\"\" data-bg-opacity=\"1\" data-hover-bg=\"\" data-hover-bg-opacity=\"1\" data-animation=\"\" data-delay=\"0\"><div class=\"column-bg-overlay\"><\/div>\n\t\t<div class=\"vc_column-inner\">\n\t\t\t<div class=\"wpb_wrapper\">\n\t\t\t\t<h1 style=\"font-size: 40px;line-height: 40px;text-align: left\" class=\"vc_custom_heading\" >Cookie Policy<\/h1><div class=\"divider-wrap\" data-alignment=\"default\"><div style=\"height: 30px;\" class=\"divider\"><\/div><\/div>\n\t<div class=\"wpb_text_column wpb_content_element  text-justify\" >\n\t\t<div class=\"wpb_wrapper\">\n\t\t\t<p>INFORMATIVA SULL&#8217;UTILIZZO DEI COOKIES<\/p>\n<p>Dear User,<br \/>\npursuant to the new EU Regulation 679\/2016 we provide you with information on the use of cookies.<\/p>\n<p>The data controller is the Masciarelli Tenute Agricole S r l<\/p>\n<p class=\"translation-block\">La Masciarelli, sul proprio sito web&nbsp;<a href=\"https:\/\/www.masciarelli.it\/en\/\" target=\"_self\">www.masciarelli.it<\/a>&nbsp;utilizza esclusivamente cookies tecnici in forma totalmente anonima.<br>\nPer qualunque dubbio relativo all\u2019utilizzo dei cookies e alla loro qualificazione, potr\u00e0 prendere visione del provvedimento adottato dall\u2019Autorit\u00e0&nbsp;Garante per la protezione dei dati personali<br>\n<a href=\"http:\/\/www.garanteprivacy.it\/web\/guest\/home\/docweb\/-\/docweb-display\/docweb\/3118884\" target=\"_self\">http:\/\/www.garanteprivacy.it\/web\/guest\/home\/docweb\/-\/docweb-display\/docweb\/3118884<\/a>.<br>\nIn tale provvedimento viene evidenziato come per i \u201ccookie tecnici\u201d, non sia necessario richiedere un consenso preventivo,&nbsp;ma sia sufficiente e necessaria un\u2019informativa estesa e dettagliata su come gestirli e disabilitarli.<br>\nQualificazione di \u201ccookie tecnici\u201d e ragioni dell\u2019utilizzo<\/p>\n<p class=\"translation-block\">I cookie tecnici sono quelli utilizzati al solo fine di \u201ceffettuare la trasmissione di una comunicazione su una rete di comunicazione elettronica, o nella misura strettamente necessaria al fornitore di un servizio della societ\u00e0 dell\u2019informazione esplicitamente richiesto dall\u2019abbonato<br>\no dall\u2019utente a erogare tale servizio\u201d (cfr. art. 122, comma 1, del Codice).<br>\nEssi non vengono utilizzati per scopi ulteriori e sono normalmente installati direttamente dal titolare o gestore del sito web.<br>\nPossono essere suddivisi in cookie di navigazione o di sessione, che garantiscono la normale navigazione e fruizione del sito web&nbsp; (permettendo, ad esempio, di realizzare un acquisto o autenticarsi per accedere ad aree riservate); cookie analytics, assimilati ai cookie tecnici<br>\nladdove utilizzati direttamente dal gestore del sito per raccogliere informazioni, in forma aggregata, sul numero degli utenti e su come questi visitano il sito stesso; cookie di funzionalit\u00e0, che permettono all\u2019utente la navigazione in funzione di una serie di criteri selezionati (ad esempio, la lingua, i prodotti selezionati per l\u2019acquisto) al fine di migliorare il servizio reso allo stesso.<br>\nIn particolari i cookies potranno essere utilizzati per:<br>\n\u2022 memorizzare i prodotti che vengono inseriti nel carrello;<br>\n\u2022 tenere attiva la sessione di navigazione;<br>\n\u2022 generare statistiche di accesso al sito;<br>\n\u2022 altre funzioni specifiche (es. gestire i prodotti preferiti dell\u2019utente, comparare prodotti, ecc.).<\/p>\n<p class=\"translation-block\">Cookie utilizzati nel sito <a href=\"https:\/\/www.masciarelli.it\/en\/\" target=\"_self\">www.masciarelli.it<\/a> sono:<\/p>\n<p class=\"translation-block\">ASP.NET<br>\n_SessionId &nbsp;(Session Cookie)<\/p>\n<p>Cookie Google Analytics:<br \/>\n__utma (Persistent Cookie)<br \/>\n__utmb (Persistent Cookie)<br \/>\n__utmc (Session Cookie)<br \/>\n__utmz (Persistent Cookie)<\/p>\n<p>How to prevent the use of cookies and disable them<\/p>\n<p class=\"translation-block\">If you delete the use of cookies, you will no longer be able to use certain functions necessary to navigate or make purchases on the site <a href=\"https:\/\/www.masciarelli.it\/en\/\" target=\"_self\">www.masciarelli.it<\/a> , such as, for example, the storage of products added to the cart.\nWe inform you that at any time the user can disable the use of cookies on your computer, changing the configuration of your browser.\nThe modalities depend on the browser used and are described in the help menu of the same.\nBelow are the options to enable\/disable the use of cookies for the most popular browsers:<\/p>\n<p class=\"translation-block\">Internet Explorer\n<br>\n- Menu: Tools\/Internet options<br>\n- Tab \"Privacy\", then \"Sites\": in Website Address enter the full address (URL) of the website whose privacy parameters you want to customize:<br>\n-To authorize the recording of the cookies of the website in question on your computer, click Authorize;<br>\n- To prevent cookies from being stored on your computer, click Block.<\/p>\n<p>Safari<br \/>\nPreferences: Privacy tab and Configure Cookies<\/p>\n<p class=\"translation-block\">Chrome<br \/>\n- Click on the Settings icon, located on the browser toolbar: Parameters; Click on View Advanced Parameters.<br \/>\n- In the \"Privacy\" section click on Content Parameters.<br \/>\n- In the \"Cookies\" section you can change the following parameters: Delete cookies, Block cookies by default, Allow cookies by default, Define exceptions for cookies from certain websites or domains.<br \/><\/p>\n<p class=\"translation-block\">Firefox<br>\n- Click on Tools and then Options.\n<br>\n- Privacy tab: under History Settings select \"use custom settings\".<br>\n- Check the \"accept cookies\" box and click on the exceptions to choose the websites that are to be always allowed or not to allow the installation of cookies on your terminal.<br><\/p>\n<p class=\"translation-block\">Opera<br>\n-Preferences &gt; Advanced &gt; Cookies<br>\n-Cookies preferences allow you to control the way Opera handles cookies.<\/p>\n<p>The default setting is to accept all cookies.<\/p>\n<p class=\"translation-block\">Plug-in Facebook e Twitter<br>\nSul sito web&nbsp;<a href=\"https:\/\/www.masciarelli.it\/en\/\" target=\"_self\">www.masciarelli.it<\/a>&nbsp;sono presenti i plug-in Facebook e Twitter.<br>\n\u2022 Se si clicca su i pulsanti Facebook \u201cMi piace\u201d o \u201cCondividi\u201d, che sono forniti dalla stessa societ\u00e0 Facebook inc., le informazioni relative alla propria navigazione su&nbsp;<a href=\"https:\/\/www.masciarelli.it\/en\/\" target=\"_self\">www.masciarelli.it<\/a>&nbsp;e alla Sua adesione a Facebook verranno trasmesse e registrate su un server della societ\u00e0 Facebook, per poi essere condivise secondo i parametri del suo account utente di Facebook, conformemente alle condizioni di utilizzo e di trattamento dei dati di Facebook.<br>\n\u2022 Se si clicca sul pulsante \u201cCondividi su Twitter\u201d, che \u00e8 fornito dalla stessa societ\u00e0 Twitter Inc., si trasmettono delle informazioni che saranno registrate su un server di propriet\u00e0 di Twitter e saranno gestite conformemente alle condizioni di utilizzo e di trattamento dei dati di Twitter.<\/p>\n<p>Google Analytics<\/p>\n<p class=\"translation-block\">Il sito&nbsp;<a href=\"https:\/\/www.masciarelli.it\/en\/\" target=\"_self\">www.masciarelli.it<\/a>&nbsp;utilizza Google Analytics, un servizio di analisi del web fornito da Google Inc. Google.<br>\nAnalytics utilizza dei \u201ccookies\u201d che vengono registrati sul computer dell\u2019utente per analizzare come gli utenti utilizzano il sito. Le informazioni generate dal cookie sull\u2019utilizzo del sito web da parte dell\u2019utente sono trasmesse e registrate sui server di Google e saranno gestite nel rispetto della privacy di Google. La societ\u00e0 Masciarelli Tenute Agricole S.r.l., proprietaria del sito&nbsp;<a href=\"https:\/\/www.masciarelli.it\/en\/\" target=\"_self\">www.masciarelli.it<\/a>, utilizza queste informazioni allo scopo di &nbsp;comprendere l\u2019utilizzo del sito web da parte dei propri utenti.&nbsp;Qualunque informazione sar\u00e0 comunque sempre in forma anonima e aggregata.<br>\nPer ulteriori informazioni si rimanda all\u2019informativa sulla Privacy di Google Analytics.<\/p>\n<p>The cookies will not be communicated to third parties or disseminated.<\/p>\n<p>The user will still be able to exercise all the rights under Articles 15 to 23 of EU Regulation 679\/2016, including the right to lodge a complaint with the Control Authority.<\/p>\n\n\t\t<\/div>\n\t<\/div>\n\n\t\t\t<\/div> \n\t\t<\/div>\n\t<\/div> \n\n\t<div  class=\"vc_col-sm-2 wpb_column column_container vc_column_container col no-extra-padding\"  data-t-w-inherits=\"default\" data-border-radius=\"none\" data-shadow=\"none\" data-border-animation=\"\" data-border-animation-delay=\"\" data-border-width=\"none\" data-border-style=\"solid\" data-border-color=\"\" data-bg-cover=\"\" data-padding-pos=\"all\" data-has-bg-color=\"false\" data-bg-color=\"\" data-bg-opacity=\"1\" data-hover-bg=\"\" data-hover-bg-opacity=\"1\" data-animation=\"\" data-delay=\"0\"><div class=\"column-bg-overlay\"><\/div>\n\t\t<div class=\"vc_column-inner\">\n\t\t\t<div class=\"wpb_wrapper\">\n\t\t\t\t\n\t\t\t<\/div> \n\t\t<\/div>\n\t<\/div> \n<\/div><\/div>","protected":false},"excerpt":{"rendered":"Cookie Policy INFORMATIVA SULL'UTILIZZO DEI COOKIES Gentile Utente, ai sensi del nuovo Regolamento UE 679\/2016 Le forniamo le informazioni relative all'uso dei cookies. Il titolare del trattamento \u00e8 la Masciarelli...","protected":false},"author":2,"featured_media":0,"parent":0,"menu_order":0,"comment_status":"closed","ping_status":"closed","template":"","meta":[],"acf":[],"yoast_head":"<!-- This site is optimized with the Yoast SEO plugin v18.4.1 - https:\/\/yoast.com\/wordpress\/plugins\/seo\/ -->\n<title>Cookie Policy - Masciarelli Tenute Agricole<\/title>\n<meta name=\"robots\" content=\"index, follow, max-snippet:-1, max-image-preview:large, max-video-preview:-1\" \/>\n<link rel=\"canonical\" href=\"https:\/\/www.masciarelli.it\/en\/cookie-policy\/\" \/>\n<meta property=\"og:locale\" content=\"en_US\" \/>\n<meta property=\"og:type\" content=\"article\" \/>\n<meta property=\"og:title\" content=\"Cookie Policy - Masciarelli Tenute Agricole\" \/>\n<meta property=\"og:url\" content=\"https:\/\/www.masciarelli.it\/en\/cookie-policy\/\" \/>\n<meta property=\"og:site_name\" content=\"Masciarelli Tenute Agricole\" \/>\n<meta property=\"article:publisher\" content=\"https:\/\/www.facebook.com\/MasciarelliTenuteAgricole\/\" \/>\n<meta property=\"article:modified_time\" content=\"2021-06-19T13:37:12+00:00\" \/>\n<meta property=\"og:image\" content=\"https:\/\/www.masciarelli.it\/wp-content\/uploads\/2019\/03\/masciarelli-logo-home@2x.png\" \/>\n\t<meta property=\"og:image:width\" content=\"426\" \/>\n\t<meta property=\"og:image:height\" content=\"329\" \/>\n\t<meta property=\"og:image:type\" content=\"image\/png\" \/>\n<meta name=\"twitter:card\" content=\"summary_large_image\" \/>\n<meta name=\"twitter:site\" content=\"@masciarellivini\" \/>\n<meta name=\"twitter:label1\" content=\"Est. reading time\" \/>\n\t<meta name=\"twitter:data1\" content=\"5 minutes\" \/>\n<script type=\"application\/ld+json\" class=\"yoast-schema-graph\">{\"@context\":\"https:\/\/schema.org\",\"@graph\":[{\"@type\":\"WebSite\",\"@id\":\"http:\/\/www.masciarelli.it\/ru\/#website\",\"url\":\"http:\/\/www.masciarelli.it\/ru\/\",\"name\":\"Masciarelli Tenute Agricole\",\"description\":\"Il profumo della mia terra, il sapore del mio vino\",\"potentialAction\":[{\"@type\":\"SearchAction\",\"target\":{\"@type\":\"EntryPoint\",\"urlTemplate\":\"http:\/\/www.masciarelli.it\/ru\/?s={search_term_string}\"},\"query-input\":\"required name=search_term_string\"}],\"inLanguage\":\"en-US\"},{\"@type\":\"WebPage\",\"@id\":\"https:\/\/www.masciarelli.it\/cookie-policy\/#webpage\",\"url\":\"https:\/\/www.masciarelli.it\/cookie-policy\/\",\"name\":\"Cookie Policy - Masciarelli Tenute Agricole\",\"isPartOf\":{\"@id\":\"http:\/\/www.masciarelli.it\/ru\/#website\"},\"datePublished\":\"2019-05-24T07:23:07+00:00\",\"dateModified\":\"2021-06-19T13:37:12+00:00\",\"breadcrumb\":{\"@id\":\"https:\/\/www.masciarelli.it\/cookie-policy\/#breadcrumb\"},\"inLanguage\":\"en-US\",\"potentialAction\":[{\"@type\":\"ReadAction\",\"target\":[\"https:\/\/www.masciarelli.it\/cookie-policy\/\"]}]},{\"@type\":\"BreadcrumbList\",\"@id\":\"https:\/\/www.masciarelli.it\/cookie-policy\/#breadcrumb\",\"itemListElement\":[{\"@type\":\"ListItem\",\"position\":1,\"name\":\"Home\",\"item\":\"https:\/\/www.masciarelli.it\/\"},{\"@type\":\"ListItem\",\"position\":2,\"name\":\"Cookie Policy\"}]}]}<\/script>\n<!-- \/ Yoast SEO plugin. -->","yoast_head_json":{"title":"Cookie Policy - Masciarelli Tenute Agricole","robots":{"index":"index","follow":"follow","max-snippet":"max-snippet:-1","max-image-preview":"max-image-preview:large","max-video-preview":"max-video-preview:-1"},"canonical":"https:\/\/www.masciarelli.it\/en\/cookie-policy\/","og_locale":"en_US","og_type":"article","og_title":"Cookie Policy - Masciarelli Tenute Agricole","og_url":"https:\/\/www.masciarelli.it\/en\/cookie-policy\/","og_site_name":"Masciarelli Tenute Agricole","article_publisher":"https:\/\/www.facebook.com\/MasciarelliTenuteAgricole\/","article_modified_time":"2021-06-19T13:37:12+00:00","og_image":[{"width":426,"height":329,"url":"https:\/\/www.masciarelli.it\/wp-content\/uploads\/2019\/03\/masciarelli-logo-home@2x.png","type":"image\/png"}],"twitter_card":"summary_large_image","twitter_site":"@masciarellivini","twitter_misc":{"Est. reading time":"5 minutes"},"schema":{"@context":"https:\/\/schema.org","@graph":[{"@type":"WebSite","@id":"http:\/\/www.masciarelli.it\/ru\/#website","url":"http:\/\/www.masciarelli.it\/ru\/","name":"Masciarelli Tenute Agricole","description":"Il profumo della mia terra, il sapore del mio vino","potentialAction":[{"@type":"SearchAction","target":{"@type":"EntryPoint","urlTemplate":"http:\/\/www.masciarelli.it\/ru\/?s={search_term_string}"},"query-input":"required name=search_term_string"}],"inLanguage":"en-US"},{"@type":"WebPage","@id":"https:\/\/www.masciarelli.it\/cookie-policy\/#webpage","url":"https:\/\/www.masciarelli.it\/cookie-policy\/","name":"Cookie Policy - Masciarelli Tenute Agricole","isPartOf":{"@id":"http:\/\/www.masciarelli.it\/ru\/#website"},"datePublished":"2019-05-24T07:23:07+00:00","dateModified":"2021-06-19T13:37:12+00:00","breadcrumb":{"@id":"https:\/\/www.masciarelli.it\/cookie-policy\/#breadcrumb"},"inLanguage":"en-US","potentialAction":[{"@type":"ReadAction","target":["https:\/\/www.masciarelli.it\/cookie-policy\/"]}]},{"@type":"BreadcrumbList","@id":"https:\/\/www.masciarelli.it\/cookie-policy\/#breadcrumb","itemListElement":[{"@type":"ListItem","position":1,"name":"Home","item":"https:\/\/www.masciarelli.it\/"},{"@type":"ListItem","position":2,"name":"Cookie Policy"}]}]}},"_links":{"self":[{"href":"https:\/\/www.masciarelli.it\/en\/wp-json\/wp\/v2\/pages\/2092"}],"collection":[{"href":"https:\/\/www.masciarelli.it\/en\/wp-json\/wp\/v2\/pages"}],"about":[{"href":"https:\/\/www.masciarelli.it\/en\/wp-json\/wp\/v2\/types\/page"}],"author":[{"embeddable":true,"href":"https:\/\/www.masciarelli.it\/en\/wp-json\/wp\/v2\/users\/2"}],"replies":[{"embeddable":true,"href":"https:\/\/www.masciarelli.it\/en\/wp-json\/wp\/v2\/comments?post=2092"}],"version-history":[{"count":3,"href":"https:\/\/www.masciarelli.it\/en\/wp-json\/wp\/v2\/pages\/2092\/revisions"}],"predecessor-version":[{"id":2469,"href":"https:\/\/www.masciarelli.it\/en\/wp-json\/wp\/v2\/pages\/2092\/revisions\/2469"}],"wp:attachment":[{"href":"https:\/\/www.masciarelli.it\/en\/wp-json\/wp\/v2\/media?parent=2092"}],"curies":[{"name":"wp","href":"https:\/\/api.w.org\/{rel}","templated":true}]}}