



{"id":2092,"date":"2019-05-24T09:23:07","date_gmt":"2019-05-24T07:23:07","guid":{"rendered":"https:\/\/www.masciarelli.it\/?page_id=2092"},"modified":"2021-06-19T15:37:12","modified_gmt":"2021-06-19T13:37:12","slug":"cookie-policy","status":"publish","type":"page","link":"https:\/\/www.masciarelli.it\/fr\/cookie-policy\/","title":{"rendered":"POLITIQUE SUR LES COOKIES"},"content":{"rendered":"<div id=\"fws_69f08504bc055\"  data-midnight=\"dark\"  data-bg-mobile-hidden=\"\" class=\"wpb_row vc_row-fluid vc_row top-level standard_section\"  style=\"padding-top: 0px; padding-bottom: 0px; \"><div class=\"row-bg-wrap\" data-bg-animation=\"none\"><div class=\"inner-wrap\"><div class=\"row-bg\"  style=\"\"><\/div><\/div><div class=\"row-bg-overlay\" ><\/div><\/div><div class=\"col span_12 dark left\">\n\t<div  class=\"vc_col-sm-2 wpb_column column_container vc_column_container col no-extra-padding\"  data-t-w-inherits=\"default\" data-border-radius=\"none\" data-shadow=\"none\" data-border-animation=\"\" data-border-animation-delay=\"\" data-border-width=\"none\" data-border-style=\"solid\" data-border-color=\"\" data-bg-cover=\"\" data-padding-pos=\"all\" data-has-bg-color=\"false\" data-bg-color=\"\" data-bg-opacity=\"1\" data-hover-bg=\"\" data-hover-bg-opacity=\"1\" data-animation=\"\" data-delay=\"0\"><div class=\"column-bg-overlay\"><\/div>\n\t\t<div class=\"vc_column-inner\">\n\t\t\t<div class=\"wpb_wrapper\">\n\t\t\t\t\n\t\t\t<\/div> \n\t\t<\/div>\n\t<\/div> \n\n\t<div  class=\"vc_col-sm-8 wpb_column column_container vc_column_container col no-extra-padding\"  data-t-w-inherits=\"default\" data-border-radius=\"none\" data-shadow=\"none\" data-border-animation=\"\" data-border-animation-delay=\"\" data-border-width=\"none\" data-border-style=\"solid\" data-border-color=\"\" data-bg-cover=\"\" data-padding-pos=\"all\" data-has-bg-color=\"false\" data-bg-color=\"\" data-bg-opacity=\"1\" data-hover-bg=\"\" data-hover-bg-opacity=\"1\" data-animation=\"\" data-delay=\"0\"><div class=\"column-bg-overlay\"><\/div>\n\t\t<div class=\"vc_column-inner\">\n\t\t\t<div class=\"wpb_wrapper\">\n\t\t\t\t<h1 style=\"font-size: 40px;line-height: 40px;text-align: left\" class=\"vc_custom_heading\" >POLITIQUE SUR LES COOKIES<\/h1><div class=\"divider-wrap\" data-alignment=\"default\"><div style=\"height: 30px;\" class=\"divider\"><\/div><\/div>\n\t<div class=\"wpb_text_column wpb_content_element  text-justify\" >\n\t\t<div class=\"wpb_wrapper\">\n\t\t\t<p>NFORMATIONS SUR L'UTILISATION DES COOKIES<\/p>\n<p>Cher utilisateur,<br \/>\nconform\u00e9ment au nouveau R\u00e8glement europ\u00e9en 679\/2016, nous vous fournissons des informations sur l'utilisation des cookies<\/p>\n<p>Le Responsable du traitement des donn\u00e9es est la soci\u00e9t\u00e9 Masciarelli Tenute Agricole Srl<\/p>\n<p class=\"translation-block\">Masciarelli, utilise uniquement des cookies techniques sous une forme totalement anonyme sur son site <a href=\"https:\/\/www.masciarelli.it\/fr\/\" target=\"_self\">www.masciarelli.it<\/a>.<br>\nEn cas de doute concernant l'utilisation des cookies et leur qualification, vous pouvez vous r\u00e9f\u00e9rer \u00e0 la mesure adopt\u00e9e par l'Autorit\u00e9 garante pour la protection des donn\u00e9es \u00e0 caract\u00e8re personnel\u00a0:\n<a href=\"http:\/\/www.garanteprivacy.it\/web\/guest\/home\/docweb\/-\/docweb-display\/docweb\/3118884\" target=\"_self\">http:\/\/www.garanteprivacy.it\/web\/guest\/home\/docweb\/-\/docweb-display\/docweb\/3118884<\/a><br>\nCette mesure met en \u00e9vidence que, comme pour les \u00ab\u00a0cookies techniques\u00a0\u00bb, il n'est pas n\u00e9cessaire de demander un consentement pr\u00e9alable, mais que des informations compl\u00e8tes et d\u00e9taill\u00e9es sur la fa\u00e7on de les g\u00e9rer et de les d\u00e9sactiver sont suffisantes et n\u00e9cessaires.<br>\nQualification des \u00ab\u00a0cookies techniques\u00a0\u00bb et raisons de leur utilisation<\/p>\n<p class=\"translation-block\">Les cookies techniques sont ceux qui sont utilis\u00e9s dans le seul but de \u00ab\u00a0r\u00e9aliser la transmission d'une communication sur un r\u00e9seau de communications \u00e9lectroniques, ou dans la mesure strictement n\u00e9cessaire pour le fournisseur d'un service de la soci\u00e9t\u00e9 de l'information explicitement demand\u00e9 par l'abonn\u00e9<br>\nou par l'utilisateur pour fournir ce service\u00a0\u00bb (voir art. 122, paragraphe\u00a01, du Code).<br>\nIls ne sont pas utilis\u00e9s \u00e0 d'autres fins et sont normalement install\u00e9s directement par le propri\u00e9taire ou le gestionnaire du site Web.\nIls peuvent \u00eatre divis\u00e9s en cookies de navigation ou de session, qui assurent la navigation et l'utilisation normales du site Web (permettant, par exemple, d'effectuer un achat ou de s'authentifier pour acc\u00e9der \u00e0 des zones restreintes)\u00a0; cookies analytiques, assimil\u00e9s \u00e0 des cookies techniques o\u00f9 ils sont utilis\u00e9s directement par le gestionnaire du site pour collecter des informations, sous forme agr\u00e9g\u00e9e, sur le nombre d'utilisateurs et la fa\u00e7on dont ils visitent le site\u00a0; cookies de fonctionnalit\u00e9, qui permettent \u00e0 l'utilisateur de naviguer en fonction d'une s\u00e9rie de crit\u00e8res s\u00e9lectionn\u00e9s (par exemple, la langue, les produits s\u00e9lectionn\u00e9s pour l'achat) afin d'am\u00e9liorer le service qui lui est fourni.<br><br>\n\nEn particulier, les cookies peuvent \u00eatre utilis\u00e9s pour\u00a0:<br>\n- m\u00e9moriser les produits plac\u00e9s dans le panier\u00a0;\n<br>- maintenir la session de navigation active\u00a0;\n<br>- g\u00e9n\u00e9rer des statistiques d'acc\u00e8s au site\u00a0;\nd'autres fonctions sp\u00e9cifiques (par exemple, la gestion des produits pr\u00e9f\u00e9r\u00e9s de l'utilisateur, la comparaison de produits, etc.).<\/p>\n<p class=\"translation-block\">Les cookies utilis\u00e9s sur le site <a href=\"https:\/\/www.masciarelli.it\/fr\/\" target=\"_self\">www.masciarelli.it<\/a> sont les suivants\u00a0:<\/p>\n<p class=\"translation-block\">ASP.NET<br>\n_SessionId \u00a0(cookie de session)<\/p>\n<p>Cookie Google Analytics:<br \/>\n__utma (Persistent Cookie)<br \/>\n__utmb (Persistent Cookie)<br \/>\n__utmc (Session Cookie)<br \/>\n__utmz (Persistent Cookie)<\/p>\n<p>Comment emp\u00eacher l'utilisation des cookies et les d\u00e9sactiver\u00a0?<\/p>\n<p class=\"translation-block\">Si vous bannissez l\u2019utilisation des cookies, vous ne pourrez plus utiliser certaines fonctions n\u00e9cessaires \u00e0 la navigation ou aux achats sur le site <a href=\"https:\/\/www.masciarelli.it\/fr\/\" target=\"_self\">www.masciarelli.it<\/a>\u00a0, par exemple le stockage des produits ajout\u00e9s au panier.\nNous vous informons qu'\u00e0 tout moment, l'utilisateur peut d\u00e9sactiver l'utilisation de cookies sur son ordinateur, en modifiant la configuration de son navigateur.\nLes modalit\u00e9s d\u00e9pendent du navigateur utilis\u00e9 et sont d\u00e9crites dans le menu d'aide de ce dernier.\nVous trouverez ci-dessous les options permettant d'activer\/d\u00e9sactiver l'utilisation des cookies pour les navigateurs les plus courants\u00a0:<\/p>\n<p class=\"translation-block\">Internet Explorer<br>\n- Menu\u00a0: Outils\/options Internet\n- Onglet \u00ab\u00a0Confidentialit\u00e9\u00a0\u00bb, puis \u00ab\u00a0Sites\u00a0\u00bb\u00a0: dans \u00ab\u00a0Adresse du site Web\u00a0\u00bb, saisissez l'adresse compl\u00e8te (URL) du site Web dont vous souhaitez personnaliser les param\u00e8tres de confidentialit\u00e9\n- Pour autoriser l'enregistrement des cookies du site Web en question sur votre ordinateur, cliquez sur \u00ab\u00a0Autoriser\u00a0\u00bb\u00a0;\n- Pour emp\u00eacher l'enregistrement de cookies sur votre ordinateur, cliquez sur \u00ab\u00a0Bloquer\u00a0\u00bb.<\/p>\n<p>Safari<br \/>\n\u2022 Pr\u00e9f\u00e9rences\u00a0: Onglet \u00ab\u00a0Confidentialit\u00e9\u00a0\u00bb et \u00ab\u00a0Configurer les cookies\u00a0\u00bb<\/p>\n<p class=\"translation-block\">Chrome\n<br>\n- Cliquez sur l'ic\u00f4ne \u00ab\u00a0Param\u00e8tres\u00a0\u00bb, situ\u00e9e dans la barre d'outils du navigateur\u00a0; cliquez sur \u00ab\u00a0Afficher les param\u00e8tres avanc\u00e9s\u00a0\u00bb.\n<br>\n- Dans la section \u00ab\u00a0Confidentialit\u00e9\u00a0\u00bb, cliquez sur \u00ab\u00a0Param\u00e8tres de contenu\u00a0\u00bb.\n<br>\n- Dans la section \u00ab\u00a0Cookies\u00a0\u00bb, vous pouvez modifier les param\u00e8tres suivants\u00a0: Supprimer les cookies, Bloquer les cookies par d\u00e9faut, Autoriser les cookies par d\u00e9faut, D\u00e9finir des exceptions pour les cookies de certains sites Web ou domaines.<\/p>\n<p class=\"translation-block\">Firefox\n<br>\n- Cliquez sur \u00ab\u00a0Outils\u00a0\u00bb, puis sur \u00ab\u00a0Options\u00a0\u00bb.\n<br>\n- Onglet \u00ab\u00a0Confidentialit\u00e9\u00a0\u00bb\u00a0: sous \u00ab\u00a0Param\u00e8tres de l'historique\u00a0\u00bb, s\u00e9lectionnez \u00ab\u00a0utiliser les param\u00e8tres personnalis\u00e9s\u00a0\u00bb.\n<br>\n- Cochez la case \u00ab\u00a0accepter les cookies\u00a0\u00bb et cliquez sur les exceptions pour choisir les sites Web qui doivent \u00eatre toujours autoris\u00e9s ou non pour l'installation de cookies sur votre terminal.<\/p>\n<p class=\"translation-block\">Opera\n<br>\n- \u00ab\u00a0Pr\u00e9f\u00e9rences\u00a0\u00bb &gt; \u00ab\u00a0Avanc\u00e9\u00a0\u00bb &gt; \u00ab\u00a0Cookies\u00a0\u00bb\n<br>\n- Les pr\u00e9f\u00e9rences en mati\u00e8re de cookies vous permettent de contr\u00f4ler la mani\u00e8re dont Opera g\u00e8re les cookies.<\/p>\n<p>Le param\u00e8tre par d\u00e9faut est l\u2019acceptation de tous les cookies.<\/p>\n<p class=\"translation-block\">Plug-ins Facebook et Twitter\n\nLe site Web www.masciarelli.it contient des plug-ins Facebook et Twitter.\n\n- Si vous cliquez sur les boutons \u00ab\u00a0J'aime\u00a0\u00bb ou \u00ab\u00a0Partager\u00a0\u00bb de Facebook, qui sont fournis par la soci\u00e9t\u00e9 Facebook inc. elle-m\u00eame, les informations relatives \u00e0 votre navigation sur www.masciarelli.it et \u00e0 votre adh\u00e9sion \u00e0 Facebook seront transmises et stock\u00e9es sur un serveur de la soci\u00e9t\u00e9 Facebook, puis partag\u00e9es selon les param\u00e8tres de votre compte utilisateur Facebook, conform\u00e9ment aux conditions d'utilisation et de traitement des donn\u00e9es de Facebook.\n\n- Si vous cliquez sur le bouton \u00ab\u00a0Partager sur Twitter\u00a0\u00bb, qui est fourni par Twitter Inc. lui-m\u00eame, les informations seront transmises et stock\u00e9es sur un serveur appartenant \u00e0 Twitter et g\u00e9r\u00e9 conform\u00e9ment aux conditions d'utilisation et de traitement des donn\u00e9es de Twitter.<\/p>\n<p>Google Analytics<\/p>\n<p class=\"translation-block\"><br>\nLe site www.masciarelli.it utilise Google Analytics, un service d'analyse Web fourni par Google Inc.\n<br>\nGoogle Analytics utilise des cookies qui sont enregistr\u00e9s sur l'ordinateur de l'utilisateur pour analyser la fa\u00e7on dont celui-ci utilise le Site. Les informations g\u00e9n\u00e9r\u00e9es par les cookies sur l'utilisation du Site par l'utilisateur sont transmises et enregistr\u00e9es sur les serveurs de Google et seront g\u00e9r\u00e9es conform\u00e9ment \u00e0 la politique de confidentialit\u00e9 de Google. La soci\u00e9t\u00e9 Masciarelli Tenute Agricole s.r.l., propri\u00e9taire du site www.masciarelli.it, utilise ces informations afin de comprendre l'utilisation du Site par ses utilisateurs. Toute information sera toujours anonyme et agr\u00e9g\u00e9e.\n<br>\nPour plus d'informations, veuillez consulter la politique de confidentialit\u00e9 de Google Analytics.<\/p>\n<p>Les cookies ne seront ni communiqu\u00e9s \u00e0 des tiers, ni diffus\u00e9s.<\/p>\n<p>L'Utilisateur pourra toujours exercer tous les droits en vertus des articles 15 \u00e0 23 du R\u00e8glement europ\u00e9en 679\/2016, y compris le droit de d\u00e9poser une plainte aupr\u00e8s de l'Autorit\u00e9 de contr\u00f4le.<\/p>\n\n\t\t<\/div>\n\t<\/div>\n\n\t\t\t<\/div> \n\t\t<\/div>\n\t<\/div> \n\n\t<div  class=\"vc_col-sm-2 wpb_column column_container vc_column_container col no-extra-padding\"  data-t-w-inherits=\"default\" data-border-radius=\"none\" data-shadow=\"none\" data-border-animation=\"\" data-border-animation-delay=\"\" data-border-width=\"none\" data-border-style=\"solid\" data-border-color=\"\" data-bg-cover=\"\" data-padding-pos=\"all\" data-has-bg-color=\"false\" data-bg-color=\"\" data-bg-opacity=\"1\" data-hover-bg=\"\" data-hover-bg-opacity=\"1\" data-animation=\"\" data-delay=\"0\"><div class=\"column-bg-overlay\"><\/div>\n\t\t<div class=\"vc_column-inner\">\n\t\t\t<div class=\"wpb_wrapper\">\n\t\t\t\t\n\t\t\t<\/div> \n\t\t<\/div>\n\t<\/div> \n<\/div><\/div>","protected":false},"excerpt":{"rendered":"Cookie Policy INFORMATIVA SULL'UTILIZZO DEI COOKIES Gentile Utente, ai sensi del nuovo Regolamento UE 679\/2016 Le forniamo le informazioni relative all'uso dei cookies. Il titolare del trattamento \u00e8 la Masciarelli...","protected":false},"author":2,"featured_media":0,"parent":0,"menu_order":0,"comment_status":"closed","ping_status":"closed","template":"","meta":[],"acf":[],"yoast_head":"<!-- This site is optimized with the Yoast SEO plugin v18.4.1 - https:\/\/yoast.com\/wordpress\/plugins\/seo\/ -->\n<title>Cookie Policy - Masciarelli Tenute Agricole<\/title>\n<meta name=\"robots\" content=\"index, follow, max-snippet:-1, max-image-preview:large, max-video-preview:-1\" \/>\n<link rel=\"canonical\" href=\"https:\/\/www.masciarelli.it\/fr\/cookie-policy\/\" \/>\n<meta property=\"og:locale\" content=\"fr_FR\" \/>\n<meta property=\"og:type\" content=\"article\" \/>\n<meta property=\"og:title\" content=\"Cookie Policy - Masciarelli Tenute Agricole\" \/>\n<meta property=\"og:url\" content=\"https:\/\/www.masciarelli.it\/fr\/cookie-policy\/\" \/>\n<meta property=\"og:site_name\" content=\"Masciarelli Tenute Agricole\" \/>\n<meta property=\"article:publisher\" content=\"https:\/\/www.facebook.com\/MasciarelliTenuteAgricole\/\" \/>\n<meta property=\"article:modified_time\" content=\"2021-06-19T13:37:12+00:00\" \/>\n<meta property=\"og:image\" content=\"https:\/\/www.masciarelli.it\/wp-content\/uploads\/2019\/03\/masciarelli-logo-home@2x.png\" \/>\n\t<meta property=\"og:image:width\" content=\"426\" \/>\n\t<meta property=\"og:image:height\" content=\"329\" \/>\n\t<meta property=\"og:image:type\" content=\"image\/png\" \/>\n<meta name=\"twitter:card\" content=\"summary_large_image\" \/>\n<meta name=\"twitter:site\" content=\"@masciarellivini\" \/>\n<meta name=\"twitter:label1\" content=\"Dur\u00e9e de lecture estim\u00e9e\" \/>\n\t<meta name=\"twitter:data1\" content=\"5 minutes\" \/>\n<script type=\"application\/ld+json\" class=\"yoast-schema-graph\">{\"@context\":\"https:\/\/schema.org\",\"@graph\":[{\"@type\":\"WebSite\",\"@id\":\"http:\/\/www.masciarelli.it\/ru\/#website\",\"url\":\"http:\/\/www.masciarelli.it\/ru\/\",\"name\":\"Masciarelli Tenute Agricole\",\"description\":\"Il profumo della mia terra, il sapore del mio vino\",\"potentialAction\":[{\"@type\":\"SearchAction\",\"target\":{\"@type\":\"EntryPoint\",\"urlTemplate\":\"http:\/\/www.masciarelli.it\/ru\/?s={search_term_string}\"},\"query-input\":\"required name=search_term_string\"}],\"inLanguage\":\"fr-FR\"},{\"@type\":\"WebPage\",\"@id\":\"https:\/\/www.masciarelli.it\/cookie-policy\/#webpage\",\"url\":\"https:\/\/www.masciarelli.it\/cookie-policy\/\",\"name\":\"Cookie Policy - Masciarelli Tenute Agricole\",\"isPartOf\":{\"@id\":\"http:\/\/www.masciarelli.it\/ru\/#website\"},\"datePublished\":\"2019-05-24T07:23:07+00:00\",\"dateModified\":\"2021-06-19T13:37:12+00:00\",\"breadcrumb\":{\"@id\":\"https:\/\/www.masciarelli.it\/cookie-policy\/#breadcrumb\"},\"inLanguage\":\"fr-FR\",\"potentialAction\":[{\"@type\":\"ReadAction\",\"target\":[\"https:\/\/www.masciarelli.it\/cookie-policy\/\"]}]},{\"@type\":\"BreadcrumbList\",\"@id\":\"https:\/\/www.masciarelli.it\/cookie-policy\/#breadcrumb\",\"itemListElement\":[{\"@type\":\"ListItem\",\"position\":1,\"name\":\"Home\",\"item\":\"https:\/\/www.masciarelli.it\/\"},{\"@type\":\"ListItem\",\"position\":2,\"name\":\"Cookie Policy\"}]}]}<\/script>\n<!-- \/ Yoast SEO plugin. -->","yoast_head_json":{"title":"Cookie Policy - Masciarelli Tenute Agricole","robots":{"index":"index","follow":"follow","max-snippet":"max-snippet:-1","max-image-preview":"max-image-preview:large","max-video-preview":"max-video-preview:-1"},"canonical":"https:\/\/www.masciarelli.it\/fr\/cookie-policy\/","og_locale":"fr_FR","og_type":"article","og_title":"Cookie Policy - Masciarelli Tenute Agricole","og_url":"https:\/\/www.masciarelli.it\/fr\/cookie-policy\/","og_site_name":"Masciarelli Tenute Agricole","article_publisher":"https:\/\/www.facebook.com\/MasciarelliTenuteAgricole\/","article_modified_time":"2021-06-19T13:37:12+00:00","og_image":[{"width":426,"height":329,"url":"https:\/\/www.masciarelli.it\/wp-content\/uploads\/2019\/03\/masciarelli-logo-home@2x.png","type":"image\/png"}],"twitter_card":"summary_large_image","twitter_site":"@masciarellivini","twitter_misc":{"Dur\u00e9e de lecture estim\u00e9e":"5 minutes"},"schema":{"@context":"https:\/\/schema.org","@graph":[{"@type":"WebSite","@id":"http:\/\/www.masciarelli.it\/ru\/#website","url":"http:\/\/www.masciarelli.it\/ru\/","name":"Masciarelli Tenute Agricole","description":"Il profumo della mia terra, il sapore del mio vino","potentialAction":[{"@type":"SearchAction","target":{"@type":"EntryPoint","urlTemplate":"http:\/\/www.masciarelli.it\/ru\/?s={search_term_string}"},"query-input":"required name=search_term_string"}],"inLanguage":"fr-FR"},{"@type":"WebPage","@id":"https:\/\/www.masciarelli.it\/cookie-policy\/#webpage","url":"https:\/\/www.masciarelli.it\/cookie-policy\/","name":"Cookie Policy - Masciarelli Tenute Agricole","isPartOf":{"@id":"http:\/\/www.masciarelli.it\/ru\/#website"},"datePublished":"2019-05-24T07:23:07+00:00","dateModified":"2021-06-19T13:37:12+00:00","breadcrumb":{"@id":"https:\/\/www.masciarelli.it\/cookie-policy\/#breadcrumb"},"inLanguage":"fr-FR","potentialAction":[{"@type":"ReadAction","target":["https:\/\/www.masciarelli.it\/cookie-policy\/"]}]},{"@type":"BreadcrumbList","@id":"https:\/\/www.masciarelli.it\/cookie-policy\/#breadcrumb","itemListElement":[{"@type":"ListItem","position":1,"name":"Home","item":"https:\/\/www.masciarelli.it\/"},{"@type":"ListItem","position":2,"name":"Cookie Policy"}]}]}},"_links":{"self":[{"href":"https:\/\/www.masciarelli.it\/fr\/wp-json\/wp\/v2\/pages\/2092"}],"collection":[{"href":"https:\/\/www.masciarelli.it\/fr\/wp-json\/wp\/v2\/pages"}],"about":[{"href":"https:\/\/www.masciarelli.it\/fr\/wp-json\/wp\/v2\/types\/page"}],"author":[{"embeddable":true,"href":"https:\/\/www.masciarelli.it\/fr\/wp-json\/wp\/v2\/users\/2"}],"replies":[{"embeddable":true,"href":"https:\/\/www.masciarelli.it\/fr\/wp-json\/wp\/v2\/comments?post=2092"}],"version-history":[{"count":3,"href":"https:\/\/www.masciarelli.it\/fr\/wp-json\/wp\/v2\/pages\/2092\/revisions"}],"predecessor-version":[{"id":2469,"href":"https:\/\/www.masciarelli.it\/fr\/wp-json\/wp\/v2\/pages\/2092\/revisions\/2469"}],"wp:attachment":[{"href":"https:\/\/www.masciarelli.it\/fr\/wp-json\/wp\/v2\/media?parent=2092"}],"curies":[{"name":"wp","href":"https:\/\/api.w.org\/{rel}","templated":true}]}}