



{"id":2284,"date":"2020-10-12T20:13:07","date_gmt":"2020-10-12T18:13:07","guid":{"rendered":"https:\/\/www.masciarelli.it\/?page_id=2284"},"modified":"2021-05-11T21:50:19","modified_gmt":"2021-05-11T19:50:19","slug":"iskra","status":"publish","type":"page","link":"https:\/\/www.masciarelli.it\/fr\/vini\/iskra\/","title":{"rendered":"Iskra"},"content":{"rendered":"<div id=\"discover\"  data-midnight=\"dark\"  data-bg-mobile-hidden=\"\" class=\"wpb_row vc_row-fluid vc_row top-level full-width-section  vc_row-o-equal-height vc_row-flex  vc_row-o-content-bottom standard_section\"  style=\"padding-top: 0px; padding-bottom: 0px; \"><div class=\"row-bg-wrap\" data-bg-animation=\"none\"><div class=\"inner-wrap\"><div class=\"row-bg  using-bg-color\"  style=\"background-color: #ffffff; \"><\/div><\/div><div class=\"row-bg-overlay\" ><\/div><\/div><div class=\"col span_12 dark left\">\n\t<div  class=\"vc_col-sm-5 order-2 order-lg-1 wpb_column column_container vc_column_container col no-extra-padding\"  data-t-w-inherits=\"default\" data-border-radius=\"none\" data-shadow=\"none\" data-border-animation=\"\" data-border-animation-delay=\"\" data-border-width=\"none\" data-border-style=\"solid\" data-border-color=\"\" data-bg-cover=\"\" data-padding-pos=\"all\" data-has-bg-color=\"false\" data-bg-color=\"\" data-bg-opacity=\"1\" data-hover-bg=\"\" data-hover-bg-opacity=\"1\" data-animation=\"\" data-delay=\"0\"><div class=\"column-bg-overlay\"><\/div>\n\t\t<div class=\"vc_column-inner\">\n\t\t\t<div class=\"wpb_wrapper\">\n\t\t\t\t\n    \t<div id=\"fws_69da65ff3ce1c\" data-midnight=\"\" data-column-margin=\"default\" data-bg-mobile-hidden=\"\" class=\"wpb_row vc_row-fluid vc_row inner_row standard_section  vc_custom_1504128844236\"  style=\"padding-top: 0px; padding-bottom: 0px; \"><div class=\"row-bg-wrap\"> <div class=\"row-bg\"  style=\"\"><\/div> <\/div><div class=\"col span_12  left\">\n\t<div style=\"\" class=\"vc_col-sm-12 no-padding-lr wpb_column column_container vc_column_container col has-animation padding-10-percent\"  data-using-bg=\"true\" data-t-w-inherits=\"default\" data-shadow=\"none\" data-border-radius=\"none\" data-border-animation=\"\" data-border-animation-delay=\"\" data-border-width=\"none\" data-border-style=\"solid\" data-border-color=\"\" data-bg-cover=\"\" data-padding-pos=\"all\" data-has-bg-color=\"true\" data-bg-color=\"#ffffff\" data-bg-opacity=\"1\" data-hover-bg=\"\" data-hover-bg-opacity=\"1\" data-animation=\"fade-in-from-left\" data-delay=\"0\"><div class=\"column-bg-overlay\" style=\"opacity: 1; background-color: #ffffff;\"><\/div>\n\t\t<div class=\"vc_column-inner\">\n\t\t<div class=\"wpb_wrapper\">\n\t\t\t<h1 style=\"font-size: 40px;line-height: 40px;text-align: left\" class=\"vc_custom_heading\" >Iskra<\/h1>\n\t<div class=\"wpb_text_column wpb_content_element  vc_custom_1615200689122 text-justify\" >\n\t\t<div class=\"wpb_wrapper\">\n\t\t\t<p class=\"translation-block\">ISKRA, mot commun \u00e0 toutes les langues slaves signifiant \u00ab\u00a0\u00e9tincelle\u00a0\u00bb, met en lumi\u00e8re le caract\u00e8re unique d'une paire de vins capable de s\u00e9duire d\u00e8s le premier verre. Les vins ISKRA partagent des caract\u00e9ristiques communes\u00a0: ils pr\u00e9sentent une personnalit\u00e9 affirm\u00e9e et proviennent tous deux d'un excellent vignoble appartenant \u00e0 une seule entreprise. Ils sont produits \u00e0 partir de c\u00e9pages embl\u00e9matiques de l'Italie centrale - le montepulciano et le malvasia - dans deux des terroirs les plus populaires des Abruzzes, Colline Teramane et Pescaresi.<\/p>\n\n\t\t<\/div>\n\t<\/div>\n\n\t\t<\/div> \n\t<\/div>\n\t<\/div> \n<\/div><\/div>\n\t\t\t<\/div> \n\t\t<\/div>\n\t<\/div> \n\n\t<div  class=\"vc_col-sm-7 order-1 order-lg-2 wpb_column column_container vc_column_container col no-extra-padding\"  data-t-w-inherits=\"default\" data-border-radius=\"none\" data-shadow=\"none\" data-border-animation=\"\" data-border-animation-delay=\"\" data-border-width=\"none\" data-border-style=\"solid\" data-border-color=\"\" data-bg-cover=\"\" data-padding-pos=\"all\" data-has-bg-color=\"false\" data-bg-color=\"\" data-bg-opacity=\"1\" data-hover-bg=\"\" data-hover-bg-opacity=\"1\" data-animation=\"\" data-delay=\"0\"><div class=\"column-bg-overlay\"><\/div>\n\t\t<div class=\"vc_column-inner\">\n\t\t\t<div class=\"wpb_wrapper\">\n\t\t\t\t<div class=\"img-with-aniamtion-wrap right\" data-max-width=\"125%\" data-border-radius=\"none\"><div class=\"inner\"><img data-shadow=\"none\" data-shadow-direction=\"middle\" class=\"img-with-animation skip-lazy\" data-delay=\"0\" height=\"609\" width=\"1200\"  data-animation=\"fade-in-from-right\" src=\"https:\/\/www.masciarelli.it\/wp-content\/uploads\/2019\/04\/marina-cvetic-back.jpg\" srcset=\"https:\/\/www.masciarelli.it\/wp-content\/uploads\/2019\/04\/marina-cvetic-back.jpg 1200w, https:\/\/www.masciarelli.it\/wp-content\/uploads\/2019\/04\/marina-cvetic-back-300x152.jpg 300w, https:\/\/www.masciarelli.it\/wp-content\/uploads\/2019\/04\/marina-cvetic-back-768x390.jpg 768w, https:\/\/www.masciarelli.it\/wp-content\/uploads\/2019\/04\/marina-cvetic-back-1024x520.jpg 1024w\" sizes=\"100vw\" alt=\"Tenuta\" \/><\/div><\/div>\n\t\t\t<\/div> \n\t\t<\/div>\n\t<\/div> \n<\/div><\/div>\n\t\t<div id=\"fws_69da65ff3deea\"  data-midnight=\"dark\"  data-bg-mobile-hidden=\"\" class=\"wpb_row vc_row-fluid vc_row standard_section\"  style=\"padding-top: 0px; padding-bottom: 0px; \"><div class=\"row-bg-wrap\" data-bg-animation=\"none\"><div class=\"inner-wrap\"><div class=\"row-bg\"  style=\"\"><\/div><\/div><div class=\"row-bg-overlay\" ><\/div><\/div><div class=\"col span_12 dark left\">\n\t<div  class=\"vc_col-sm-12 wpb_column column_container vc_column_container col no-extra-padding\"  data-t-w-inherits=\"default\" data-border-radius=\"none\" data-shadow=\"none\" data-border-animation=\"\" data-border-animation-delay=\"\" data-border-width=\"none\" data-border-style=\"solid\" data-border-color=\"\" data-bg-cover=\"\" data-padding-pos=\"all\" data-has-bg-color=\"false\" data-bg-color=\"\" data-bg-opacity=\"1\" data-hover-bg=\"\" data-hover-bg-opacity=\"1\" data-animation=\"\" data-delay=\"0\"><div class=\"column-bg-overlay\"><\/div>\n\t\t<div class=\"vc_column-inner\">\n\t\t\t<div class=\"wpb_wrapper\">\n\t\t\t\t\t\n\t\n\n\n\t<div class=\"portfolio-wrap\">\n\t\t\t\n\t\t\t\n\t\t\t<span class=\"portfolio-loading  none\">   <\/span>\n\n\t\t\t\n\t\t\t\t\t\t\n\t\t\t<div class=\"row portfolio-items no-masonry\" data-rcp=\"false\" data-masonry-type=\"default\" data-ps=\"2\" data-starting-filter=\"\" data-gutter=\"1px\" data-categories-to-show=\"iskra\" data-bypass-cropping=\"\" data-lightbox-only=\"0\" data-col-num=\"cols-3\">\n\t\t\t\t\t\t\t\t\t\n\t\t\t\t\t\t\t\t\t\t\n\t\t\t\t\t<div class=\"col span_4  custom-project-item element iskra\"  data-project-cat=\"iskra \" data-default-color=\"true\" data-title-color=\"\" data-subtitle-color=\"\">\n\t\t\t\t\t\t\n\t\t\t\t\t\t<div class=\"inner-wrap animated\" data-animation=\"none\">\n\n\t\t\t\t\t\t\t\t\t\t\t\t\t\n\t\t\t\t\t\t\t<div class=\"work-item style-2\" data-custom-content=\"off\">\n\t\t\t\t\t\t\t\t\n\t\t\t\t\t\t\t\t<img class=\"custom-thumbnail skip-lazy\" src=\"https:\/\/www.masciarelli.it\/wp-content\/uploads\/2019\/04\/iskra-malvasia.png\" alt=\"ISKRA &#8211; Abruzzo Malvasia DOC\" \/>\t\t\t\t\n\t\t\t\t\t\t\t\t<div class=\"work-info-bg\"><\/div>\n\t\t\t\t\t\t\t\t<div class=\"work-info\">\n\t\t\t\t\t\t\t\t\t\n\t\t\t\t\t\t\t\t\t\n\t\t\t\t\t\t\t\t\t\t\n\t\t\t\t\t\t\t\t\t\t\t\t\t\t\t\t\t\t\t\t\t\n\t\t\t\t\t\t\t\t\t\t\t<a href=\"https:\/\/www.masciarelli.it\/fr\/i-vini\/iskra-abruzzo-malvasia-doc\/\"><\/a>\n\t\t\t\t\t\t\t\t\t\t\n\t\t\t\t\t\t\t\t\t\t\t\t\t\t\t\t\t\t\t\n\t\t\n\t\t\t\t\t\t\t\t\t<div class=\"vert-center\">\n\t\t\t\t\t\t\t\t\t\t\t\n\t\t\t\t\t\t\t\t\t\t\t<h3>ISKRA &#8211; Abruzzo Malvasia DOC<\/h3> \n\t\t\t\t\t\t\t\t\t\t\t<p>ISKRA \u2013 DOCG Colline Teramane<\/p>\t\t\t\t\t\t\t\t\t<\/div><!--\/vert-center-->\n\t\t\t\t\t\t\t\t\t\n\t\t\t\t\t\t\t\t<\/div>\n\t\t\t\t\t\t\t<\/div><!--work-item-->\n\t\t\t\t\t\t\t\n\t\t\t\t\t\t\t\t\t\t\t\t\n\t\t\t\t\t\t\n\t\t\t\t\t<\/div><!--\/inner-wrap-->\n\t\t\t\t\t<\/div><!--\/col-->\n\t\t\t\t\t\n\t\t\t\t\t\t\t\t\t\n\t\t\t\t\t\t\t\t\t\t\n\t\t\t\t\t<div class=\"col span_4  custom-project-item element iskra\"  data-project-cat=\"iskra \" data-default-color=\"true\" data-title-color=\"\" data-subtitle-color=\"\">\n\t\t\t\t\t\t\n\t\t\t\t\t\t<div class=\"inner-wrap animated\" data-animation=\"none\">\n\n\t\t\t\t\t\t\t\t\t\t\t\t\t\n\t\t\t\t\t\t\t<div class=\"work-item style-2\" data-custom-content=\"off\">\n\t\t\t\t\t\t\t\t\n\t\t\t\t\t\t\t\t<img class=\"custom-thumbnail skip-lazy\" src=\"https:\/\/www.masciarelli.it\/wp-content\/uploads\/2019\/04\/MarinaCvetic_iskra.png\" alt=\"ISKRA \u2013 Montepulciano d\u2019Abruzzo Riserva\" \/>\t\t\t\t\n\t\t\t\t\t\t\t\t<div class=\"work-info-bg\"><\/div>\n\t\t\t\t\t\t\t\t<div class=\"work-info\">\n\t\t\t\t\t\t\t\t\t\n\t\t\t\t\t\t\t\t\t\n\t\t\t\t\t\t\t\t\t\t\n\t\t\t\t\t\t\t\t\t\t\t\t\t\t\t\t\t\t\t\t\t\n\t\t\t\t\t\t\t\t\t\t\t<a href=\"https:\/\/www.masciarelli.it\/fr\/i-vini\/iskra-montepulciano-dabruzzo-riserva\/\"><\/a>\n\t\t\t\t\t\t\t\t\t\t\n\t\t\t\t\t\t\t\t\t\t\t\t\t\t\t\t\t\t\t\n\t\t\n\t\t\t\t\t\t\t\t\t<div class=\"vert-center\">\n\t\t\t\t\t\t\t\t\t\t\t\n\t\t\t\t\t\t\t\t\t\t\t<h3>ISKRA \u2013 Montepulciano d\u2019Abruzzo Riserva<\/h3> \n\t\t\t\t\t\t\t\t\t\t\t<p>ISKRA \u2013 DOCG Colline Teramane<\/p>\t\t\t\t\t\t\t\t\t<\/div><!--\/vert-center-->\n\t\t\t\t\t\t\t\t\t\n\t\t\t\t\t\t\t\t<\/div>\n\t\t\t\t\t\t\t<\/div><!--work-item-->\n\t\t\t\t\t\t\t\n\t\t\t\t\t\t\t\t\t\t\t\t\n\t\t\t\t\t\t\n\t\t\t\t\t<\/div><!--\/inner-wrap-->\n\t\t\t\t\t<\/div><!--\/col-->\n\t\t\t\t\t\n\t\t\t\t\n\t\t\t<\/div><!--\/portfolio-->\n\t   <\/div><!--\/portfolio wrap-->\n\t\t\n\t\t\n\t\t\t<\/div> \n\t\t<\/div>\n\t<\/div> \n<\/div><\/div>\n\t\t<div id=\"fws_69da65ff40a1c\"  data-midnight=\"dark\"  data-bg-mobile-hidden=\"\" class=\"wpb_row vc_row-fluid vc_row standard_section\"  style=\"padding-top: 0px; padding-bottom: 0px; \"><div class=\"row-bg-wrap\" data-bg-animation=\"none\"><div class=\"inner-wrap\"><div class=\"row-bg\"  style=\"\"><\/div><\/div><div class=\"row-bg-overlay\" ><\/div><\/div><div class=\"col span_12 dark left\">\n\t<div  class=\"vc_col-sm-12 wpb_column column_container vc_column_container col no-extra-padding\"  data-t-w-inherits=\"default\" data-border-radius=\"none\" data-shadow=\"none\" data-border-animation=\"\" data-border-animation-delay=\"\" data-border-width=\"none\" data-border-style=\"solid\" data-border-color=\"#eae5d9\" data-bg-cover=\"\" data-padding-pos=\"all\" data-has-bg-color=\"false\" data-bg-color=\"\" data-bg-opacity=\"1\" data-hover-bg=\"\" data-hover-bg-opacity=\"1\" data-animation=\"\" data-delay=\"0\"><div class=\"column-bg-overlay\"><\/div>\n\t\t<div class=\"vc_column-inner\">\n\t\t\t<div class=\"wpb_wrapper\">\n\t\t\t\t<div class=\"divider-wrap\" data-alignment=\"default\"><div style=\"height: 50px;\" class=\"divider\"><\/div><\/div>\n\t\t\t<\/div> \n\t\t<\/div>\n\t<\/div> \n<\/div><\/div>","protected":false},"excerpt":{"rendered":"ontepul","protected":false},"author":2,"featured_media":1422,"parent":25,"menu_order":3,"comment_status":"closed","ping_status":"closed","template":"","meta":[],"acf":[],"yoast_head":"<!-- This site is optimized with the Yoast SEO plugin v18.4.1 - https:\/\/yoast.com\/wordpress\/plugins\/seo\/ -->\n<title>Iskra - un bianco e un rosso dalla grande personalit\u00e0<\/title>\n<meta name=\"description\" content=\"Iskra in lingua slava significa \u201cScintilla\u201d, \u00e8 stato scelto per indicare l\u2019unicit\u00e0 di questa coppia di vini, in grado di sedurre al primo calice.\" \/>\n<meta name=\"robots\" content=\"index, follow, max-snippet:-1, max-image-preview:large, max-video-preview:-1\" \/>\n<link rel=\"canonical\" href=\"https:\/\/www.masciarelli.it\/fr\/vini\/iskra\/\" \/>\n<meta property=\"og:locale\" content=\"fr_FR\" \/>\n<meta property=\"og:type\" content=\"article\" \/>\n<meta property=\"og:title\" content=\"Iskra - un bianco e un rosso dalla grande personalit\u00e0\" \/>\n<meta property=\"og:description\" content=\"ISKRA in lingua slava significa \u201cScintilla\u201d, \u00e8 stato scelto per indicare l\u2019unicit\u00e0 di questa coppia di vini, in grado di sedurre al primo calice.\" \/>\n<meta property=\"og:url\" content=\"https:\/\/www.masciarelli.it\/fr\/vini\/iskra\/\" \/>\n<meta property=\"og:site_name\" content=\"Masciarelli Tenute Agricole\" \/>\n<meta property=\"article:publisher\" content=\"https:\/\/www.facebook.com\/MasciarelliTenuteAgricole\/\" \/>\n<meta property=\"article:modified_time\" content=\"2021-05-11T19:50:19+00:00\" \/>\n<meta property=\"og:image\" content=\"https:\/\/www.masciarelli.it\/wp-content\/uploads\/2019\/04\/marina-cvetic-back.jpg\" \/>\n\t<meta property=\"og:image:width\" content=\"1200\" \/>\n\t<meta property=\"og:image:height\" content=\"609\" \/>\n\t<meta property=\"og:image:type\" content=\"image\/jpeg\" \/>\n<meta name=\"twitter:card\" content=\"summary_large_image\" \/>\n<meta name=\"twitter:title\" content=\"Iskra - un bianco e un rosso dalla grande personalit\u00e0\" \/>\n<meta name=\"twitter:description\" content=\"ISKRA in lingua slava significa \u201cScintilla\u201d, \u00e8 stato scelto per indicare l\u2019unicit\u00e0 di questa coppia di vini, in grado di sedurre al primo calice.\" \/>\n<meta name=\"twitter:image\" content=\"https:\/\/www.masciarelli.it\/wp-content\/uploads\/2019\/04\/marina-cvetic-back.jpg\" \/>\n<meta name=\"twitter:site\" content=\"@masciarellivini\" \/>\n<meta name=\"twitter:label1\" content=\"Dur\u00e9e de lecture estim\u00e9e\" \/>\n\t<meta name=\"twitter:data1\" content=\"1 minute\" \/>\n<script type=\"application\/ld+json\" class=\"yoast-schema-graph\">{\"@context\":\"https:\/\/schema.org\",\"@graph\":[{\"@type\":\"WebSite\",\"@id\":\"http:\/\/www.masciarelli.it\/ru\/#website\",\"url\":\"http:\/\/www.masciarelli.it\/ru\/\",\"name\":\"Masciarelli Tenute Agricole\",\"description\":\"Il profumo della mia terra, il sapore del mio vino\",\"potentialAction\":[{\"@type\":\"SearchAction\",\"target\":{\"@type\":\"EntryPoint\",\"urlTemplate\":\"http:\/\/www.masciarelli.it\/ru\/?s={search_term_string}\"},\"query-input\":\"required name=search_term_string\"}],\"inLanguage\":\"fr-FR\"},{\"@type\":\"ImageObject\",\"@id\":\"https:\/\/www.masciarelli.it\/vini\/iskra\/#primaryimage\",\"inLanguage\":\"fr-FR\",\"url\":\"https:\/\/www.masciarelli.it\/wp-content\/uploads\/2019\/04\/marina-cvetic-back.jpg\",\"contentUrl\":\"https:\/\/www.masciarelli.it\/wp-content\/uploads\/2019\/04\/marina-cvetic-back.jpg\",\"width\":1200,\"height\":609,\"caption\":\"Tenuta\"},{\"@type\":\"WebPage\",\"@id\":\"https:\/\/www.masciarelli.it\/vini\/iskra\/#webpage\",\"url\":\"https:\/\/www.masciarelli.it\/vini\/iskra\/\",\"name\":\"Iskra - un bianco e un rosso dalla grande personalit\u00e0\",\"isPartOf\":{\"@id\":\"http:\/\/www.masciarelli.it\/ru\/#website\"},\"primaryImageOfPage\":{\"@id\":\"https:\/\/www.masciarelli.it\/vini\/iskra\/#primaryimage\"},\"datePublished\":\"2020-10-12T18:13:07+00:00\",\"dateModified\":\"2021-05-11T19:50:19+00:00\",\"description\":\"Iskra in lingua slava significa \u201cScintilla\u201d, \u00e8 stato scelto per indicare l\u2019unicit\u00e0 di questa coppia di vini, in grado di sedurre al primo calice.\",\"breadcrumb\":{\"@id\":\"https:\/\/www.masciarelli.it\/vini\/iskra\/#breadcrumb\"},\"inLanguage\":\"fr-FR\",\"potentialAction\":[{\"@type\":\"ReadAction\",\"target\":[\"https:\/\/www.masciarelli.it\/vini\/iskra\/\"]}]},{\"@type\":\"BreadcrumbList\",\"@id\":\"https:\/\/www.masciarelli.it\/vini\/iskra\/#breadcrumb\",\"itemListElement\":[{\"@type\":\"ListItem\",\"position\":1,\"name\":\"Home\",\"item\":\"https:\/\/www.masciarelli.it\/\"},{\"@type\":\"ListItem\",\"position\":2,\"name\":\"I VINI\",\"item\":\"https:\/\/www.masciarelli.it\/vini\/\"},{\"@type\":\"ListItem\",\"position\":3,\"name\":\"Iskra\"}]}]}<\/script>\n<!-- \/ Yoast SEO plugin. -->","yoast_head_json":{"title":"Iskra - un bianco e un rosso dalla grande personalit\u00e0","description":"Iskra in lingua slava significa \u201cScintilla\u201d, \u00e8 stato scelto per indicare l\u2019unicit\u00e0 di questa coppia di vini, in grado di sedurre al primo calice.","robots":{"index":"index","follow":"follow","max-snippet":"max-snippet:-1","max-image-preview":"max-image-preview:large","max-video-preview":"max-video-preview:-1"},"canonical":"https:\/\/www.masciarelli.it\/fr\/vini\/iskra\/","og_locale":"fr_FR","og_type":"article","og_title":"Iskra - un bianco e un rosso dalla grande personalit\u00e0","og_description":"ISKRA in lingua slava significa \u201cScintilla\u201d, \u00e8 stato scelto per indicare l\u2019unicit\u00e0 di questa coppia di vini, in grado di sedurre al primo calice.","og_url":"https:\/\/www.masciarelli.it\/fr\/vini\/iskra\/","og_site_name":"Masciarelli Tenute Agricole","article_publisher":"https:\/\/www.facebook.com\/MasciarelliTenuteAgricole\/","article_modified_time":"2021-05-11T19:50:19+00:00","og_image":[{"width":1200,"height":609,"url":"https:\/\/www.masciarelli.it\/wp-content\/uploads\/2019\/04\/marina-cvetic-back.jpg","type":"image\/jpeg"}],"twitter_card":"summary_large_image","twitter_title":"Iskra - un bianco e un rosso dalla grande personalit\u00e0","twitter_description":"ISKRA in lingua slava significa \u201cScintilla\u201d, \u00e8 stato scelto per indicare l\u2019unicit\u00e0 di questa coppia di vini, in grado di sedurre al primo calice.","twitter_image":"https:\/\/www.masciarelli.it\/wp-content\/uploads\/2019\/04\/marina-cvetic-back.jpg","twitter_site":"@masciarellivini","twitter_misc":{"Dur\u00e9e de lecture estim\u00e9e":"1 minute"},"schema":{"@context":"https:\/\/schema.org","@graph":[{"@type":"WebSite","@id":"http:\/\/www.masciarelli.it\/ru\/#website","url":"http:\/\/www.masciarelli.it\/ru\/","name":"Masciarelli Tenute Agricole","description":"Il profumo della mia terra, il sapore del mio vino","potentialAction":[{"@type":"SearchAction","target":{"@type":"EntryPoint","urlTemplate":"http:\/\/www.masciarelli.it\/ru\/?s={search_term_string}"},"query-input":"required name=search_term_string"}],"inLanguage":"fr-FR"},{"@type":"ImageObject","@id":"https:\/\/www.masciarelli.it\/vini\/iskra\/#primaryimage","inLanguage":"fr-FR","url":"https:\/\/www.masciarelli.it\/wp-content\/uploads\/2019\/04\/marina-cvetic-back.jpg","contentUrl":"https:\/\/www.masciarelli.it\/wp-content\/uploads\/2019\/04\/marina-cvetic-back.jpg","width":1200,"height":609,"caption":"Tenuta"},{"@type":"WebPage","@id":"https:\/\/www.masciarelli.it\/vini\/iskra\/#webpage","url":"https:\/\/www.masciarelli.it\/vini\/iskra\/","name":"Iskra - un bianco e un rosso dalla grande personalit\u00e0","isPartOf":{"@id":"http:\/\/www.masciarelli.it\/ru\/#website"},"primaryImageOfPage":{"@id":"https:\/\/www.masciarelli.it\/vini\/iskra\/#primaryimage"},"datePublished":"2020-10-12T18:13:07+00:00","dateModified":"2021-05-11T19:50:19+00:00","description":"Iskra in lingua slava significa \u201cScintilla\u201d, \u00e8 stato scelto per indicare l\u2019unicit\u00e0 di questa coppia di vini, in grado di sedurre al primo calice.","breadcrumb":{"@id":"https:\/\/www.masciarelli.it\/vini\/iskra\/#breadcrumb"},"inLanguage":"fr-FR","potentialAction":[{"@type":"ReadAction","target":["https:\/\/www.masciarelli.it\/vini\/iskra\/"]}]},{"@type":"BreadcrumbList","@id":"https:\/\/www.masciarelli.it\/vini\/iskra\/#breadcrumb","itemListElement":[{"@type":"ListItem","position":1,"name":"Home","item":"https:\/\/www.masciarelli.it\/"},{"@type":"ListItem","position":2,"name":"I VINI","item":"https:\/\/www.masciarelli.it\/vini\/"},{"@type":"ListItem","position":3,"name":"Iskra"}]}]}},"_links":{"self":[{"href":"https:\/\/www.masciarelli.it\/fr\/wp-json\/wp\/v2\/pages\/2284"}],"collection":[{"href":"https:\/\/www.masciarelli.it\/fr\/wp-json\/wp\/v2\/pages"}],"about":[{"href":"https:\/\/www.masciarelli.it\/fr\/wp-json\/wp\/v2\/types\/page"}],"author":[{"embeddable":true,"href":"https:\/\/www.masciarelli.it\/fr\/wp-json\/wp\/v2\/users\/2"}],"replies":[{"embeddable":true,"href":"https:\/\/www.masciarelli.it\/fr\/wp-json\/wp\/v2\/comments?post=2284"}],"version-history":[{"count":0,"href":"https:\/\/www.masciarelli.it\/fr\/wp-json\/wp\/v2\/pages\/2284\/revisions"}],"up":[{"embeddable":true,"href":"https:\/\/www.masciarelli.it\/fr\/wp-json\/wp\/v2\/pages\/25"}],"wp:featuredmedia":[{"embeddable":true,"href":"https:\/\/www.masciarelli.it\/fr\/wp-json\/wp\/v2\/media\/1422"}],"wp:attachment":[{"href":"https:\/\/www.masciarelli.it\/fr\/wp-json\/wp\/v2\/media?parent=2284"}],"curies":[{"name":"wp","href":"https:\/\/api.w.org\/{rel}","templated":true}]}}