



{"id":770,"date":"2019-04-02T23:55:19","date_gmt":"2019-04-02T21:55:19","guid":{"rendered":"https:\/\/www.masciarelli.it\/?page_id=770"},"modified":"2021-05-11T21:51:00","modified_gmt":"2021-05-11T19:51:00","slug":"la-botte-di-gianni","status":"publish","type":"page","link":"https:\/\/www.masciarelli.it\/fr\/vini\/la-botte-di-gianni\/","title":{"rendered":"La Botte di Gianni"},"content":{"rendered":"<div id=\"discover\"  data-midnight=\"dark\"  data-bg-mobile-hidden=\"\" class=\"wpb_row vc_row-fluid vc_row top-level full-width-section  vc_row-o-equal-height vc_row-flex  vc_row-o-content-bottom standard_section\"  style=\"padding-top: 0px; padding-bottom: 0px; \"><div class=\"row-bg-wrap\" data-bg-animation=\"none\"><div class=\"inner-wrap\"><div class=\"row-bg  using-bg-color\"  style=\"background-color: #ffffff; \"><\/div><\/div><div class=\"row-bg-overlay\" ><\/div><\/div><div class=\"col span_12 dark left\">\n\t<div  class=\"vc_col-sm-5 order-2 order-lg-1 wpb_column column_container vc_column_container col no-extra-padding\"  data-t-w-inherits=\"default\" data-border-radius=\"none\" data-shadow=\"none\" data-border-animation=\"\" data-border-animation-delay=\"\" data-border-width=\"none\" data-border-style=\"solid\" data-border-color=\"\" data-bg-cover=\"\" data-padding-pos=\"all\" data-has-bg-color=\"false\" data-bg-color=\"\" data-bg-opacity=\"1\" data-hover-bg=\"\" data-hover-bg-opacity=\"1\" data-animation=\"\" data-delay=\"0\"><div class=\"column-bg-overlay\"><\/div>\n\t\t<div class=\"vc_column-inner\">\n\t\t\t<div class=\"wpb_wrapper\">\n\t\t\t\t\n    \t<div id=\"fws_69f1c98f26ae8\" data-midnight=\"\" data-column-margin=\"default\" data-bg-mobile-hidden=\"\" class=\"wpb_row vc_row-fluid vc_row inner_row standard_section  vc_custom_1504128844236\"  style=\"padding-top: 0px; padding-bottom: 0px; \"><div class=\"row-bg-wrap\"> <div class=\"row-bg\"  style=\"\"><\/div> <\/div><div class=\"col span_12  left\">\n\t<div style=\"\" class=\"vc_col-sm-12 no-padding-lr wpb_column column_container vc_column_container col has-animation padding-10-percent\"  data-using-bg=\"true\" data-t-w-inherits=\"default\" data-shadow=\"none\" data-border-radius=\"none\" data-border-animation=\"\" data-border-animation-delay=\"\" data-border-width=\"none\" data-border-style=\"solid\" data-border-color=\"\" data-bg-cover=\"\" data-padding-pos=\"all\" data-has-bg-color=\"true\" data-bg-color=\"#ffffff\" data-bg-opacity=\"1\" data-hover-bg=\"\" data-hover-bg-opacity=\"1\" data-animation=\"fade-in-from-left\" data-delay=\"0\"><div class=\"column-bg-overlay\" style=\"opacity: 1; background-color: #ffffff;\"><\/div>\n\t\t<div class=\"vc_column-inner\">\n\t\t<div class=\"wpb_wrapper\">\n\t\t\t<h1 style=\"font-size: 40px;line-height: 40px;text-align: left\" class=\"vc_custom_heading\" >La Botte di Gianni<\/h1>\n\t<div class=\"wpb_text_column wpb_content_element  vc_custom_1615210489430 text-justify\" >\n\t\t<div class=\"wpb_wrapper\">\n\t\t\t<div class=\"col-md-4 col-sm-12 col-xs-12 famiglia-description\">\n<div class=\"famiglia-description-text translation-block\">Voil\u00e0 une histoire particuli\u00e8re. Il y a quelques ann\u00e9es, Marina Cvetic trouve dans sa cave deux f\u00fbts de ch\u00eane fran\u00e7ais de 700\u00a0litres, achet\u00e9s par Gianni mais jamais utilis\u00e9s. Lors des vendanges de 2010, elle d\u00e9cide de les utiliser pour vinifier et \u00e9lever un vin blanc et un vin rouge pendant 30\u00a0mois. C'est ainsi que voit le jour une \u00e9dition limit\u00e9e d'environ 900\u00a0bouteilles par type, embouteill\u00e9es et num\u00e9rot\u00e9es manuellement. La ligne qui exprime vraiment la ma\u00eetrise artisanale de Masciarelli.<\/div>\n<\/div>\n\n\t\t<\/div>\n\t<\/div>\n\n\t\t<\/div> \n\t<\/div>\n\t<\/div> \n<\/div><\/div>\n\t\t\t<\/div> \n\t\t<\/div>\n\t<\/div> \n\n\t<div  class=\"vc_col-sm-7 order-1 order-lg-2 wpb_column column_container vc_column_container col no-extra-padding\"  data-t-w-inherits=\"default\" data-border-radius=\"none\" data-shadow=\"none\" data-border-animation=\"\" data-border-animation-delay=\"\" data-border-width=\"none\" data-border-style=\"solid\" data-border-color=\"\" data-bg-cover=\"\" data-padding-pos=\"all\" data-has-bg-color=\"false\" data-bg-color=\"\" data-bg-opacity=\"1\" data-hover-bg=\"\" data-hover-bg-opacity=\"1\" data-animation=\"\" data-delay=\"0\"><div class=\"column-bg-overlay\"><\/div>\n\t\t<div class=\"vc_column-inner\">\n\t\t\t<div class=\"wpb_wrapper\">\n\t\t\t\t<div class=\"img-with-aniamtion-wrap right\" data-max-width=\"150%\" data-border-radius=\"none\"><div class=\"inner\"><img data-shadow=\"none\" data-shadow-direction=\"middle\" class=\"img-with-animation skip-lazy\" data-delay=\"0\" height=\"609\" width=\"1200\"  data-animation=\"fade-in-from-right\" src=\"https:\/\/www.masciarelli.it\/wp-content\/uploads\/2019\/04\/la-botte-di-gianni-back.jpg\" srcset=\"https:\/\/www.masciarelli.it\/wp-content\/uploads\/2019\/04\/la-botte-di-gianni-back.jpg 1200w, https:\/\/www.masciarelli.it\/wp-content\/uploads\/2019\/04\/la-botte-di-gianni-back-300x152.jpg 300w, https:\/\/www.masciarelli.it\/wp-content\/uploads\/2019\/04\/la-botte-di-gianni-back-768x390.jpg 768w, https:\/\/www.masciarelli.it\/wp-content\/uploads\/2019\/04\/la-botte-di-gianni-back-1024x520.jpg 1024w\" sizes=\"100vw\" alt=\"Voil\u00e0 une histoire particuli\u00e8re. Il y a quelques ann\u00e9es, Marina Cvetic Masciarelli trouve dans sa cave deux f\u00fbts de ch\u00eane fran\u00e7ais de 700 litres que Gianni Masciarelli avait acquis dans le cadre de sa recherche constante d&#039;un nouveau projet. Lors des vendanges de 2010, elle d\u00e9cide, avec son \u00e9quipe, de vinifier un vin blanc en l&#039;\u00e9levant pendant 30 mois dans l&#039;un des f\u00fbts. Le Trebbiano d\u2019Abruzzo Riserva \u00ab La Botte di Gianni \u00bb est n\u00e9.\" \/><\/div><\/div>\n\t\t\t<\/div> \n\t\t<\/div>\n\t<\/div> \n<\/div><\/div>\n\t\t<div id=\"fws_69f1c98f277a7\"  data-midnight=\"dark\"  data-bg-mobile-hidden=\"\" class=\"wpb_row vc_row-fluid vc_row standard_section\"  style=\"padding-top: 0px; padding-bottom: 0px; \"><div class=\"row-bg-wrap\" data-bg-animation=\"none\"><div class=\"inner-wrap\"><div class=\"row-bg\"  style=\"\"><\/div><\/div><div class=\"row-bg-overlay\" ><\/div><\/div><div class=\"col span_12 dark left\">\n\t<div  class=\"vc_col-sm-12 wpb_column column_container vc_column_container col no-extra-padding\"  data-t-w-inherits=\"default\" data-border-radius=\"none\" data-shadow=\"none\" data-border-animation=\"\" data-border-animation-delay=\"\" data-border-width=\"none\" data-border-style=\"solid\" data-border-color=\"\" data-bg-cover=\"\" data-padding-pos=\"all\" data-has-bg-color=\"false\" data-bg-color=\"\" data-bg-opacity=\"1\" data-hover-bg=\"\" data-hover-bg-opacity=\"1\" data-animation=\"\" data-delay=\"0\"><div class=\"column-bg-overlay\"><\/div>\n\t\t<div class=\"vc_column-inner\">\n\t\t\t<div class=\"wpb_wrapper\">\n\t\t\t\t\t\n\t\n\n\n\t<div class=\"portfolio-wrap\">\n\t\t\t\n\t\t\t\n\t\t\t<span class=\"portfolio-loading  none\">   <\/span>\n\n\t\t\t\n\t\t\t\t\t\t\n\t\t\t<div class=\"row portfolio-items no-masonry\" data-rcp=\"false\" data-masonry-type=\"default\" data-ps=\"2\" data-starting-filter=\"\" data-gutter=\"1px\" data-categories-to-show=\"la-botte-di-gianni\" data-bypass-cropping=\"\" data-lightbox-only=\"0\" data-col-num=\"cols-3\">\n\t\t\t\t\t\t\t\t\t\n\t\t\t\t\t\t\t\t\t\t\n\t\t\t\t\t<div class=\"col span_4  custom-project-item element la-botte-di-gianni\"  data-project-cat=\"la-botte-di-gianni \" data-default-color=\"true\" data-title-color=\"\" data-subtitle-color=\"\">\n\t\t\t\t\t\t\n\t\t\t\t\t\t<div class=\"inner-wrap animated\" data-animation=\"none\">\n\n\t\t\t\t\t\t\t\t\t\t\t\t\t\n\t\t\t\t\t\t\t<div class=\"work-item style-2\" data-custom-content=\"off\">\n\t\t\t\t\t\t\t\t\n\t\t\t\t\t\t\t\t<img class=\"custom-thumbnail skip-lazy\" src=\"https:\/\/www.masciarelli.it\/wp-content\/uploads\/2019\/04\/BDG_montepulciano.png\" alt=\"Montepulciano d&#8217;Abruzzo Riserva DOC\" \/>\t\t\t\t\n\t\t\t\t\t\t\t\t<div class=\"work-info-bg\"><\/div>\n\t\t\t\t\t\t\t\t<div class=\"work-info\">\n\t\t\t\t\t\t\t\t\t\n\t\t\t\t\t\t\t\t\t\n\t\t\t\t\t\t\t\t\t\t\n\t\t\t\t\t\t\t\t\t\t\t\t\t\t\t\t\t\t\t\t\t\n\t\t\t\t\t\t\t\t\t\t\t<a href=\"https:\/\/www.masciarelli.it\/fr\/i-vini\/montepulciano-dabruzzo-doc-riserva-la-botte-di-gianni\/\"><\/a>\n\t\t\t\t\t\t\t\t\t\t\n\t\t\t\t\t\t\t\t\t\t\t\t\t\t\t\t\t\t\t\n\t\t\n\t\t\t\t\t\t\t\t\t<div class=\"vert-center\">\n\t\t\t\t\t\t\t\t\t\t\t\n\t\t\t\t\t\t\t\t\t\t\t<h3>Montepulciano d&#8217;Abruzzo Riserva DOC<\/h3> \n\t\t\t\t\t\t\t\t\t\t\t<p>Montepulciano d'Abruzzo DOC Riserva <\/p>\t\t\t\t\t\t\t\t\t<\/div><!--\/vert-center-->\n\t\t\t\t\t\t\t\t\t\n\t\t\t\t\t\t\t\t<\/div>\n\t\t\t\t\t\t\t<\/div><!--work-item-->\n\t\t\t\t\t\t\t\n\t\t\t\t\t\t\t\t\t\t\t\t\n\t\t\t\t\t\t\n\t\t\t\t\t<\/div><!--\/inner-wrap-->\n\t\t\t\t\t<\/div><!--\/col-->\n\t\t\t\t\t\n\t\t\t\t\t\t\t\t\t\n\t\t\t\t\t\t\t\t\t\t\n\t\t\t\t\t<div class=\"col span_4  custom-project-item element la-botte-di-gianni\"  data-project-cat=\"la-botte-di-gianni \" data-default-color=\"true\" data-title-color=\"\" data-subtitle-color=\"\">\n\t\t\t\t\t\t\n\t\t\t\t\t\t<div class=\"inner-wrap animated\" data-animation=\"none\">\n\n\t\t\t\t\t\t\t\t\t\t\t\t\t\n\t\t\t\t\t\t\t<div class=\"work-item style-2\" data-custom-content=\"off\">\n\t\t\t\t\t\t\t\t\n\t\t\t\t\t\t\t\t<img class=\"custom-thumbnail skip-lazy\" src=\"https:\/\/www.masciarelli.it\/wp-content\/uploads\/2019\/04\/BDG_trebbiano.png\" alt=\"Trebbiano d&#8217;Abruzzo DOC\" \/>\t\t\t\t\n\t\t\t\t\t\t\t\t<div class=\"work-info-bg\"><\/div>\n\t\t\t\t\t\t\t\t<div class=\"work-info\">\n\t\t\t\t\t\t\t\t\t\n\t\t\t\t\t\t\t\t\t\n\t\t\t\t\t\t\t\t\t\t\n\t\t\t\t\t\t\t\t\t\t\t\t\t\t\t\t\t\t\t\t\t\n\t\t\t\t\t\t\t\t\t\t\t<a href=\"https:\/\/www.masciarelli.it\/fr\/i-vini\/trebbiano-la-botte-di-gianni\/\"><\/a>\n\t\t\t\t\t\t\t\t\t\t\n\t\t\t\t\t\t\t\t\t\t\t\t\t\t\t\t\t\t\t\n\t\t\n\t\t\t\t\t\t\t\t\t<div class=\"vert-center\">\n\t\t\t\t\t\t\t\t\t\t\t\n\t\t\t\t\t\t\t\t\t\t\t<h3>Trebbiano d&#8217;Abruzzo DOC<\/h3> \n\t\t\t\t\t\t\t\t\t\t\t<p>Trebbiano d\u2019Abruzzo DOC<\/p>\t\t\t\t\t\t\t\t\t<\/div><!--\/vert-center-->\n\t\t\t\t\t\t\t\t\t\n\t\t\t\t\t\t\t\t<\/div>\n\t\t\t\t\t\t\t<\/div><!--work-item-->\n\t\t\t\t\t\t\t\n\t\t\t\t\t\t\t\t\t\t\t\t\n\t\t\t\t\t\t\n\t\t\t\t\t<\/div><!--\/inner-wrap-->\n\t\t\t\t\t<\/div><!--\/col-->\n\t\t\t\t\t\n\t\t\t\t\n\t\t\t<\/div><!--\/portfolio-->\n\t   <\/div><!--\/portfolio wrap-->\n\t\t\n\t\t\n\t\t\t<\/div> \n\t\t<\/div>\n\t<\/div> \n<\/div><\/div>","protected":false},"excerpt":{"rendered":"ontepul","protected":false},"author":2,"featured_media":1429,"parent":25,"menu_order":5,"comment_status":"closed","ping_status":"closed","template":"","meta":[],"acf":[],"yoast_head":"<!-- This site is optimized with the Yoast SEO plugin v18.4.1 - https:\/\/yoast.com\/wordpress\/plugins\/seo\/ -->\n<title>La Botte di Gianni la linea che pi\u00f9 di tutte esprime l\u2019artigianalit\u00e0 Masciarelli<\/title>\n<meta name=\"description\" content=\"Tempo fa Marina Cvetic, trova in cantina 2 tonneaux di rovere francese, che acquist\u00f2 Gianni nella sua costante ricerca di un nuovo progetto.\" \/>\n<meta name=\"robots\" content=\"index, follow, max-snippet:-1, max-image-preview:large, max-video-preview:-1\" \/>\n<link rel=\"canonical\" href=\"https:\/\/www.masciarelli.it\/fr\/vini\/la-botte-di-gianni\/\" \/>\n<meta property=\"og:locale\" content=\"fr_FR\" \/>\n<meta property=\"og:type\" content=\"article\" \/>\n<meta property=\"og:title\" content=\"La Botte di Gianni la linea che pi\u00f9 di tutte esprime l\u2019artigianalit\u00e0 Masciarelli\" \/>\n<meta property=\"og:description\" content=\"Qualche anno fa Marina Cvetic Masciarelli, trova in cantina 2 tonneaux di rovere francese, che acquist\u00f2 Gianni nella sua costante ricerca di un nuovo progetto.\" \/>\n<meta property=\"og:url\" content=\"https:\/\/www.masciarelli.it\/fr\/vini\/la-botte-di-gianni\/\" \/>\n<meta property=\"og:site_name\" content=\"Masciarelli Tenute Agricole\" \/>\n<meta property=\"article:publisher\" content=\"https:\/\/www.facebook.com\/MasciarelliTenuteAgricole\/\" \/>\n<meta property=\"article:modified_time\" content=\"2021-05-11T19:51:00+00:00\" \/>\n<meta property=\"og:image\" content=\"https:\/\/www.masciarelli.it\/wp-content\/uploads\/2019\/04\/la-botte-di-gianni-back.jpg\" \/>\n\t<meta property=\"og:image:width\" content=\"1200\" \/>\n\t<meta property=\"og:image:height\" content=\"609\" \/>\n\t<meta property=\"og:image:type\" content=\"image\/jpeg\" \/>\n<meta name=\"twitter:card\" content=\"summary_large_image\" \/>\n<meta name=\"twitter:title\" content=\"La Botte di Gianni la linea che pi\u00f9 di tutte esprime l\u2019artigianalit\u00e0 Masciarelli\" \/>\n<meta name=\"twitter:description\" content=\"Qualche anno fa Marina Cvetic Masciarelli, trova in cantina 2 tonneaux di rovere francese, che acquist\u00f2 Gianni nella sua costante ricerca di un nuovo progetto.\" \/>\n<meta name=\"twitter:image\" content=\"https:\/\/www.masciarelli.it\/wp-content\/uploads\/2019\/04\/la-botte-di-gianni-back.jpg\" \/>\n<meta name=\"twitter:site\" content=\"@masciarellivini\" \/>\n<meta name=\"twitter:label1\" content=\"Dur\u00e9e de lecture estim\u00e9e\" \/>\n\t<meta name=\"twitter:data1\" content=\"1 minute\" \/>\n<script type=\"application\/ld+json\" class=\"yoast-schema-graph\">{\"@context\":\"https:\/\/schema.org\",\"@graph\":[{\"@type\":\"WebSite\",\"@id\":\"http:\/\/www.masciarelli.it\/ru\/#website\",\"url\":\"http:\/\/www.masciarelli.it\/ru\/\",\"name\":\"Masciarelli Tenute Agricole\",\"description\":\"Il profumo della mia terra, il sapore del mio vino\",\"potentialAction\":[{\"@type\":\"SearchAction\",\"target\":{\"@type\":\"EntryPoint\",\"urlTemplate\":\"http:\/\/www.masciarelli.it\/ru\/?s={search_term_string}\"},\"query-input\":\"required name=search_term_string\"}],\"inLanguage\":\"fr-FR\"},{\"@type\":\"ImageObject\",\"@id\":\"https:\/\/www.masciarelli.it\/vini\/la-botte-di-gianni\/#primaryimage\",\"inLanguage\":\"fr-FR\",\"url\":\"https:\/\/www.masciarelli.it\/wp-content\/uploads\/2019\/04\/la-botte-di-gianni-back.jpg\",\"contentUrl\":\"https:\/\/www.masciarelli.it\/wp-content\/uploads\/2019\/04\/la-botte-di-gianni-back.jpg\",\"width\":1200,\"height\":609,\"caption\":\"Questa \u00e8 una storia particolare. Qualche anno fa Marina Cvetic Masciarelli, trova in cantina due tonneaux di rovere francese da 700 litri, che erano stati acquistati da Gianni Masciarelli nella sua costante ricerca di un nuovo progetto. Nella vendemmia del 2010, decide con tutta la squadra di vinificare e lasciar affinare per 30 mesi un bianco in una delle botti. Nasce il Trebbiano d\u2019Abruzzo Riserva \u201cLa Botte di Gianni\u201d.\"},{\"@type\":\"WebPage\",\"@id\":\"https:\/\/www.masciarelli.it\/vini\/la-botte-di-gianni\/#webpage\",\"url\":\"https:\/\/www.masciarelli.it\/vini\/la-botte-di-gianni\/\",\"name\":\"La Botte di Gianni la linea che pi\u00f9 di tutte esprime l\u2019artigianalit\u00e0 Masciarelli\",\"isPartOf\":{\"@id\":\"http:\/\/www.masciarelli.it\/ru\/#website\"},\"primaryImageOfPage\":{\"@id\":\"https:\/\/www.masciarelli.it\/vini\/la-botte-di-gianni\/#primaryimage\"},\"datePublished\":\"2019-04-02T21:55:19+00:00\",\"dateModified\":\"2021-05-11T19:51:00+00:00\",\"description\":\"Tempo fa Marina Cvetic, trova in cantina 2 tonneaux di rovere francese, che acquist\u00f2 Gianni nella sua costante ricerca di un nuovo progetto.\",\"breadcrumb\":{\"@id\":\"https:\/\/www.masciarelli.it\/vini\/la-botte-di-gianni\/#breadcrumb\"},\"inLanguage\":\"fr-FR\",\"potentialAction\":[{\"@type\":\"ReadAction\",\"target\":[\"https:\/\/www.masciarelli.it\/vini\/la-botte-di-gianni\/\"]}]},{\"@type\":\"BreadcrumbList\",\"@id\":\"https:\/\/www.masciarelli.it\/vini\/la-botte-di-gianni\/#breadcrumb\",\"itemListElement\":[{\"@type\":\"ListItem\",\"position\":1,\"name\":\"Home\",\"item\":\"https:\/\/www.masciarelli.it\/\"},{\"@type\":\"ListItem\",\"position\":2,\"name\":\"I VINI\",\"item\":\"https:\/\/www.masciarelli.it\/vini\/\"},{\"@type\":\"ListItem\",\"position\":3,\"name\":\"La Botte di Gianni\"}]}]}<\/script>\n<!-- \/ Yoast SEO plugin. -->","yoast_head_json":{"title":"La Botte di Gianni la linea che pi\u00f9 di tutte esprime l\u2019artigianalit\u00e0 Masciarelli","description":"Tempo fa Marina Cvetic, trova in cantina 2 tonneaux di rovere francese, che acquist\u00f2 Gianni nella sua costante ricerca di un nuovo progetto.","robots":{"index":"index","follow":"follow","max-snippet":"max-snippet:-1","max-image-preview":"max-image-preview:large","max-video-preview":"max-video-preview:-1"},"canonical":"https:\/\/www.masciarelli.it\/fr\/vini\/la-botte-di-gianni\/","og_locale":"fr_FR","og_type":"article","og_title":"La Botte di Gianni la linea che pi\u00f9 di tutte esprime l\u2019artigianalit\u00e0 Masciarelli","og_description":"Qualche anno fa Marina Cvetic Masciarelli, trova in cantina 2 tonneaux di rovere francese, che acquist\u00f2 Gianni nella sua costante ricerca di un nuovo progetto.","og_url":"https:\/\/www.masciarelli.it\/fr\/vini\/la-botte-di-gianni\/","og_site_name":"Masciarelli Tenute Agricole","article_publisher":"https:\/\/www.facebook.com\/MasciarelliTenuteAgricole\/","article_modified_time":"2021-05-11T19:51:00+00:00","og_image":[{"width":1200,"height":609,"url":"https:\/\/www.masciarelli.it\/wp-content\/uploads\/2019\/04\/la-botte-di-gianni-back.jpg","type":"image\/jpeg"}],"twitter_card":"summary_large_image","twitter_title":"La Botte di Gianni la linea che pi\u00f9 di tutte esprime l\u2019artigianalit\u00e0 Masciarelli","twitter_description":"Qualche anno fa Marina Cvetic Masciarelli, trova in cantina 2 tonneaux di rovere francese, che acquist\u00f2 Gianni nella sua costante ricerca di un nuovo progetto.","twitter_image":"https:\/\/www.masciarelli.it\/wp-content\/uploads\/2019\/04\/la-botte-di-gianni-back.jpg","twitter_site":"@masciarellivini","twitter_misc":{"Dur\u00e9e de lecture estim\u00e9e":"1 minute"},"schema":{"@context":"https:\/\/schema.org","@graph":[{"@type":"WebSite","@id":"http:\/\/www.masciarelli.it\/ru\/#website","url":"http:\/\/www.masciarelli.it\/ru\/","name":"Masciarelli Tenute Agricole","description":"Il profumo della mia terra, il sapore del mio vino","potentialAction":[{"@type":"SearchAction","target":{"@type":"EntryPoint","urlTemplate":"http:\/\/www.masciarelli.it\/ru\/?s={search_term_string}"},"query-input":"required name=search_term_string"}],"inLanguage":"fr-FR"},{"@type":"ImageObject","@id":"https:\/\/www.masciarelli.it\/vini\/la-botte-di-gianni\/#primaryimage","inLanguage":"fr-FR","url":"https:\/\/www.masciarelli.it\/wp-content\/uploads\/2019\/04\/la-botte-di-gianni-back.jpg","contentUrl":"https:\/\/www.masciarelli.it\/wp-content\/uploads\/2019\/04\/la-botte-di-gianni-back.jpg","width":1200,"height":609,"caption":"Questa \u00e8 una storia particolare. Qualche anno fa Marina Cvetic Masciarelli, trova in cantina due tonneaux di rovere francese da 700 litri, che erano stati acquistati da Gianni Masciarelli nella sua costante ricerca di un nuovo progetto. Nella vendemmia del 2010, decide con tutta la squadra di vinificare e lasciar affinare per 30 mesi un bianco in una delle botti. Nasce il Trebbiano d\u2019Abruzzo Riserva \u201cLa Botte di Gianni\u201d."},{"@type":"WebPage","@id":"https:\/\/www.masciarelli.it\/vini\/la-botte-di-gianni\/#webpage","url":"https:\/\/www.masciarelli.it\/vini\/la-botte-di-gianni\/","name":"La Botte di Gianni la linea che pi\u00f9 di tutte esprime l\u2019artigianalit\u00e0 Masciarelli","isPartOf":{"@id":"http:\/\/www.masciarelli.it\/ru\/#website"},"primaryImageOfPage":{"@id":"https:\/\/www.masciarelli.it\/vini\/la-botte-di-gianni\/#primaryimage"},"datePublished":"2019-04-02T21:55:19+00:00","dateModified":"2021-05-11T19:51:00+00:00","description":"Tempo fa Marina Cvetic, trova in cantina 2 tonneaux di rovere francese, che acquist\u00f2 Gianni nella sua costante ricerca di un nuovo progetto.","breadcrumb":{"@id":"https:\/\/www.masciarelli.it\/vini\/la-botte-di-gianni\/#breadcrumb"},"inLanguage":"fr-FR","potentialAction":[{"@type":"ReadAction","target":["https:\/\/www.masciarelli.it\/vini\/la-botte-di-gianni\/"]}]},{"@type":"BreadcrumbList","@id":"https:\/\/www.masciarelli.it\/vini\/la-botte-di-gianni\/#breadcrumb","itemListElement":[{"@type":"ListItem","position":1,"name":"Home","item":"https:\/\/www.masciarelli.it\/"},{"@type":"ListItem","position":2,"name":"I VINI","item":"https:\/\/www.masciarelli.it\/vini\/"},{"@type":"ListItem","position":3,"name":"La Botte di Gianni"}]}]}},"_links":{"self":[{"href":"https:\/\/www.masciarelli.it\/fr\/wp-json\/wp\/v2\/pages\/770"}],"collection":[{"href":"https:\/\/www.masciarelli.it\/fr\/wp-json\/wp\/v2\/pages"}],"about":[{"href":"https:\/\/www.masciarelli.it\/fr\/wp-json\/wp\/v2\/types\/page"}],"author":[{"embeddable":true,"href":"https:\/\/www.masciarelli.it\/fr\/wp-json\/wp\/v2\/users\/2"}],"replies":[{"embeddable":true,"href":"https:\/\/www.masciarelli.it\/fr\/wp-json\/wp\/v2\/comments?post=770"}],"version-history":[{"count":0,"href":"https:\/\/www.masciarelli.it\/fr\/wp-json\/wp\/v2\/pages\/770\/revisions"}],"up":[{"embeddable":true,"href":"https:\/\/www.masciarelli.it\/fr\/wp-json\/wp\/v2\/pages\/25"}],"wp:featuredmedia":[{"embeddable":true,"href":"https:\/\/www.masciarelli.it\/fr\/wp-json\/wp\/v2\/media\/1429"}],"wp:attachment":[{"href":"https:\/\/www.masciarelli.it\/fr\/wp-json\/wp\/v2\/media?parent=770"}],"curies":[{"name":"wp","href":"https:\/\/api.w.org\/{rel}","templated":true}]}}