



{"id":3,"date":"2019-03-09T05:54:26","date_gmt":"2019-03-09T04:54:26","guid":{"rendered":"https:\/\/www.masciarelli.it\/?page_id=3"},"modified":"2021-06-18T01:08:40","modified_gmt":"2021-06-17T23:08:40","slug":"privacy-policy","status":"publish","type":"page","link":"https:\/\/www.masciarelli.it\/ja\/privacy-policy\/","title":{"rendered":"Privacy Policy"},"content":{"rendered":"<div id=\"fws_69d5a7d084352\"  data-midnight=\"dark\"  data-bg-mobile-hidden=\"\" class=\"wpb_row vc_row-fluid vc_row top-level standard_section\"  style=\"padding-top: 0px; padding-bottom: 0px; \"><div class=\"row-bg-wrap\" data-bg-animation=\"none\"><div class=\"inner-wrap\"><div class=\"row-bg\"  style=\"\"><\/div><\/div><div class=\"row-bg-overlay\" ><\/div><\/div><div class=\"col span_12 dark left\">\n\t<div  class=\"vc_col-sm-2 wpb_column column_container vc_column_container col no-extra-padding\"  data-t-w-inherits=\"default\" data-border-radius=\"none\" data-shadow=\"none\" data-border-animation=\"\" data-border-animation-delay=\"\" data-border-width=\"none\" data-border-style=\"solid\" data-border-color=\"\" data-bg-cover=\"\" data-padding-pos=\"all\" data-has-bg-color=\"false\" data-bg-color=\"\" data-bg-opacity=\"1\" data-hover-bg=\"\" data-hover-bg-opacity=\"1\" data-animation=\"\" data-delay=\"0\"><div class=\"column-bg-overlay\"><\/div>\n\t\t<div class=\"vc_column-inner\">\n\t\t\t<div class=\"wpb_wrapper\">\n\t\t\t\t\n\t\t\t<\/div> \n\t\t<\/div>\n\t<\/div> \n\n\t<div  class=\"vc_col-sm-8 wpb_column column_container vc_column_container col no-extra-padding\"  data-t-w-inherits=\"default\" data-border-radius=\"none\" data-shadow=\"none\" data-border-animation=\"\" data-border-animation-delay=\"\" data-border-width=\"none\" data-border-style=\"solid\" data-border-color=\"\" data-bg-cover=\"\" data-padding-pos=\"all\" data-has-bg-color=\"false\" data-bg-color=\"\" data-bg-opacity=\"1\" data-hover-bg=\"\" data-hover-bg-opacity=\"1\" data-animation=\"\" data-delay=\"0\"><div class=\"column-bg-overlay\"><\/div>\n\t\t<div class=\"vc_column-inner\">\n\t\t\t<div class=\"wpb_wrapper\">\n\t\t\t\t<h1 style=\"font-size: 40px;line-height: 40px;text-align: left\" class=\"vc_custom_heading\" >Privacy Policy<\/h1><div class=\"divider-wrap\" data-alignment=\"default\"><div style=\"height: 30px;\" class=\"divider\"><\/div><\/div>\n\t<div class=\"wpb_text_column wpb_content_element  text-justify\" >\n\t\t<div class=\"wpb_wrapper\">\n\t\t\t<p><strong>INFORMATIVA<\/strong><\/p>\n<p><strong>IN MATERIA DI PROTEZIONE DEI DATI PERSONALI<\/strong><\/p>\n<p><strong>AI SENSI DELL\u2019ART. 12 e ss. REGOLAMENTO UE 679\/2016<\/strong><\/p>\n<p>La ns. Societ\u00e0 \u00e8 da sempre molto attenta agli aspetti della protezione dei dati personali e al rispetto dei principi della riservatezza e delle dignit\u00e0 delle persone.<\/p>\n<p>Ai sensi del nuovo Regolamento UE 679\/2016, in ossequio al principio di responsabilizzazione qualsiasi trattamento di dati personali deve essere lecito e corretto. Deve essere trasparente per le persone fisiche la modalit\u00e0 con cui \u00e8 raccolto, consultato o altrimenti trattato il dato personale che lo riguarda, nonch\u00e9 la misura in cui lo stesso dato \u00e8 o sar\u00e0 trattato.<\/p>\n<p>Il principio di trasparenza impone che le informazioni e comunicazioni relative al trattamento di tali dati siano facilmente accessibili e comprensibili e che sia utilizzato un linguaggio semplice e chiaro.<\/p>\n<p>Tale principio riguarda, in particolare, l\u2019informazione degli interessati sull\u2019identit\u00e0 del Titolare del trattamento e sulle finalit\u00e0 del trattamento e ulteriori informazioni (cfr. artt. 13 e 14 del Regolamento UE 679\/2016) per assicurare un trattamento corretto e trasparente con riguardo alle persone fisiche interessate e ai loro diritti di ottenere conferma e comunicazione di un trattamento di dati personali che lo riguardano (sul punto si veda Considerando 39, Regolamento UE 679\/2016).<\/p>\n<p>In tale ottica La preghiamo di prendere visione della seguente informativa.<\/p>\n<p>La societ\u00e0 Masciarelli Tenute Agricole S.r.l., nella sua qualit\u00e0 di Titolare del trattamento dei dati, in persona del legale rappresentante pro-tempore, ai sensi e per gli effetti del Regolamento UE 2016\/679, con la presente informa l\u2019interessato che i dati personali assunti che lo riguardano, acquisiti dal Titolare o che verranno richiesti in seguito e\/o comunicati da terze parti, sono necessari e saranno utilizzati per le finalit\u00e0 di seguito indicate.<\/p>\n<p><strong>FINALIT\u00c0 E LICEIT\u00c0 DEL TRATTAMENTO<\/strong><\/p>\n<p>Ai sensi Regolamento UE 679\/2016, i dati personali:<\/p>\n<p>Sono trattati in modo lecito, corretto e trasparente nei confronti dell\u2019interessato (art. 5);<\/p>\n<p>Gli stessi sono raccolti per finalit\u00e0 determinate, esplicite e legittime, e successivamente trattati in modo che non sia incompatibile con tali finalit\u00e0 (art. 5);<\/p>\n<p>Le finalit\u00e0 per le quali i dati vengono raccolti sono le seguenti:<\/p>\n<ul>\n<li>Perseguimento di finalit\u00e0 strumentali e\/o complementari alle attivit\u00e0 contrattuali e\/o pre-contrattuali;<\/li>\n<li>Tenuta della contabilit\u00e0 generale, fatturazioni, gestione dei crediti, obblighi civilistici e fiscali previsti dalla legge e per l\u2019aggiornamento degli archivi;<\/li>\n<li>Rilevazione del grado di soddisfazione dell\u2019interessato sulla qualit\u00e0 del prodotto e dei servizi resi dalla scrivente, compresa l\u2019analisi statistica;<\/li>\n<li>I dati sono trattati per l\u2019invio di comunicazioni di servizio, per la gestione delle richieste di chiarimento, delle segnalazioni e la gestione dei reclami in relazione al rapporto contrattuale instaurato, nonch\u00e9 per il suo espletamento.<\/li>\n<li>I dati personali potranno essere utilizzati per inviare comunicazioni ai Clienti circa nuovi prodotti o ns. nuovi servizi, eventi o promozioni di prodotti simili o analoghi<\/li>\n<\/ul>\n<p>Per tali finalit\u00e0 il conferimento dei dati personali \u00e8 obbligatorio e potranno essere utilizzati senza il consenso dell&#8217;interessato.<\/p>\n<p><strong>MODALIT\u00c0 DEL TRATTAMENTO E OBBLIGO DI RISERVATEZZA<\/strong><\/p>\n<p>Il trattamento dei dati \u00e8 eseguito attraverso strumenti informatici e\/o supporti cartacei, ad opera di soggetti impegnati alla riservatezza, con logiche correlate alle finalit\u00e0 e comunque in modo da garantirne la sicurezza e la riservatezza dei dati. I dati raccolti non saranno oggetto di divulgazione e di diffusione a terzi ai sensi di legge.<\/p>\n<p><strong>COMUNICAZIONE A TERZI<\/strong><\/p>\n<p>I suoi dati personali potranno essere comunicati a soggetti terzi a noi conosciuti solo ed esclusivamente per le finalit\u00e0 suddette e, in special modo, alle seguenti categorie di soggetti:<\/p>\n<p>&#8211; Societ\u00e0 esterne che svolgono servizi per nostro conto;<\/p>\n<p>&#8211; Enti e Pubbliche amministrazioni per adempimenti di legge;<\/p>\n<p>&#8211; Professionisti che possono essere di supporto negli adempimenti di legge.<\/p>\n<p>Tali soggetti tratteranno i dati personali in qualit\u00e0 di Responsabili esterni.<\/p>\n<p><strong>TEMPI DI CONSERVAZIONE<\/strong><\/p>\n<p>Ai sensi dell\u2019art. 5 del Regolamento UE 679\/2016, <em>\u201cPrincipi applicabili al trattamento dei dati personali\u201d<\/em>, i dati personali sono conservati in una forma che consenta l\u2019identificazione degli interessati per un arco di tempo non superiore al conseguimento delle finalit\u00e0 per le quali sono trattati.<\/p>\n<p>I dati personali degli interessati possono anche essere conservati per periodi pi\u00f9 lunghi in ottemperanza agli adempimenti relativi alle normative di legge vigenti (a titolo esemplificativo in materia di contabilit\u00e0 ed obblighi di legge).<\/p>\n<p><strong>DIRITTI DELL\u2019INTERESSATO<\/strong><\/p>\n<p>Ai sensi nella normativa vigente, l\u2019interessato potr\u00e0 far valere i propri diritti verso il Titolare del trattamento, come espressi dal Regolamento UE 679\/2016, ossia:<\/p>\n<p><strong>DIRITTO DI ACCESSO<\/strong><\/p>\n<p><strong>art. 15<\/strong><\/p>\n<p>L&#8217;interessato ha il diritto di ottenere dal titolare del trattamento la conferma che sia o meno in corso un trattamento di dati personali che lo riguardano e in tal caso, di ottenere l&#8217;accesso ai dati personali e alle seguenti informazioni:<\/p>\n<ol>\n<li>a) le finalit\u00e0 del trattamento;<\/li>\n<li>b) le categorie di dati personali in questione;<\/li>\n<li>c) i destinatari o le categorie di destinatari a cui i dati personali sono stati o saranno comunicati, in particolare se destinatari di paesi terzi o organizzazioni internazionali;<\/li>\n<li>d) quando possibile, il periodo di conservazione dei dati personali previsto oppure, se non \u00e8 possibile, i criteri utilizzati per determinare tale periodo;<\/li>\n<li>e) l\u2019esistenza del diritto dell&#8217;interessato di chiedere al titolare del trattamento la rettifica o la cancellazione dei dati personali o la limitazione del trattamento dei dati personali che lo riguardano o di opporsi al loro trattamento;<\/li>\n<li>f) il diritto di proporre reclamo a un&#8217;autorit\u00e0 di controllo;<\/li>\n<li>g) qualora i dati non siano raccolti presso l&#8217;interessato, tutte le informazioni disponibili sulla loro origine;<\/li>\n<li>h) l&#8217;esistenza di un processo decisionale automatizzato, compresa la profilazione di cui all&#8217;articolo 22, paragrafi 1 e 4, e, almeno in tali casi, informazioni significative sulla logica utilizzata, nonch\u00e9 l&#8217;importanza e le conseguenze previste ditale trattamento per l&#8217;interessato.<\/li>\n<li>Qualora i dati personali siano trasferiti a un paese terzo o a un&#8217;organizzazione internazionale, l&#8217;interessato ha il diritto di essere informato dell&#8217;esistenza di garanzie adeguate ai sensi dell&#8217;articolo 46 relative al trasferimento.<\/li>\n<li>Il titolare del trattamento fornisce una copia dei dati personali oggetto di trattamento. In caso di ulteriori copie richieste dall&#8217;interessato, il titolare del trattamento pu\u00f2 addebitare un contributo spese ragionevole basato sui costi amministrativi. Se l&#8217;interessato presenta la richiesta mediante mezzi elettronici, e salvo indicazione diversa dell&#8217;interessato, le informazioni sono fornite in un formato elettronico di uso comune.<\/li>\n<\/ol>\n<p>Il diritto di ottenere una copia non deve ledere i diritti e le libert\u00e0 altrui.<\/p>\n<p><strong>DIRITTO DI RETTIFICA<\/strong><\/p>\n<p><strong>art. 16<\/strong><\/p>\n<p>L\u2019interessato ha il diritto di ottenere dal titolare del trattamento la rettifica dei dati personali inesatti che lo riguardano senza ingiustificato ritardo. Tenuto conto delle finalit\u00e0 del trattamento, l\u2019interessato ha il diritto di ottenere l\u2019integrazione dei dati personali incompleti, anche fornendo una dichiarazione integrativa.<\/p>\n<p><strong>DIRITTO ALLA CANCELLAZIONE<\/strong><\/p>\n<p><strong>art. 17<\/strong><\/p>\n<ol>\n<li>L\u2019interessato ha il diritto di ottenere dal titolare del trattamento la cancellazione dei dati personali che lo riguardano senza ingiustificato ritardo e il titolare del trattamento ha l\u2019obbligo di cancellare senza ingiustificato ritardo i dati personali, se sussiste uno dei motivi seguenti:<\/li>\n<li>a) i dati personali non sono pi\u00f9 necessari rispetto alle finalit\u00e0 per le quali sono stati raccolti o altrimenti trattati;<\/li>\n<li>b) l\u2019interessato revoca il consenso su cui si basa il trattamento conformemente all\u2019articolo 6, paragrafo 1, lettera a), o all\u2019articolo 9, paragrafo 2, lettera a), e se non sussiste altro fondamento giuridico per il trattamento;<\/li>\n<li>c) l\u2019interessato si oppone al trattamento ai sensi dell\u2019articolo 21, paragrafo 1, e non sussiste alcun motivo legittimo prevalente per procedere al trattamento, oppure si oppone al trattamento ai sensi dell\u2019articolo 21, paragrafo 2;<\/li>\n<li>d) i dati personali sono stati trattati illecitamente;<\/li>\n<li>e) i dati personali devono essere cancellati per adempiere un obbligo legale previsto dal diritto dell\u2019Unione o dello Stato membro cui \u00e8 soggetto il titolare del trattamento;<\/li>\n<li>f) i dati personali sono stati raccolti relativamente all\u2019offerta di servizi della societ\u00e0 dell\u2019informazione di cui all\u2019articolo 8, paragrafo 1.<\/li>\n<li>Il titolare del trattamento, se ha reso pubblici dati personali ed \u00e8 obbligato, ai sensi del paragrafo 1, a cancellarli, tenendo conto della tecnologia disponibile e dei costi di attuazione adotta le misure ragionevoli, anche tecniche, per informare i titolari del trattamento che stanno trattando i dati personali della richiesta dell\u2019interessato di cancellare qualsiasi link, copia o riproduzione dei suoi dati personali.<\/li>\n<li>I paragrafi 1 e 2 non si applicano nella misura in cui il trattamento sia necessario:<\/li>\n<li>a) per l\u2019esercizio del diritto alla libert\u00e0 di espressione e di informazione;<\/li>\n<li>b) per l\u2019adempimento di un obbligo legale che richieda il trattamento previsto dal diritto dell\u2019Unione o dello Stato membro cui \u00e8 soggetto il titolare del trattamento o per l\u2019esecuzione di un compito svolto nel pubblico interesse oppure nell\u2019esercizio di pubblici poteri di cui \u00e8 investito il titolare del trattamento;<\/li>\n<li>c) per motivi di interesse pubblico nel settore della sanit\u00e0 pubblica in conformit\u00e0 dell\u2019articolo 9, paragrafo 2, lettere h) e i), e dell\u2019articolo 9, paragrafo 3;<\/li>\n<li>d) a fini di archiviazione nel pubblico interesse, di ricerca scientifica o storica o a fini statistici conformemente all\u2019articolo 89, paragrafo 1, nella misura in cui il diritto di cui al paragrafo 1 rischi di rendere impossibile o di pregiudicare gravemente il conseguimento degli obiettivi di tale trattamento; o<\/li>\n<li>e) per l\u2019accertamento, l\u2019esercizio o la difesa di un diritto in sede giudiziaria.<\/li>\n<\/ol>\n<p><strong>DIRITTO DI LIMITAZIONE DEL TRATTAMENTO<\/strong><\/p>\n<p><strong>art. 18<\/strong><\/p>\n<ol>\n<li>L\u2019interessato ha il diritto di ottenere dal titolare del trattamento la limitazione del trattamento quando ricorre una delle seguenti ipotesi:<\/li>\n<li>a) l\u2019interessato contesta l\u2019esattezza dei dati personali, per il periodo necessario al titolare del trattamento per verificare l\u2019esattezza di tali dati personali;<\/li>\n<li>b) il trattamento \u00e8 illecito e l\u2019interessato si oppone alla cancellazione dei dati personali e chiede invece che ne sia limitato l\u2019utilizzo;<\/li>\n<li>c) bench\u00e9 il titolare del trattamento non ne abbia pi\u00f9 bisogno ai fini del trattamento, i dati personali sono necessari all\u2019interessato per l\u2019accertamento, l\u2019esercizio o la difesa di un diritto in sede giudiziaria;<\/li>\n<li>d) l\u2019interessato si \u00e8 opposto al trattamento ai sensi dell\u2019articolo 21, paragrafo 1, in attesa della verifica in merito all\u2019eventuale prevalenza dei motivi legittimi del titolare del trattamento rispetto a quelli dell\u2019interessato.<\/li>\n<li>Se il trattamento \u00e8 limitato a norma del paragrafo 1, tali dati personali sono trattati, salvo che per la conservazione, soltanto con il consenso dell\u2019interessato o per l\u2019accertamento, l\u2019esercizio o la difesa di un diritto in sede giudiziaria oppure per tutelare i diritti di un\u2019altra persona fisica o giuridica o per motivi di interesse pubblico rilevante dell\u2019Unione o di uno Stato membro.<\/li>\n<li>L\u2019interessato che ha ottenuto la limitazione del trattamento a norma del paragrafo 1 \u00e8 informato dal titolare del trattamento prima che detta limitazione sia revocata.<\/li>\n<\/ol>\n<p><strong>DIRITTO ALLA PORTABILIT\u00c0 DEL DATO<\/strong><\/p>\n<p><strong>art. 20<\/strong><\/p>\n<ol>\n<li>L\u2019interessato ha il diritto di ricevere in un formato strutturato, di uso comune e leggibile da dispositivo automatico i dati personali che lo riguardano forniti a un titolare del trattamento e ha il diritto di trasmettere tali dati a un altro titolare del trattamento senza impedimenti da parte del titolare del trattamento cui li ha forniti qualora:<\/li>\n<li>a) il trattamento si basi sul consenso ai sensi dell\u2019articolo 6, paragrafo 1, lettera a), o dell\u2019articolo 9, paragrafo 2, lettera a), o su un contratto ai sensi dell\u2019articolo 6, paragrafo 1, lettera b); e<\/li>\n<li>b) il trattamento sia effettuato con mezzi automatizzati.<\/li>\n<li>Nell\u2019esercitare i propri diritti relativamente alla portabilit\u00e0 dei dati a norma del paragrafo 1, l\u2019interessato ha il diritto di ottenere la trasmissione diretta dei dati personali da un titolare del trattamento all\u2019altro, se tecnicamente fattibile.<\/li>\n<li>L\u2019esercizio del diritto di cui al paragrafo 1 del presente articolo lascia impregiudicato l\u2019articolo 17. Tale diritto non si applica al trattamento necessario per l\u2019esecuzione di un compito di interesse pubblico o connesso all\u2019esercizio di pubblici poteri di cui \u00e8 investito il titolare del trattamento.<\/li>\n<li>Il diritto di cui al paragrafo 1 non deve ledere i diritti e le libert\u00e0 altrui.<\/li>\n<\/ol>\n<p><strong>DIRITTO ALL\u2019OPPOSIZIONE AL TRATTAMENTO<\/strong><\/p>\n<p><strong>art. 21<\/strong><\/p>\n<ol>\n<li>L\u2019interessato ha il diritto di opporsi in qualsiasi momento, per motivi connessi alla sua situazione particolare, al trattamento dei dati personali che lo riguardano ai sensi dell\u2019articolo 6, paragrafo 1, lettere e) o f), compresa la profilazione sulla base di tali disposizioni. Il titolare del trattamento si astiene dal trattare ulteriormente i dati personali salvo che egli dimostri l\u2019esistenza di motivi legittimi cogenti per procedere al trattamento che prevalgono sugli interessi, sui diritti e sulle libert\u00e0 dell\u2019interessato oppure per l\u2019accertamento, l\u2019esercizio o la difesa di un diritto in sede giudiziaria.<\/li>\n<li>Qualora i dati personali siano trattati per finalit\u00e0 di marketing diretto, l\u2019interessato ha il diritto di opporsi in qualsiasi momento al trattamento dei dati personali che lo riguardano effettuato per tali finalit\u00e0, compresa la profilazione nella misura in cui sia connessa a tale marketing diretto.<\/li>\n<li>Qualora l\u2019interessato si opponga al trattamento per finalit\u00e0 di marketing diretto, i dati personali non sono pi\u00f9 oggetto di trattamento per tali finalit\u00e0.<\/li>\n<li>Il diritto di cui ai paragrafi 1 e 2 \u00e8 esplicitamente portato all\u2019attenzione dell\u2019interessato ed \u00e8 presentato chiaramente e separatamente da qualsiasi altra informazione al pi\u00f9 tardi al momento della prima comunicazione con l\u2019interessato.<\/li>\n<li>Nel contesto dell\u2019utilizzo di servizi della societ\u00e0 dell\u2019informazione e fatta salva la direttiva 2002\/58\/CE, l\u2019interessato pu\u00f2 esercitare il proprio diritto di opposizione con mezzi automatizzati che utilizzano specifiche tecniche.<\/li>\n<li>Qualora i dati personali siano trattati a fini di ricerca scientifica o storica o a fini statistici a norma dell\u2019articolo 89, paragrafo 1, l\u2019interessato, per motivi connessi alla sua situazione particolare, ha il diritto di opporsi al trattamento di dati personali che lo riguarda, salvo se il trattamento \u00e8 necessario per l\u2019esecuzione di un compito di interesse pubblico.<\/li>\n<\/ol>\n<p>Oltre ai diritti suddetti, l\u2019interessato ha diritto a revocare il consenso dietro opportuna richiesta, nonch\u00e9 a proporre reclamo all\u2019Autorit\u00e0 di controllo nell\u2019ipotesi di legge.<\/p>\n<p>Per ulteriori informazioni in relazione alle modalit\u00e0 di esercizio di detti diritti, si prega di prendere visione della procedura dei diritti dell\u2019interessato al <em><strong><u><a href=\"https:\/\/www.masciarelli.it\/ja\/privacy-policy\/procedura-e-modulo-diritti-interessato\/\">link<\/a><\/u><\/strong><\/em>.<\/p>\n<p><strong>TITOLARE E COMUNICAZIONI PRIVACY<\/strong><\/p>\n<p>Il Titolare \u00e8 Masciarelli Tenute Agricole S.r.l.<\/p>\n<p>Per ogni comunicazione ai sensi degli articoli sopra riportati del Regolamento UE 679\/2016, il Titolare mette a disposizione l\u2019indirizzo privacy@masciarelli.it<\/p>\n<p>&nbsp;<\/p>\n\n\t\t<\/div>\n\t<\/div>\n\n\t\t\t<\/div> \n\t\t<\/div>\n\t<\/div> \n\n\t<div  class=\"vc_col-sm-2 wpb_column column_container vc_column_container col no-extra-padding\"  data-t-w-inherits=\"default\" data-border-radius=\"none\" data-shadow=\"none\" data-border-animation=\"\" data-border-animation-delay=\"\" data-border-width=\"none\" data-border-style=\"solid\" data-border-color=\"\" data-bg-cover=\"\" data-padding-pos=\"all\" data-has-bg-color=\"false\" data-bg-color=\"\" data-bg-opacity=\"1\" data-hover-bg=\"\" data-hover-bg-opacity=\"1\" data-animation=\"\" data-delay=\"0\"><div class=\"column-bg-overlay\"><\/div>\n\t\t<div class=\"vc_column-inner\">\n\t\t\t<div class=\"wpb_wrapper\">\n\t\t\t\t\n\t\t\t<\/div> \n\t\t<\/div>\n\t<\/div> \n<\/div><\/div>","protected":false},"excerpt":{"rendered":"Privacy Policy INFORMATIVA IN MATERIA DI PROTEZIONE DEI DATI PERSONALI AI SENSI DELL\u2019ART. 12 e ss. REGOLAMENTO UE 679\/2016 La ns. Societ\u00e0 \u00e8 da sempre molto attenta agli aspetti della...","protected":false},"author":1,"featured_media":0,"parent":0,"menu_order":0,"comment_status":"closed","ping_status":"closed","template":"","meta":[],"acf":[],"yoast_head":"<!-- This site is optimized with the Yoast SEO plugin v18.4.1 - https:\/\/yoast.com\/wordpress\/plugins\/seo\/ -->\n<title>Privacy Policy - Masciarelli Tenute Agricole<\/title>\n<meta name=\"robots\" content=\"index, follow, max-snippet:-1, max-image-preview:large, max-video-preview:-1\" \/>\n<link rel=\"canonical\" href=\"https:\/\/www.masciarelli.it\/ja\/privacy-policy\/\" \/>\n<meta property=\"og:locale\" content=\"ja_JP\" \/>\n<meta property=\"og:type\" content=\"article\" \/>\n<meta property=\"og:title\" content=\"Privacy Policy - Masciarelli Tenute Agricole\" \/>\n<meta property=\"og:url\" content=\"https:\/\/www.masciarelli.it\/ja\/privacy-policy\/\" \/>\n<meta property=\"og:site_name\" content=\"Masciarelli Tenute Agricole\" \/>\n<meta property=\"article:publisher\" content=\"https:\/\/www.facebook.com\/MasciarelliTenuteAgricole\/\" \/>\n<meta property=\"article:modified_time\" content=\"2021-06-17T23:08:40+00:00\" \/>\n<meta property=\"og:image\" content=\"https:\/\/www.masciarelli.it\/wp-content\/uploads\/2019\/03\/masciarelli-logo-home@2x.png\" \/>\n\t<meta property=\"og:image:width\" content=\"426\" \/>\n\t<meta property=\"og:image:height\" content=\"329\" \/>\n\t<meta property=\"og:image:type\" content=\"image\/png\" \/>\n<meta name=\"twitter:card\" content=\"summary_large_image\" \/>\n<meta name=\"twitter:site\" content=\"@masciarellivini\" \/>\n<meta name=\"twitter:label1\" content=\"\u63a8\u5b9a\u8aad\u307f\u53d6\u308a\u6642\u9593\" \/>\n\t<meta name=\"twitter:data1\" content=\"13\u5206\" \/>\n<script type=\"application\/ld+json\" class=\"yoast-schema-graph\">{\"@context\":\"https:\/\/schema.org\",\"@graph\":[{\"@type\":\"WebSite\",\"@id\":\"http:\/\/www.masciarelli.it\/ru\/#website\",\"url\":\"http:\/\/www.masciarelli.it\/ru\/\",\"name\":\"Masciarelli Tenute Agricole\",\"description\":\"Il profumo della mia terra, il sapore del mio vino\",\"potentialAction\":[{\"@type\":\"SearchAction\",\"target\":{\"@type\":\"EntryPoint\",\"urlTemplate\":\"http:\/\/www.masciarelli.it\/ru\/?s={search_term_string}\"},\"query-input\":\"required name=search_term_string\"}],\"inLanguage\":\"ja\"},{\"@type\":\"WebPage\",\"@id\":\"https:\/\/www.masciarelli.it\/privacy-policy\/#webpage\",\"url\":\"https:\/\/www.masciarelli.it\/privacy-policy\/\",\"name\":\"Privacy Policy - Masciarelli Tenute Agricole\",\"isPartOf\":{\"@id\":\"http:\/\/www.masciarelli.it\/ru\/#website\"},\"datePublished\":\"2019-03-09T04:54:26+00:00\",\"dateModified\":\"2021-06-17T23:08:40+00:00\",\"breadcrumb\":{\"@id\":\"https:\/\/www.masciarelli.it\/privacy-policy\/#breadcrumb\"},\"inLanguage\":\"ja\",\"potentialAction\":[{\"@type\":\"ReadAction\",\"target\":[\"https:\/\/www.masciarelli.it\/privacy-policy\/\"]}]},{\"@type\":\"BreadcrumbList\",\"@id\":\"https:\/\/www.masciarelli.it\/privacy-policy\/#breadcrumb\",\"itemListElement\":[{\"@type\":\"ListItem\",\"position\":1,\"name\":\"Home\",\"item\":\"https:\/\/www.masciarelli.it\/\"},{\"@type\":\"ListItem\",\"position\":2,\"name\":\"Privacy Policy\"}]}]}<\/script>\n<!-- \/ Yoast SEO plugin. -->","yoast_head_json":{"title":"Privacy Policy - Masciarelli Tenute Agricole","robots":{"index":"index","follow":"follow","max-snippet":"max-snippet:-1","max-image-preview":"max-image-preview:large","max-video-preview":"max-video-preview:-1"},"canonical":"https:\/\/www.masciarelli.it\/ja\/privacy-policy\/","og_locale":"ja_JP","og_type":"article","og_title":"Privacy Policy - Masciarelli Tenute Agricole","og_url":"https:\/\/www.masciarelli.it\/ja\/privacy-policy\/","og_site_name":"Masciarelli Tenute Agricole","article_publisher":"https:\/\/www.facebook.com\/MasciarelliTenuteAgricole\/","article_modified_time":"2021-06-17T23:08:40+00:00","og_image":[{"width":426,"height":329,"url":"https:\/\/www.masciarelli.it\/wp-content\/uploads\/2019\/03\/masciarelli-logo-home@2x.png","type":"image\/png"}],"twitter_card":"summary_large_image","twitter_site":"@masciarellivini","twitter_misc":{"\u63a8\u5b9a\u8aad\u307f\u53d6\u308a\u6642\u9593":"13\u5206"},"schema":{"@context":"https:\/\/schema.org","@graph":[{"@type":"WebSite","@id":"http:\/\/www.masciarelli.it\/ru\/#website","url":"http:\/\/www.masciarelli.it\/ru\/","name":"Masciarelli Tenute Agricole","description":"Il profumo della mia terra, il sapore del mio vino","potentialAction":[{"@type":"SearchAction","target":{"@type":"EntryPoint","urlTemplate":"http:\/\/www.masciarelli.it\/ru\/?s={search_term_string}"},"query-input":"required name=search_term_string"}],"inLanguage":"ja"},{"@type":"WebPage","@id":"https:\/\/www.masciarelli.it\/privacy-policy\/#webpage","url":"https:\/\/www.masciarelli.it\/privacy-policy\/","name":"Privacy Policy - Masciarelli Tenute Agricole","isPartOf":{"@id":"http:\/\/www.masciarelli.it\/ru\/#website"},"datePublished":"2019-03-09T04:54:26+00:00","dateModified":"2021-06-17T23:08:40+00:00","breadcrumb":{"@id":"https:\/\/www.masciarelli.it\/privacy-policy\/#breadcrumb"},"inLanguage":"ja","potentialAction":[{"@type":"ReadAction","target":["https:\/\/www.masciarelli.it\/privacy-policy\/"]}]},{"@type":"BreadcrumbList","@id":"https:\/\/www.masciarelli.it\/privacy-policy\/#breadcrumb","itemListElement":[{"@type":"ListItem","position":1,"name":"Home","item":"https:\/\/www.masciarelli.it\/"},{"@type":"ListItem","position":2,"name":"Privacy Policy"}]}]}},"_links":{"self":[{"href":"https:\/\/www.masciarelli.it\/ja\/wp-json\/wp\/v2\/pages\/3"}],"collection":[{"href":"https:\/\/www.masciarelli.it\/ja\/wp-json\/wp\/v2\/pages"}],"about":[{"href":"https:\/\/www.masciarelli.it\/ja\/wp-json\/wp\/v2\/types\/page"}],"author":[{"embeddable":true,"href":"https:\/\/www.masciarelli.it\/ja\/wp-json\/wp\/v2\/users\/1"}],"replies":[{"embeddable":true,"href":"https:\/\/www.masciarelli.it\/ja\/wp-json\/wp\/v2\/comments?post=3"}],"version-history":[{"count":0,"href":"https:\/\/www.masciarelli.it\/ja\/wp-json\/wp\/v2\/pages\/3\/revisions"}],"wp:attachment":[{"href":"https:\/\/www.masciarelli.it\/ja\/wp-json\/wp\/v2\/media?parent=3"}],"curies":[{"name":"wp","href":"https:\/\/api.w.org\/{rel}","templated":true}]}}